{"id":17499,"date":"2026-02-11T21:55:44","date_gmt":"2026-02-11T21:55:44","guid":{"rendered":"https:\/\/www.fceia.unr.edu.ar\/estudiantil\/?page_id=17499"},"modified":"2026-03-01T17:36:33","modified_gmt":"2026-03-01T17:36:33","slug":"horarios-licenciaturas-y-profesorados-2do-cuatrimestre-2026","status":"publish","type":"page","link":"https:\/\/www.fceia.unr.edu.ar\/estudiantil\/?page_id=17499","title":{"rendered":"Horarios Licenciaturas y Profesorados &#8211; 2do cuatrimestre 2026"},"content":{"rendered":"<p><strong><a name=\"principio\"><\/a><\/strong><\/p>\n<ul>\n<li><a href=\"#lic_1_2\"><strong>Licenciaturas y Profesorados &#8211; 1er a\u00f1o &#8211; 2do cuatrimestre<\/strong><\/a><\/li>\n<li><a href=\"#lcc\"><strong>Licenciatura en Ciencias de la Computaci\u00f3n<\/strong><\/a><\/li>\n<li><a href=\"#lf\"><strong>Licenciatura en F\u00edsica &#8211; Profesorado en F\u00edsica &#8211; Licenciatura en Matem\u00e1tica<\/strong><\/a><\/li>\n<\/ul>\n<p><a name=\"lic_1_2\"><\/a><\/p>\n<h3>1er a\u00f1o &#8211; 2do cuatrimestre &#8211; 2026<\/h3>\n<table class=\"table1\" border=\"0\">\n<thead>\n<tr>\n<th><b>\u00a0<\/b><\/th>\n<th>Lunes<\/th>\n<th>Martes<\/th>\n<th>Mi\u00e9rcoles<\/th>\n<th>Jueves<\/th>\n<th>Viernes<\/th>\n<\/tr>\n<\/thead>\n<tbody>\n<tr>\n<th>12:45<\/th>\n<td class=\"mat_2\" rowspan=\"8\">\u00c1lgebra y<br \/>\nGeometr\u00eda<br \/>\nAnal\u00edtica II<br \/>\n<b>\u00a0<\/b><br \/>\nAula: 13 Pell.<\/td>\n<td class=\"mat_1\" rowspan=\"8\">\u00c1nalisis<br \/>\nMatem\u00e1tico II<br \/>\n<b>\u00a0<\/b><br \/>\nAula: 13 Pell.<\/td>\n<td class=\"mat_2\" rowspan=\"6\">\u00c1lgebra y<br \/>\nGeometr\u00eda<br \/>\nAnal\u00edtica II<br \/>\n<b>\u00a0<\/b><br \/>\nAula: 03 Pell.<br \/>\nTolomei, P.<br \/>\nLucarini, Y.<br \/>\nBorbiconi, M.<\/td>\n<td><b>\u00a0<\/b><\/td>\n<td class=\"mat_2\" rowspan=\"6\">\u00c1lgebra y<br \/>\nGeometr\u00eda<br \/>\nAnal\u00edtica II<br \/>\n<b>\u00a0<\/b><br \/>\nAula: 02 Pell.<\/td>\n<\/tr>\n<tr>\n<th><b>\u00a0<\/b><\/th>\n<td><b>\u00a0<\/b><\/td>\n<\/tr>\n<tr>\n<th><b>\u00a0<\/b><\/th>\n<td><b>\u00a0<\/b><\/td>\n<\/tr>\n<tr>\n<th><b>\u00a0<\/b><\/th>\n<td><b>\u00a0<\/b><\/td>\n<\/tr>\n<tr>\n<th><b>\u00a0<\/b><\/th>\n<td><b>\u00a0<\/b><\/td>\n<\/tr>\n<tr>\n<th>14:45<\/th>\n<td><b>\u00a0<\/b><\/td>\n<\/tr>\n<tr>\n<th><b>\u00a0<\/b><\/th>\n<td class=\"mat_1\" rowspan=\"8\">\u00c1nalisis<br \/>\nMatem\u00e1tico II<br \/>\n<b>\u00a0<\/b><br \/>\nAula: 03 Pell.<br \/>\nRecanzone, J.<br \/>\nP\u00edpolo, S.<\/td>\n<td><b>\u00a0<\/b><\/td>\n<td class=\"mat_1\" rowspan=\"6\">\u00c1nalisis<br \/>\nMatem\u00e1tico II<br \/>\n<b>\u00a0<\/b><br \/>\nAula: 02 Pell.<\/td>\n<\/tr>\n<tr>\n<th>\u00a015:45<\/th>\n<td><b>\u00a0<\/b><\/td>\n<\/tr>\n<tr>\n<th><b>\u00a0<\/b><\/th>\n<td><b>\u00a0<\/b><\/td>\n<td><b>\u00a0<\/b><\/td>\n<td><b>\u00a0<\/b><\/td>\n<\/tr>\n<tr>\n<th><b>\u00a0<\/b><\/th>\n<td><b>\u00a0<\/b><\/td>\n<td><b>\u00a0<\/b><\/td>\n<td><b>\u00a0<\/b><\/td>\n<\/tr>\n<tr>\n<th><b>\u00a0<\/b><\/th>\n<td><b>\u00a0<\/b><\/td>\n<td><b>\u00a0<\/b><\/td>\n<td><b>\u00a0<\/b><\/td>\n<\/tr>\n<tr>\n<th>\u00a016:45<\/th>\n<td><b>\u00a0<\/b><\/td>\n<td><b>\u00a0<\/b><\/td>\n<td><b>\u00a0<\/b><\/td>\n<\/tr>\n<tr>\n<th><b>\u00a0<\/b><\/th>\n<td><b>\u00a0<\/b><\/td>\n<td><b>\u00a0<\/b><\/td>\n<td><b>\u00a0<\/b><\/td>\n<td><b>\u00a0<\/b><\/td>\n<\/tr>\n<tr>\n<th>17:45<\/th>\n<td><b>\u00a0<\/b><\/td>\n<td><b>\u00a0<\/b><\/td>\n<td><b>\u00a0<\/b><\/td>\n<td><b>\u00a0<\/b><\/td>\n<\/tr>\n<\/tbody>\n<\/table>\n<p><a href=\"#principio\">Volver al principio<\/a><br \/>\n<a name=\"lcc\"><\/a><\/p>\n<h3>Licenciatura en Ciencias de la Computaci\u00f3n &#8211; 2do cuatrimestre<\/h3>\n<table class=\"table1\" border=\"0\">\n<thead>\n<tr>\n<th><b>\u00a0<\/b><\/th>\n<th>Lunes<\/th>\n<th>Martes<\/th>\n<th>Mi\u00e9rcoles<\/th>\n<th>Jueves<\/th>\n<th>Viernes<\/th>\n<\/tr>\n<\/thead>\n<tbody>\n<tr>\n<th>8:00<\/th>\n<td><\/td>\n<td class=\"mat_4\" style=\"vertical-align: middle;\" colspan=\"1\" rowspan=\"10\">Programaci\u00f3n II<br \/>\n<b>\u00a0<\/b><br \/>\nAula: Lab. TUIA<br \/>\nIMAE CUR<\/td>\n<td style=\"vertical-align: middle;\" colspan=\"1\" rowspan=\"1\"><\/td>\n<td class=\"mat_4\" colspan=\"1\" rowspan=\"10\">Programaci\u00f3n II<br \/>\n<b>\u00a0<\/b><br \/>\nAula: Lab. TUIA<br \/>\nIMAE CUR<\/td>\n<td class=\"\" style=\"vertical-align: middle;\" colspan=\"1\" rowspan=\"1\"><\/td>\n<\/tr>\n<tr>\n<th><\/th>\n<td><b>\u00a0<\/b><\/td>\n<td style=\"vertical-align: top;\" rowspan=\"1\"><\/td>\n<td style=\"vertical-align: top;\" rowspan=\"1\"><\/td>\n<\/tr>\n<tr>\n<th><b>\u00a0<\/b><\/th>\n<td><b>\u00a0<\/b><\/td>\n<td style=\"vertical-align: top;\" rowspan=\"1\"><\/td>\n<td style=\"vertical-align: top;\" rowspan=\"1\"><\/td>\n<\/tr>\n<tr>\n<th><b>\u00a0<\/b><\/th>\n<td><b>\u00a0<\/b><\/td>\n<td style=\"vertical-align: top;\" rowspan=\"1\"><\/td>\n<td style=\"vertical-align: top;\" rowspan=\"1\"><\/td>\n<\/tr>\n<tr>\n<th><b>\u00a0<\/b><\/th>\n<td><b>\u00a0<\/b><\/td>\n<td style=\"vertical-align: top;\" rowspan=\"1\"><\/td>\n<td style=\"vertical-align: top;\" rowspan=\"1\"><\/td>\n<\/tr>\n<tr>\n<th><b>\u00a0<\/b><\/th>\n<td><b>\u00a0<\/b><\/td>\n<td style=\"vertical-align: top;\" rowspan=\"1\"><\/td>\n<td style=\"vertical-align: top;\" rowspan=\"1\"><\/td>\n<\/tr>\n<tr>\n<th><\/th>\n<td><b>\u00a0<\/b><\/td>\n<td style=\"vertical-align: top;\" rowspan=\"1\"><\/td>\n<td style=\"vertical-align: top;\" rowspan=\"1\"><\/td>\n<\/tr>\n<tr>\n<th><b>\u00a0<\/b><\/th>\n<td><b>\u00a0<\/b><\/td>\n<td style=\"vertical-align: top;\" rowspan=\"1\"><\/td>\n<td style=\"vertical-align: top;\" rowspan=\"1\"><\/td>\n<\/tr>\n<tr>\n<th><b>\u00a0<\/b><\/th>\n<td><b>\u00a0<\/b><\/td>\n<td style=\"vertical-align: top;\" rowspan=\"1\"><\/td>\n<td style=\"vertical-align: top;\" rowspan=\"1\"><\/td>\n<\/tr>\n<tr>\n<th>12:00<\/th>\n<td><\/td>\n<td style=\"vertical-align: top;\"><\/td>\n<td style=\"vertical-align: top;\"><\/td>\n<\/tr>\n<\/tbody>\n<\/table>\n<p><a href=\"#principio\">Volver al principio<\/a><br \/>\n<a name=\"lf\"><\/a><\/p>\n<h3>Licenciatura en F\u00edsica \/ Licenciatura en Matem\u00e1tica \/ Profesorado en F\u00edsica &#8211; 2do cuatrimestre<\/h3>\n<table class=\"table1\" border=\"0\">\n<thead>\n<tr>\n<th><b>\u00a0<\/b><\/th>\n<th>Lunes<\/th>\n<th>Martes<\/th>\n<th>Mi\u00e9rcoles<\/th>\n<th>Jueves<\/th>\n<th>Viernes<\/th>\n<\/tr>\n<\/thead>\n<tbody>\n<tr>\n<th><b>9:00<\/b><\/th>\n<td><b>\u00a0<\/b><\/td>\n<td class=\"mat_10\" colspan=\"1\" rowspan=\"9\">F\u00edsica I<br \/>\n<b>\u00a0<\/b><br \/>\nAula: 01 ESC. MEC.<br \/>\nCUR<\/td>\n<td><b>\u00a0<\/b><\/td>\n<td class=\"mat_10\" colspan=\"1\" rowspan=\"9\">F\u00edsica I<br \/>\n<b>\u00a0<\/b><br \/>\nAula: 02 ESC. MEC.<br \/>\nCUR<\/td>\n<td><b>\u00a0<\/b><\/td>\n<\/tr>\n<tr>\n<th><b>\u00a0<\/b><\/th>\n<td><b>\u00a0<\/b><\/td>\n<td><b>\u00a0<\/b><\/td>\n<td><b>\u00a0<\/b><\/td>\n<\/tr>\n<tr>\n<th><b>\u00a0<\/b><\/th>\n<td><b>\u00a0<\/b><\/td>\n<td><b>\u00a0<\/b><\/td>\n<td><b>\u00a0<\/b><\/td>\n<\/tr>\n<tr>\n<th><b>\u00a0<\/b><\/th>\n<td><b>\u00a0<\/b><\/td>\n<td><b>\u00a0<\/b><\/td>\n<td><b>\u00a0<\/b><\/td>\n<\/tr>\n<tr>\n<th><b>\u00a0<\/b><\/th>\n<td><b>\u00a0<\/b><\/td>\n<td><b>\u00a0<\/b><\/td>\n<td><b>\u00a0<\/b><\/td>\n<\/tr>\n<tr>\n<th><b>\u00a0<\/b><\/th>\n<td><b>\u00a0<\/b><\/td>\n<td><b>\u00a0<\/b><\/td>\n<td><b>\u00a0<\/b><\/td>\n<\/tr>\n<tr>\n<th><b>\u00a0<\/b><\/th>\n<td><b>\u00a0<\/b><\/td>\n<td><b>\u00a0<\/b><\/td>\n<td><b>\u00a0<\/b><\/td>\n<\/tr>\n<tr>\n<th><b>\u00a0<\/b><\/th>\n<td><b>\u00a0<\/b><\/td>\n<td><b>\u00a0<\/b><\/td>\n<td><b>\u00a0<\/b><\/td>\n<\/tr>\n<tr>\n<th><b>12:30<\/b><\/th>\n<td><b>\u00a0<\/b><\/td>\n<td><b>\u00a0<\/b><\/td>\n<td><b>\u00a0<\/b><\/td>\n<\/tr>\n<\/tbody>\n<\/table>\n<p><a href=\"#principio\">Volver al principio<\/a><\/p>\n","protected":false},"excerpt":{"rendered":"<p>Licenciaturas y Profesorados &#8211; 1er a\u00f1o &#8211; 2do cuatrimestre Licenciatura en Ciencias de la Computaci\u00f3n Licenciatura en F\u00edsica &#8211; Profesorado en F\u00edsica <\/p>\n","protected":false},"author":123457,"featured_media":0,"parent":0,"menu_order":0,"comment_status":"closed","ping_status":"closed","template":"","meta":[],"_links":{"self":[{"href":"https:\/\/www.fceia.unr.edu.ar\/estudiantil\/index.php?rest_route=\/wp\/v2\/pages\/17499"}],"collection":[{"href":"https:\/\/www.fceia.unr.edu.ar\/estudiantil\/index.php?rest_route=\/wp\/v2\/pages"}],"about":[{"href":"https:\/\/www.fceia.unr.edu.ar\/estudiantil\/index.php?rest_route=\/wp\/v2\/types\/page"}],"author":[{"embeddable":true,"href":"https:\/\/www.fceia.unr.edu.ar\/estudiantil\/index.php?rest_route=\/wp\/v2\/users\/123457"}],"replies":[{"embeddable":true,"href":"https:\/\/www.fceia.unr.edu.ar\/estudiantil\/index.php?rest_route=%2Fwp%2Fv2%2Fcomments&post=17499"}],"version-history":[{"count":6,"href":"https:\/\/www.fceia.unr.edu.ar\/estudiantil\/index.php?rest_route=\/wp\/v2\/pages\/17499\/revisions"}],"predecessor-version":[{"id":17905,"href":"https:\/\/www.fceia.unr.edu.ar\/estudiantil\/index.php?rest_route=\/wp\/v2\/pages\/17499\/revisions\/17905"}],"wp:attachment":[{"href":"https:\/\/www.fceia.unr.edu.ar\/estudiantil\/index.php?rest_route=%2Fwp%2Fv2%2Fmedia&parent=17499"}],"curies":[{"name":"wp","href":"https:\/\/api.w.org\/{rel}","templated":true}]}}