{"id":17497,"date":"2026-02-11T21:55:30","date_gmt":"2026-02-11T21:55:30","guid":{"rendered":"https:\/\/www.fceia.unr.edu.ar\/estudiantil\/?page_id=17497"},"modified":"2026-03-03T20:55:12","modified_gmt":"2026-03-03T20:55:12","slug":"horarios-licenciaturas-y-profesorados-1er-cuatrimestre-2026","status":"publish","type":"page","link":"https:\/\/www.fceia.unr.edu.ar\/estudiantil\/?page_id=17497","title":{"rendered":"Horarios Licenciaturas y Profesorados &#8211; 1er cuatrimestre 2026"},"content":{"rendered":"<p><strong><a name=\"principio\"><\/a><\/strong><\/p>\n<ul>\n<li><a href=\"#lic_1_1\"><strong>Licenciaturas y Profesorados &#8211; 1er a\u00f1o &#8211; 1er cuatrimestre<\/strong><\/a><\/li>\n<li><a href=\"#lcc\"><strong>Licenciatura en Ciencias de la Computaci\u00f3n<\/strong><\/a><\/li>\n<li><a href=\"#lm\"><strong>Licenciatura en Matem\u00e1tica <\/strong><\/a><\/li>\n<li><a href=\"#pm\"><strong>Profesorado en Matem\u00e1tica<\/strong><\/a><\/li>\n<li><a href=\"#lf\"><strong>Licenciatura en F\u00edsica<\/strong><\/a><\/li>\n<li><a href=\"#pf\"><strong>Profesorado en F\u00edsica<br \/>\n<\/strong><\/a><\/li>\n<\/ul>\n<p><a name=\"lic_1_1\"><\/a><\/p>\n<h3>1er a\u00f1o &#8211; 1er cuatrimestre C1 &#8211; C2 &#8211; 2026<\/h3>\n<table class=\"table1\">\n<thead>\n<tr>\n<th><b>\u00a0<\/b><\/th>\n<th colspan=\"2\" rowspan=\"1\">Lunes<\/th>\n<th>Martes<\/th>\n<th colspan=\"2\" rowspan=\"1\">Mi\u00e9rcoles<\/th>\n<th>Jueves<\/th>\n<th colspan=\"2\" rowspan=\"1\">Viernes<\/th>\n<\/tr>\n<\/thead>\n<tbody>\n<tr>\n<th>7:30<\/th>\n<td class=\"mat_1\" rowspan=\"9\">An\u00e1lisis<br \/>\nMatem\u00e1tico I<br \/>\nCom. 1 &#8211; Aula: 28 Pell.<br \/>\nMuro, S.<br \/>\nPhilipp, E.<br \/>\nVidal, L.<br \/>\nCom. 2 &#8211; Aula: 27 Pell.<br \/>\nCornet, M.<br \/>\nSb\u00e9rgamo, G.<b><b>\u00a0<\/b><\/b><br \/>\nAula:<\/td>\n<td style=\"vertical-align: top;\" colspan=\"1\" rowspan=\"1\"><\/td>\n<td><b>\u00a0<\/b><\/td>\n<td class=\"mat_1\" colspan=\"2\" rowspan=\"6\">An\u00e1lisis<br \/>\nMatem\u00e1tico I<b><b><\/b><\/b><br \/>\n<b><\/b><br \/>\nCom. 1 &#8211; Aula: 28 Pell.<br \/>\nCom. 2 &#8211; Aula: 27 Pell.<\/td>\n<td><b>\u00a0<\/b><\/td>\n<td class=\"mat_2\" colspan=\"2\" rowspan=\"6\">\u00c1lgebra y<br \/>\nGeometr\u00eda<br \/>\nAnalitica I<br \/>\n<b><b>\u00a0<\/b><\/b><br \/>\nCom. 1 &#8211; Aula: 28 Pell.<br \/>\nMancinelli, E.<br \/>\nBarrios, M.<br \/>\nCardozo, R.<br \/>\nCom. 2 &#8211; Aula: 27 Pell.<br \/>\nDella Vecchia, E.<br \/>\nLopez Pujato, M.<br \/>\nGalindo, J.<b><b>\u00a0<\/b><\/b> Aula:<\/td>\n<\/tr>\n<tr>\n<th><b>\u00a0<\/b><\/th>\n<td style=\"vertical-align: top;\" rowspan=\"1\"><\/td>\n<td><b>\u00a0<\/b><\/td>\n<td><b>\u00a0<\/b><\/td>\n<\/tr>\n<tr>\n<th><b>\u00a0<\/b><\/th>\n<td style=\"vertical-align: top;\" rowspan=\"1\"><\/td>\n<td><b>\u00a0<\/b><\/td>\n<td><b>\u00a0<\/b><\/td>\n<\/tr>\n<tr>\n<th><b>\u00a0<\/b><\/th>\n<td style=\"vertical-align: top;\" rowspan=\"1\"><\/td>\n<td><b>\u00a0<\/b><\/td>\n<td><b>\u00a0<\/b><\/td>\n<\/tr>\n<tr>\n<th><b>\u00a0<\/b><\/th>\n<td style=\"vertical-align: top;\" rowspan=\"1\"><\/td>\n<td><b>\u00a0<\/b><\/td>\n<td><b>\u00a0<\/b><\/td>\n<\/tr>\n<tr>\n<th>9:30<\/th>\n<td style=\"vertical-align: top;\"><\/td>\n<td><b>\u00a0<\/b><\/td>\n<td><b>\u00a0<\/b><\/td>\n<\/tr>\n<tr>\n<th><b>\u00a0<\/b><\/th>\n<td class=\"mat_9\" style=\"vertical-align: middle;\" colspan=\"1\" rowspan=\"9\">Introduci\u00f3n<br \/>\na la<br \/>\nMatem\u00e1tica<br \/>\n<b>\u00a0<\/b><br \/>\nCom. 1 &#8211; Aula: 30 Pell.<br \/>\nCom. 2 &#8211; Aula: 31 Pell.<\/td>\n<td><b>\u00a0<\/b><\/td>\n<td class=\"mat_2\" rowspan=\"9\">\u00c1lgebra y<br \/>\nGeometr\u00eda<br \/>\nAnalitica I<br \/>\n<b><b>\u00a0<\/b><\/b><br \/>\nCom. 1 &#8211; Aula: 28 Pell.<br \/>\nCom. 2 &#8211; Aula: 27 Pell.<\/td>\n<td class=\"mat_9\" style=\"vertical-align: middle;\" colspan=\"1\" rowspan=\"9\">Introduci\u00f3n<br \/>\na la<br \/>\nMatem\u00e1tica<br \/>\n<b>\u00a0<\/b><br \/>\nCom. 1 &#8211; Aula: 30 Pell.<br \/>\nCirelli, M.<br \/>\nDobson, P.<br \/>\nBravo, D.<br \/>\nCom. 2 &#8211; Aula: 31 Pell.<br \/>\nLopez Pujato, M.<br \/>\nCosgaya, A.<br \/>\nCampitelli, C.<b><b>\u00a0<\/b><\/b><br \/>\nAula:<\/td>\n<td><b>\u00a0<\/b><\/td>\n<td class=\"mat_1\" rowspan=\"9\">An\u00e1lisis<br \/>\nMatem\u00e1tico I<br \/>\n<b>\u00a0<\/b><br \/>\nCom. 1 &#8211; Aula: 28 Pell.<br \/>\nCom. 2 &#8211; Aula: 27 Pell.<\/td>\n<td class=\"mat_9\" style=\"vertical-align: middle;\" colspan=\"1\" rowspan=\"9\">Introduci\u00f3n<br \/>\na la<br \/>\nMatem\u00e1tica<br \/>\n<b>\u00a0<\/b><br \/>\nCom. 1 &#8211; Aula: 30 Pell.<br \/>\nCom. 2 &#8211; Aula: 31 Pell.<\/td>\n<\/tr>\n<tr>\n<th><b>\u00a0<\/b><\/th>\n<td><b>\u00a0<\/b><\/td>\n<td><b>\u00a0<\/b><\/td>\n<\/tr>\n<tr>\n<th>10:30<\/th>\n<td><b>\u00a0<\/b><\/td>\n<td><b>\u00a0<\/b><\/td>\n<\/tr>\n<tr>\n<th><b>\u00a0<\/b><\/th>\n<td class=\"mat_2\" rowspan=\"6\">\u00c1lgebra y<br \/>\nGeometr\u00eda<br \/>\nAnalitica I<br \/>\n<b><b>\u00a0<\/b><\/b><br \/>\nCom. 1 &#8211; Aula: 28 Pell.<br \/>\nCom. 2 &#8211; Aula: 27 Pell.<\/td>\n<td><b>\u00a0<\/b><\/td>\n<td><b>\u00a0<\/b><\/td>\n<\/tr>\n<tr>\n<th><b>\u00a0<\/b><\/th>\n<td><b>\u00a0<\/b><\/td>\n<td><b>\u00a0<\/b><\/td>\n<\/tr>\n<tr>\n<th><b>\u00a0<\/b><\/th>\n<td><b>\u00a0<\/b><\/td>\n<td><b>\u00a0<\/b><\/td>\n<\/tr>\n<tr>\n<th><b>\u00a0<\/b><\/th>\n<td><b>\u00a0<\/b><\/td>\n<td><b>\u00a0<\/b><\/td>\n<\/tr>\n<tr>\n<th><b>\u00a0<\/b><\/th>\n<td><b>\u00a0<\/b><\/td>\n<td><b>\u00a0<\/b><\/td>\n<\/tr>\n<tr>\n<th>12:30<\/th>\n<td><b>\u00a0<\/b><\/td>\n<td><b>\u00a0<\/b><\/td>\n<\/tr>\n<\/tbody>\n<\/table>\n<p><a href=\"#principio\">Volver al principio<\/a><br \/>\n<a name=\"lcc\"><\/a><\/p>\n<h3>Licenciatura en Ciencias de la Computaci\u00f3n &#8211; 1er cuatrimestre 2026<\/h3>\n<table class=\"table1\" border=\"0\">\n<thead>\n<tr>\n<th><b>\u00a0<\/b><\/th>\n<th>Lunes<\/th>\n<th>Martes<\/th>\n<th>Mi\u00e9rcoles<\/th>\n<th>Jueves<\/th>\n<th>Viernes<\/th>\n<\/tr>\n<\/thead>\n<tbody>\n<tr>\n<th>7:30<\/th>\n<td><b>\u00a0<\/b><\/td>\n<td class=\"mat_4\" rowspan=\"6\">Programaci\u00f3n I<b><\/b><b><\/b><br \/>\n<b><b>\u00a0<\/b><\/b><br \/>\nCom. 1 &#8211; Aula: Lab. 1er piso Pell.<br \/>\nCom. 2 &#8211; Aula: Lab. 2do piso Pell.<br \/>\nCom. 3 &#8211; Aula: 30 Pell.<br \/>\nCom. 4 &#8211; Aula: Lab. DCC Pell.<\/td>\n<td><b>\u00a0<\/b><\/td>\n<td class=\"mat_4\" rowspan=\"6\">Programaci\u00f3n I<br \/>\n<b>\u00a0<\/b><br \/>\nCom. 1 &#8211; Aula: 30 Pell.<br \/>\nCom. 2 &#8211; Aula: Lab. DCC. Pell.<br \/>\nCom. 3 &#8211; Aula: Lab. 1er piso Pell.<br \/>\nCom. 4 &#8211; Aula: 30 Pell.<\/td>\n<td><b>\u00a0<\/b><\/td>\n<\/tr>\n<tr>\n<th><b>\u00a0<\/b><\/th>\n<td><b>\u00a0<\/b><\/td>\n<td><b>\u00a0<\/b><\/td>\n<td><b>\u00a0<\/b><\/td>\n<\/tr>\n<tr>\n<th><b>\u00a0<\/b><\/th>\n<td><b>\u00a0<\/b><\/td>\n<td><b>\u00a0<\/b><\/td>\n<td><b>\u00a0<\/b><\/td>\n<\/tr>\n<tr>\n<th><b>\u00a0<\/b><\/th>\n<td><b>\u00a0<\/b><\/td>\n<td><b>\u00a0<\/b><\/td>\n<td><b>\u00a0<\/b><\/td>\n<\/tr>\n<tr>\n<th><b>\u00a0<\/b><\/th>\n<td><b>\u00a0<\/b><\/td>\n<td><b>\u00a0<\/b><\/td>\n<td><b>\u00a0<\/b><\/td>\n<\/tr>\n<tr>\n<th><b>\u00a0<\/b><\/th>\n<td><b>\u00a0<\/b><\/td>\n<td><b>\u00a0<\/b><\/td>\n<td><b>\u00a0<\/b><\/td>\n<\/tr>\n<tr>\n<th>10:30<\/th>\n<td><b>\u00a0<\/b><\/td>\n<td class=\"mat_4\" rowspan=\"5\">Programaci\u00f3n I<br \/>\n<b>\u00a0<\/b><br \/>\nCom. 1 &#8211; Aula: 30 Pell.<br \/>\nCom. 2 &#8211; Aula: 30 Pell.<br \/>\nCom. 3 &#8211; Aula: 30 Pell.<br \/>\nCom. 4 &#8211; Aula: 30 Pell.<\/td>\n<td><b>\u00a0<\/b><\/td>\n<td class=\"mat_4\" rowspan=\"5\">Programaci\u00f3n I<br \/>\n<b>\u00a0<\/b><br \/>\nCom. 1 &#8211; Aula: Lab. 2do piso Pell.<br \/>\nCom. 2 &#8211; Aula: 30 Pell.<br \/>\nCom. 3 &#8211; Aula: 1er piso Pell.<br \/>\nCom. 4 &#8211; Aula: Lab. DCC Pell.<\/td>\n<td><b>\u00a0<\/b><\/td>\n<\/tr>\n<tr>\n<th><b>\u00a0<\/b><\/th>\n<td><b>\u00a0<\/b><\/td>\n<td><b>\u00a0<\/b><\/td>\n<td><b>\u00a0<\/b><\/td>\n<\/tr>\n<tr>\n<th><b>\u00a0<\/b><\/th>\n<td><b>\u00a0<\/b><\/td>\n<td><b>\u00a0<\/b><\/td>\n<td><b>\u00a0<\/b><\/td>\n<\/tr>\n<tr>\n<th><b>\u00a0<\/b><\/th>\n<td><b>\u00a0<\/b><\/td>\n<td><b>\u00a0<\/b><\/td>\n<td><b>\u00a0<\/b><\/td>\n<\/tr>\n<tr>\n<th>12:30<\/th>\n<td><b>\u00a0<\/b><\/td>\n<td><b>\u00a0<\/b><\/td>\n<td><b>\u00a0<\/b><\/td>\n<\/tr>\n<tr>\n<th><b>\u00a0<\/b><\/th>\n<td class=\"mat_14\" colspan=\"1\" rowspan=\"1\"><\/td>\n<td><b>\u00a0<\/b><\/td>\n<td class=\"mat_14\" colspan=\"1\" rowspan=\"1\"><\/td>\n<td><b>\u00a0<\/b><\/td>\n<td><b>\u00a0<\/b><\/td>\n<\/tr>\n<tr>\n<th><b>\u00a0<\/b><\/th>\n<td style=\"vertical-align: top;\" rowspan=\"1\"><\/td>\n<td><b>\u00a0<\/b><\/td>\n<td style=\"vertical-align: top;\" rowspan=\"1\"><\/td>\n<td><b>\u00a0<\/b><\/td>\n<td><b>\u00a0<\/b><\/td>\n<\/tr>\n<tr>\n<th>13:30<\/th>\n<td style=\"vertical-align: top;\"><\/td>\n<td><b>\u00a0<\/b><\/td>\n<td style=\"vertical-align: top;\"><\/td>\n<td><b>\u00a0<\/b><\/td>\n<td><b>\u00a0<\/b><\/td>\n<\/tr>\n<\/tbody>\n<\/table>\n<p><a href=\"#principio\">Volver al principio<\/a><br \/>\n<a name=\"lm\"><\/a><\/p>\n<h3>Licenciatura en Matem\u00e1tica &#8211; 1er cuatrimestre 2026<\/h3>\n<table class=\"table1\">\n<thead>\n<tr>\n<th><b>\u00a0<\/b><\/th>\n<th>Lunes<\/th>\n<th>Martes<\/th>\n<th>Mi\u00e9rcoles<\/th>\n<th>Jueves<\/th>\n<th>Viernes<\/th>\n<\/tr>\n<\/thead>\n<tbody>\n<tr>\n<th>10:15<\/th>\n<td><b>\u00a0<\/b><\/td>\n<td class=\"mat_10\" rowspan=\"7\">Introducci\u00f3n<br \/>\na la F\u00edsica<br \/>\n<b>\u00a0<\/b><br \/>\nAula: 03\/04 ESC. MEC.<br \/>\nCUR<\/td>\n<td><b>\u00a0<\/b><\/td>\n<td class=\"mat_10\" rowspan=\"7\">Introducci\u00f3n<br \/>\na la F\u00edsica<br \/>\n<b>\u00a0<\/b><br \/>\nAula: 03\/04 ESC. MEC.<br \/>\nCUR<\/td>\n<td><b>\u00a0<\/b><\/td>\n<\/tr>\n<tr>\n<th><b>\u00a0<\/b><\/th>\n<td><b>\u00a0<\/b><\/td>\n<td><b>\u00a0<\/b><\/td>\n<td><b>\u00a0<\/b><\/td>\n<\/tr>\n<tr>\n<th><b>\u00a0<\/b><\/th>\n<td><b>\u00a0<\/b><\/td>\n<td><b>\u00a0<\/b><\/td>\n<td><b>\u00a0<\/b><\/td>\n<\/tr>\n<tr>\n<th><b>\u00a0<\/b><\/th>\n<td><b>\u00a0<\/b><\/td>\n<td><b>\u00a0<\/b><\/td>\n<td><b>\u00a0<\/b><\/td>\n<\/tr>\n<tr>\n<th><b>\u00a0<\/b><\/th>\n<td><b>\u00a0<\/b><\/td>\n<td><b>\u00a0<\/b><\/td>\n<td><b>\u00a0<\/b><\/td>\n<\/tr>\n<tr>\n<th><b>\u00a0<\/b><\/th>\n<td><b>\u00a0<\/b><\/td>\n<td><b>\u00a0<\/b><\/td>\n<td><b>\u00a0<\/b><\/td>\n<\/tr>\n<tr>\n<th>12:45<\/th>\n<td><b>\u00a0<\/b><\/td>\n<td><b>\u00a0<\/b><\/td>\n<td><b>\u00a0<\/b><\/td>\n<\/tr>\n<tr>\n<th><b>\u00a0<\/b><\/th>\n<td><b>\u00a0<\/b><\/td>\n<td><b>\u00a0<\/b><\/td>\n<td><b>\u00a0<\/b><\/td>\n<td><b>\u00a0<\/b><\/td>\n<td><b>\u00a0<\/b><\/td>\n<\/tr>\n<tr>\n<th><b>13:30\u00a0<\/b><\/th>\n<td><b>\u00a0<\/b><\/td>\n<td class=\"mat_20\" rowspan=\"7\">Taller de<br \/>\nMatem\u00e1tica I<br \/>\n<b>\u00a0<\/b><br \/>\nAula: 16 Pell.<br \/>\n<b><\/b><\/td>\n<td><b>\u00a0<\/b><\/td>\n<td class=\"mat_20\" rowspan=\"7\">Taller de<br \/>\nMatem\u00e1tica I<br \/>\n<b>\u00a0<\/b><br \/>\nAula: 16 Pell.<br \/>\nEscalante, M.<br \/>\nCalore, E.<\/td>\n<td><b>\u00a0<\/b><\/td>\n<\/tr>\n<tr>\n<th><b>\u00a0<\/b><\/th>\n<td><b>\u00a0<\/b><\/td>\n<td><b>\u00a0<\/b><\/td>\n<td><b>\u00a0<\/b><\/td>\n<\/tr>\n<tr>\n<th><b>\u00a0<\/b><\/th>\n<td><b>\u00a0<\/b><\/td>\n<td><b>\u00a0<\/b><\/td>\n<td><b>\u00a0<\/b><\/td>\n<\/tr>\n<tr>\n<th><b>\u00a0<\/b><\/th>\n<td><b>\u00a0<\/b><\/td>\n<td><b>\u00a0<\/b><\/td>\n<td><b>\u00a0<\/b><\/td>\n<\/tr>\n<tr>\n<th><b>\u00a0<\/b><\/th>\n<td><b>\u00a0<\/b><\/td>\n<td><b>\u00a0<\/b><\/td>\n<td><b>\u00a0<\/b><\/td>\n<\/tr>\n<tr>\n<th><\/th>\n<td><b>\u00a0<\/b><\/td>\n<td colspan=\"1\" rowspan=\"1\"><\/td>\n<td><b>\u00a0<\/b><\/td>\n<\/tr>\n<tr>\n<th>15:30<\/th>\n<td><b>\u00a0<\/b><\/td>\n<td rowspan=\"1\"><\/td>\n<td><b>\u00a0<\/b><\/td>\n<\/tr>\n<tr>\n<th><\/th>\n<td><b>\u00a0<\/b><\/td>\n<td><b>\u00a0<\/b><\/td>\n<td><\/td>\n<td><b>\u00a0<\/b><\/td>\n<td><b>\u00a0<\/b><\/td>\n<\/tr>\n<\/tbody>\n<\/table>\n<p><a href=\"#principio\">Volver al principio<\/a><br \/>\n<a name=\"pm\"><\/a><\/p>\n<h3>Profesorado en Matem\u00e1tica &#8211; 1er cuatrimestre 2026<\/h3>\n<table class=\"table1\">\n<thead>\n<tr>\n<th><b>\u00a0<\/b><\/th>\n<th>Lunes<\/th>\n<th>Martes<\/th>\n<th>Mi\u00e9rcoles<\/th>\n<th>Jueves<\/th>\n<th>Viernes<\/th>\n<\/tr>\n<\/thead>\n<tbody>\n<tr>\n<th>8:00<\/th>\n<td><b>\u00a0<\/b><\/td>\n<td class=\"mat_5\" rowspan=\"8\">Resoluci\u00f3n de<br \/>\nProblemas<b>\u00a0<\/b><br \/>\n<b>\u00a0<\/b><br \/>\nAula: 30 Pell.<br \/>\nRoscani, S.<br \/>\nSchaefer, L.<\/td>\n<td><b>\u00a0<\/b><\/td>\n<td class=\"mat_10\" rowspan=\"8\">Pr\u00e1ctica<br \/>\nProfesional<br \/>\nDocente I<br \/>\n<b>\u00a0<\/b><br \/>\nAula: 25 Pell.<br \/>\nGrossi, S.<br \/>\nGonzales, F.<\/td>\n<td><b>\u00a0<\/b><\/td>\n<\/tr>\n<tr>\n<th><b>\u00a0<\/b><\/th>\n<td><b>\u00a0<\/b><\/td>\n<td><b>\u00a0<\/b><\/td>\n<td><b>\u00a0<\/b><\/td>\n<\/tr>\n<tr>\n<th><b>\u00a0<\/b><\/th>\n<td><b>\u00a0<\/b><\/td>\n<td><b>\u00a0<\/b><\/td>\n<td><b>\u00a0<\/b><\/td>\n<\/tr>\n<tr>\n<th><b>\u00a0<\/b><\/th>\n<td><b>\u00a0<\/b><\/td>\n<td><b>\u00a0<\/b><\/td>\n<td><b>\u00a0<\/b><\/td>\n<\/tr>\n<tr>\n<th><b>\u00a0<\/b><\/th>\n<td><b>\u00a0<\/b><\/td>\n<td><b>\u00a0<\/b><\/td>\n<td><b>\u00a0<\/b><\/td>\n<\/tr>\n<tr>\n<th><b>\u00a0<\/b><\/th>\n<td><b>\u00a0<\/b><\/td>\n<td><b>\u00a0<\/b><\/td>\n<td><b>\u00a0<\/b><\/td>\n<\/tr>\n<tr>\n<th><b>\u00a0<\/b><\/th>\n<td><b>\u00a0<\/b><\/td>\n<td><b>\u00a0<\/b><\/td>\n<td><b>\u00a0<\/b><\/td>\n<\/tr>\n<tr>\n<th>11:00<\/th>\n<td><b>\u00a0<\/b><\/td>\n<td><b>\u00a0<\/b><\/td>\n<td><b>\u00a0<\/b><\/td>\n<\/tr>\n<\/tbody>\n<\/table>\n<p><a href=\"#principio\">Volver al principio<\/a><br \/>\n<a name=\"lf\"><\/a><\/p>\n<h3>Licenciatura en F\u00edsica &#8211; 1er cuatrimestre 2026<\/h3>\n<table class=\"table1\">\n<thead>\n<tr>\n<th><b>\u00a0<\/b><\/th>\n<th>Lunes<\/th>\n<th>Martes<\/th>\n<th>Mi\u00e9rcoles<\/th>\n<th>Jueves<\/th>\n<th>Viernes<\/th>\n<\/tr>\n<\/thead>\n<tbody>\n<tr>\n<th>8:00<\/th>\n<td><b>\u00a0<\/b><\/td>\n<td class=\"mat_5\" rowspan=\"6\">Introducci\u00f3n<br \/>\na la ciencia<br \/>\n<b>\u00a0<\/b><br \/>\nAula: 04 ESC. MEC<br \/>\nCUR<\/td>\n<td><b>\u00a0<\/b><\/td>\n<td class=\"mat_5\" rowspan=\"6\">Introducci\u00f3n<br \/>\na la ciencia<br \/>\n<b>\u00a0<\/b><br \/>\nAula: 04 ESC. MEC<br \/>\nCUR<\/td>\n<td><b>\u00a0<\/b><\/td>\n<\/tr>\n<tr>\n<th><b>\u00a0<\/b><\/th>\n<td><b>\u00a0<\/b><\/td>\n<td><b>\u00a0<\/b><\/td>\n<td><b>\u00a0<\/b><\/td>\n<\/tr>\n<tr>\n<th><b>\u00a0<\/b><\/th>\n<td><b>\u00a0<\/b><\/td>\n<td><b>\u00a0<\/b><\/td>\n<td><b>\u00a0<\/b><\/td>\n<\/tr>\n<tr>\n<th><b>\u00a0<\/b><\/th>\n<td><b>\u00a0<\/b><\/td>\n<td><b>\u00a0<\/b><\/td>\n<td><b>\u00a0<\/b><\/td>\n<\/tr>\n<tr>\n<th><b>\u00a0<\/b><\/th>\n<td><b>\u00a0<\/b><\/td>\n<td><b>\u00a0<\/b><\/td>\n<td><b>\u00a0<\/b><\/td>\n<\/tr>\n<tr>\n<th>10:00<\/th>\n<td><b>\u00a0<\/b><\/td>\n<td><b>\u00a0<\/b><\/td>\n<td><b>\u00a0<\/b><\/td>\n<\/tr>\n<tr>\n<th><b>\u00a0<\/b><\/th>\n<td><b>\u00a0<\/b><\/td>\n<td><b>\u00a0<\/b><\/td>\n<td><b>\u00a0<\/b><\/td>\n<td><b>\u00a0<\/b><\/td>\n<td><b>\u00a0<\/b><\/td>\n<\/tr>\n<tr>\n<th><b>10:15\u00a0<\/b><\/th>\n<td><b>\u00a0<\/b><\/td>\n<td class=\"mat_10\" colspan=\"1\" rowspan=\"7\">Introducci\u00f3n<br \/>\na la F\u00edsica<br \/>\n<b>\u00a0<\/b><br \/>\nAula: 03\/04 ESC. MEC.<br \/>\nCUR<\/td>\n<td><b>\u00a0<\/b><\/td>\n<td class=\"mat_10\" colspan=\"1\" rowspan=\"7\">Introducci\u00f3n<br \/>\na la F\u00edsica<br \/>\n<b>\u00a0<\/b><br \/>\nAula: 03\/04 ESC. MEC.<br \/>\nCUR<\/td>\n<td><b>\u00a0<\/b><\/td>\n<\/tr>\n<tr>\n<th><b>\u00a0<\/b><\/th>\n<td><b>\u00a0<\/b><\/td>\n<td><b>\u00a0<\/b><\/td>\n<td><b>\u00a0<\/b><\/td>\n<\/tr>\n<tr>\n<th><b>\u00a0<\/b><\/th>\n<td><b>\u00a0<\/b><\/td>\n<td><b>\u00a0<\/b><\/td>\n<td><b>\u00a0<\/b><\/td>\n<\/tr>\n<tr>\n<th><b>\u00a0<\/b><\/th>\n<td><b>\u00a0<\/b><\/td>\n<td><b>\u00a0<\/b><\/td>\n<td><b>\u00a0<\/b><\/td>\n<\/tr>\n<tr>\n<th><b>\u00a012:30<\/b><\/th>\n<td class=\"mat_14\" colspan=\"1\" rowspan=\"1\"><\/td>\n<td><b>\u00a0<\/b><\/td>\n<td><b>\u00a0<\/b><\/td>\n<\/tr>\n<tr>\n<th><\/th>\n<td rowspan=\"1\"><\/td>\n<td><b>\u00a0<\/b><\/td>\n<td><b>\u00a0<\/b><\/td>\n<\/tr>\n<tr>\n<th>13:00<\/th>\n<td><\/td>\n<td><b>\u00a0<\/b><\/td>\n<td><b>\u00a0<\/b><\/td>\n<\/tr>\n<\/tbody>\n<\/table>\n<p><a href=\"#principio\">Volver al principio<\/a><br \/>\n<a name=\"pf\"><\/a><\/p>\n<h3>Profesorado en F\u00edsica &#8211; 1er cuatrimestre 2026<\/h3>\n<table class=\"table1\">\n<thead>\n<tr>\n<th><b>\u00a0<\/b><\/th>\n<th>Lunes<\/th>\n<th>Martes<\/th>\n<th>Mi\u00e9rcoles<\/th>\n<th>Jueves<\/th>\n<th>Viernes<\/th>\n<\/tr>\n<\/thead>\n<tbody>\n<tr>\n<th>8:00<\/th>\n<td><b>\u00a0<\/b><\/td>\n<td class=\"mat_10\" colspan=\"1\" rowspan=\"9\">Introducci\u00f3n<br \/>\na la F\u00edsica<br \/>\n<b>\u00a0<\/b><br \/>\nAula: Auxiliares<\/td>\n<td><b>\u00a0<\/b><\/td>\n<td class=\"mat_10\" colspan=\"1\" rowspan=\"9\">Introducci\u00f3n<br \/>\na la F\u00edsica<br \/>\n<b>\u00a0<\/b><br \/>\nAula: Auxiliares<\/td>\n<td><b>\u00a0<\/b><\/td>\n<\/tr>\n<tr>\n<th><b>\u00a0<\/b><\/th>\n<td><b>\u00a0<\/b><\/td>\n<td><b>\u00a0<\/b><\/td>\n<td><b>\u00a0<\/b><\/td>\n<\/tr>\n<tr>\n<th><b>\u00a0<\/b><\/th>\n<td><b>\u00a0<\/b><\/td>\n<td><b>\u00a0<\/b><\/td>\n<td><b>\u00a0<\/b><\/td>\n<\/tr>\n<tr>\n<th><b>\u00a0<\/b><\/th>\n<td><b>\u00a0<\/b><\/td>\n<td><b>\u00a0<\/b><\/td>\n<td><b>\u00a0<\/b><\/td>\n<\/tr>\n<tr>\n<th><b>\u00a0<\/b><\/th>\n<td><b>\u00a0<\/b><\/td>\n<td><b>\u00a0<\/b><\/td>\n<td><b>\u00a0<\/b><\/td>\n<\/tr>\n<tr>\n<th><b>\u00a0<\/b><\/th>\n<td><b>\u00a0<\/b><\/td>\n<td><b>\u00a0<\/b><\/td>\n<td><b>\u00a0<\/b><\/td>\n<\/tr>\n<tr>\n<th><b>\u00a0<\/b><\/th>\n<td><b>\u00a0<\/b><\/td>\n<td><b>\u00a0<\/b><\/td>\n<td><b>\u00a0<\/b><\/td>\n<\/tr>\n<tr>\n<th><b>\u00a0<\/b><\/th>\n<td><b>\u00a0<\/b><\/td>\n<td><b>\u00a0<\/b><\/td>\n<td><b>\u00a0<\/b><\/td>\n<\/tr>\n<tr>\n<th>12:00<\/th>\n<td><b>\u00a0<\/b><\/td>\n<td><b>\u00a0<\/b><\/td>\n<td><b>\u00a0<\/b><\/td>\n<\/tr>\n<tr>\n<th><b>\u00a0<\/b><\/th>\n<td><b>\u00a0<\/b><\/td>\n<td><b>\u00a0<\/b><\/td>\n<td><b>\u00a0<\/b><\/td>\n<td><b>\u00a0<\/b><\/td>\n<td><b>\u00a0<\/b><\/td>\n<\/tr>\n<tr>\n<th><b>\u00a0<\/b><\/th>\n<td><b>\u00a0<\/b><\/td>\n<td><b>\u00a0<\/b><\/td>\n<td><b>\u00a0<\/b><\/td>\n<td><b>\u00a0<\/b><\/td>\n<td><b>\u00a0<\/b><\/td>\n<\/tr>\n<tr>\n<th>14:00<\/th>\n<td><b>\u00a0<\/b><\/td>\n<td><b>\u00a0<\/b><\/td>\n<td class=\"mat_5\" rowspan=\"7\">Taller de<br \/>\nPr\u00e1ctica<br \/>\nde la<br \/>\nEnse\u00f1anza I<br \/>\n<b>\u00a0<\/b><br \/>\nAula: Auxiliares<br \/>\nDr. Navone Hugo<\/td>\n<td><b>\u00a0<\/b><\/td>\n<td><b>\u00a0<\/b><\/td>\n<\/tr>\n<tr>\n<th><b>\u00a0<\/b><\/th>\n<td><b>\u00a0<\/b><\/td>\n<td><b>\u00a0<\/b><\/td>\n<td><b>\u00a0<\/b><\/td>\n<td><b>\u00a0<\/b><\/td>\n<\/tr>\n<tr>\n<th><b>\u00a0<\/b><\/th>\n<td><b>\u00a0<\/b><\/td>\n<td><b>\u00a0<\/b><\/td>\n<td><b>\u00a0<\/b><\/td>\n<td><b>\u00a0<\/b><\/td>\n<\/tr>\n<tr>\n<th><b>\u00a0<\/b><\/th>\n<td><b>\u00a0<\/b><\/td>\n<td><b>\u00a0<\/b><\/td>\n<td><b>\u00a0<\/b><\/td>\n<td><b>\u00a0<\/b><\/td>\n<\/tr>\n<tr>\n<th><b>\u00a0<\/b><\/th>\n<td><b>\u00a0<\/b><\/td>\n<td><b>\u00a0<\/b><\/td>\n<td><b>\u00a0<\/b><\/td>\n<td><b>\u00a0<\/b><\/td>\n<\/tr>\n<tr>\n<th><b>\u00a0<\/b><\/th>\n<td><b>\u00a0<\/b><\/td>\n<td><b>\u00a0<\/b><\/td>\n<td><b>\u00a0<\/b><\/td>\n<td><b>\u00a0<\/b><\/td>\n<\/tr>\n<tr>\n<th>18:30<\/th>\n<td><b>\u00a0<\/b><\/td>\n<td><b>\u00a0<\/b><\/td>\n<td><b>\u00a0<\/b><\/td>\n<td><b>\u00a0<\/b><\/td>\n<\/tr>\n<\/tbody>\n<\/table>\n<p><a href=\"#principio\">Volver al principio<\/a><\/p>\n","protected":false},"excerpt":{"rendered":"<p>Licenciaturas y Profesorados &#8211; 1er a\u00f1o &#8211; 1er cuatrimestre Licenciatura en Ciencias de la Computaci\u00f3n Licenciatura en Matem\u00e1tica Profesorado en Matem\u00e1tica Licenciatura <\/p>\n","protected":false},"author":123457,"featured_media":0,"parent":0,"menu_order":0,"comment_status":"closed","ping_status":"closed","template":"","meta":[],"_links":{"self":[{"href":"https:\/\/www.fceia.unr.edu.ar\/estudiantil\/index.php?rest_route=\/wp\/v2\/pages\/17497"}],"collection":[{"href":"https:\/\/www.fceia.unr.edu.ar\/estudiantil\/index.php?rest_route=\/wp\/v2\/pages"}],"about":[{"href":"https:\/\/www.fceia.unr.edu.ar\/estudiantil\/index.php?rest_route=\/wp\/v2\/types\/page"}],"author":[{"embeddable":true,"href":"https:\/\/www.fceia.unr.edu.ar\/estudiantil\/index.php?rest_route=\/wp\/v2\/users\/123457"}],"replies":[{"embeddable":true,"href":"https:\/\/www.fceia.unr.edu.ar\/estudiantil\/index.php?rest_route=%2Fwp%2Fv2%2Fcomments&post=17497"}],"version-history":[{"count":11,"href":"https:\/\/www.fceia.unr.edu.ar\/estudiantil\/index.php?rest_route=\/wp\/v2\/pages\/17497\/revisions"}],"predecessor-version":[{"id":17953,"href":"https:\/\/www.fceia.unr.edu.ar\/estudiantil\/index.php?rest_route=\/wp\/v2\/pages\/17497\/revisions\/17953"}],"wp:attachment":[{"href":"https:\/\/www.fceia.unr.edu.ar\/estudiantil\/index.php?rest_route=%2Fwp%2Fv2%2Fmedia&parent=17497"}],"curies":[{"name":"wp","href":"https:\/\/api.w.org\/{rel}","templated":true}]}}