{"id":17486,"date":"2026-02-11T21:40:47","date_gmt":"2026-02-11T21:40:47","guid":{"rendered":"https:\/\/www.fceia.unr.edu.ar\/estudiantil\/?page_id=17486"},"modified":"2026-03-03T21:08:41","modified_gmt":"2026-03-03T21:08:41","slug":"horarios-profesorado-en-fisica-1er-semestre-2026","status":"publish","type":"page","link":"https:\/\/www.fceia.unr.edu.ar\/estudiantil\/?page_id=17486","title":{"rendered":"Horarios Profesorado en F\u00edsica &#8211; 1er semestre 2026"},"content":{"rendered":"<h3>Profesorado en F\u00edsica &#8211; 2do a\u00f1o &#8211; 3er Cuatrimestre<\/h3>\n<table class=\"table1\" border=\"0\">\n<thead>\n<tr>\n<th><b>\u00a0<\/b><\/th>\n<th>Lunes<\/th>\n<th>Martes<\/th>\n<th>Mi\u00e9rcoles<\/th>\n<th>Jueves<\/th>\n<th>Viernes<\/th>\n<\/tr>\n<\/thead>\n<tbody>\n<tr>\n<th>7:30<\/th>\n<td class=\"mat_1\" rowspan=\"9\">An\u00e1lisis<br \/>\nMatem\u00e1tico III<br \/>\n<b>\u00a0<\/b><br \/>\nAula: 11 Pell.<\/td>\n<td><b>\u00a0<\/b><\/td>\n<td class=\"mat_1\" rowspan=\"6\">An\u00e1lisis<br \/>\nMatem\u00e1tico III<br \/>\n<b>\u00a0<\/b><br \/>\nAula: 11 Pell.<\/td>\n<td><b>\u00a0<\/b><\/td>\n<td rowspan=\"1\"><\/td>\n<\/tr>\n<tr>\n<th><b>\u00a0<\/b><\/th>\n<td><b>\u00a0<\/b><\/td>\n<td><b>\u00a0<\/b><\/td>\n<td><b>\u00a0<\/b><\/td>\n<\/tr>\n<tr>\n<th><b>\u00a0<\/b><\/th>\n<td><b>\u00a0<\/b><\/td>\n<td><b>\u00a0<\/b><\/td>\n<td><b>\u00a0<\/b><\/td>\n<\/tr>\n<tr>\n<th>9:00<\/th>\n<td class=\"mat_10\" rowspan=\"12\">F\u00edsica II<br \/>\n<b>\u00a0<\/b><br \/>\nAula: 22 Pell.<\/td>\n<td class=\"mat_10\" rowspan=\"12\">F\u00edsica II<br \/>\n<b>\u00a0<\/b><br \/>\nAula: 22 Pell.<\/td>\n<td><b>\u00a0<\/b><\/td>\n<\/tr>\n<tr>\n<th><b>\u00a0<\/b><\/th>\n<td><b>\u00a0<\/b><\/td>\n<\/tr>\n<tr>\n<th><b>\u00a0<\/b><\/th>\n<td><b>\u00a0<\/b><\/td>\n<\/tr>\n<tr>\n<th><b>\u00a0<\/b>9:30<\/th>\n<td class=\"mat_14\" colspan=\"1\" rowspan=\"6\">Pedagog\u00eda<br \/>\n<b>\u00a0<\/b><br \/>\nAula: 23 Pell.<b><br \/>\n<\/b><\/td>\n<td class=\"mat_1\" rowspan=\"6\">An\u00e1lisis<br \/>\nMatem\u00e1tico III<br \/>\n<b>\u00a0<\/b><br \/>\nAula: 03 Pell.<\/td>\n<\/tr>\n<tr>\n<th><b>\u00a0<\/b><\/th>\n<\/tr>\n<tr>\n<th><b>\u00a0<\/b><\/th>\n<\/tr>\n<tr>\n<th>10:30<\/th>\n<td class=\"mat_14\" rowspan=\"6\">Pedagog\u00eda<br \/>\n<b>\u00a0<\/b><br \/>\nAula: 22 Pell.<\/td>\n<\/tr>\n<tr>\n<th><b>\u00a0<\/b><\/th>\n<\/tr>\n<tr>\n<th>11:30<b>\u00a0<\/b><\/th>\n<\/tr>\n<tr>\n<th><b>\u00a0<\/b><\/th>\n<td><b>\u00a0<\/b><\/td>\n<td class=\"mat_11\" colspan=\"1\" rowspan=\"6\">Historia SP<br \/>\ndel SE<br \/>\n<b>\u00a0<\/b><br \/>\nAula: 22 Pell.<\/td>\n<\/tr>\n<tr>\n<th><b>\u00a0<\/b><\/th>\n<td><b>\u00a0<\/b><\/td>\n<\/tr>\n<tr>\n<th>12:30<\/th>\n<td><b>\u00a0<\/b><\/td>\n<\/tr>\n<tr>\n<th><b>\u00a0<\/b><\/th>\n<td><b>\u00a0<\/b><\/td>\n<td><b>\u00a0<\/b><\/td>\n<td><b>\u00a0<\/b><\/td>\n<td><b>\u00a0<\/b><\/td>\n<\/tr>\n<tr>\n<th><b>\u00a0<\/b><\/th>\n<td><b>\u00a0<\/b><\/td>\n<td><b>\u00a0<\/b><\/td>\n<td><b>\u00a0<\/b><\/td>\n<td><b>\u00a0<\/b><\/td>\n<\/tr>\n<tr>\n<th><b>13:30\u00a0<\/b><\/th>\n<td><b>\u00a0<\/b><\/td>\n<td><b>\u00a0<\/b><\/td>\n<td><b>\u00a0<\/b><\/td>\n<td><b>\u00a0<\/b><\/td>\n<\/tr>\n<tr>\n<th><b>\u00a0<\/b><\/th>\n<td><b>\u00a0<\/b><\/td>\n<td><b>\u00a0<\/b><\/td>\n<td><b>\u00a0<\/b><\/td>\n<td><b>\u00a0<\/b><\/td>\n<td><b>\u00a0<\/b><\/td>\n<\/tr>\n<tr>\n<th><b>15:00\u00a0<\/b><\/th>\n<td><b>\u00a0<\/b><\/td>\n<td><b>\u00a0<\/b><\/td>\n<td><b>\u00a0<\/b><\/td>\n<td class=\"mat_11\" colspan=\"1\" rowspan=\"6\">Historia SP<br \/>\ndel SE<br \/>\n<b>\u00a0<\/b><br \/>\nAula: 22 Pell.<\/td>\n<td><b>\u00a0<\/b><\/td>\n<\/tr>\n<tr>\n<th><b>\u00a0<\/b><\/th>\n<td><b>\u00a0<\/b><\/td>\n<td><b>\u00a0<\/b><\/td>\n<td><b>\u00a0<\/b><\/td>\n<td><b>\u00a0<\/b><\/td>\n<\/tr>\n<tr>\n<th><b>\u00a0<\/b><\/th>\n<td><b>\u00a0<\/b><\/td>\n<td><b>\u00a0<\/b><\/td>\n<td><b>\u00a0<\/b><\/td>\n<td><b>\u00a0<\/b><\/td>\n<\/tr>\n<tr>\n<th><b>\u00a0<\/b><\/th>\n<td><b>\u00a0<\/b><\/td>\n<td><b>\u00a0<\/b><\/td>\n<td><b>\u00a0<\/b><\/td>\n<td><b>\u00a0<\/b><\/td>\n<\/tr>\n<tr>\n<th><b>\u00a0<\/b><\/th>\n<td><b>\u00a0<\/b><\/td>\n<td><b>\u00a0<\/b><\/td>\n<td><b>\u00a0<\/b><\/td>\n<td><b>\u00a0<\/b><\/td>\n<\/tr>\n<tr>\n<th>17:00<\/th>\n<td><b>\u00a0<\/b><\/td>\n<td><b>\u00a0<\/b><\/td>\n<td><b>\u00a0<\/b><\/td>\n<td><b>\u00a0<\/b><\/td>\n<\/tr>\n<\/tbody>\n<\/table>\n<p>&nbsp;<\/p>\n<h3>Profesorado en F\u00edsica &#8211; 2do a\u00f1o &#8211; 4to Cuatrimestre Plan 2018<\/h3>\n<table class=\"table1\" border=\"0\">\n<thead>\n<tr>\n<th><b>\u00a0<\/b><\/th>\n<th>Lunes<\/th>\n<th>Martes<\/th>\n<th>Mi\u00e9rcoles<\/th>\n<th>Jueves<\/th>\n<th>Viernes<\/th>\n<\/tr>\n<\/thead>\n<tbody>\n<tr>\n<th><b>8:30\u00a0<\/b><\/th>\n<td rowspan=\"1\"><\/td>\n<td class=\"mat_10\" style=\"vertical-align: middle;\" colspan=\"1\" rowspan=\"10\">F\u00edsica III<br \/>\n<b>\u00a0<\/b><br \/>\nAula: 32 Pell.<\/td>\n<td style=\"vertical-align: middle;\" colspan=\"1\" rowspan=\"1\"><\/td>\n<td class=\"mat_10\" style=\"vertical-align: middle;\" colspan=\"1\" rowspan=\"10\">\u00a0F\u00edsica III<br \/>\n<b>\u00a0<\/b><br \/>\nAula: 32 Pell.<\/td>\n<td style=\"vertical-align: middle;\" colspan=\"1\" rowspan=\"1\"><\/td>\n<\/tr>\n<tr>\n<th><b>\u00a0<\/b><\/th>\n<td rowspan=\"1\"><\/td>\n<td rowspan=\"1\"><\/td>\n<td rowspan=\"1\"><\/td>\n<\/tr>\n<tr>\n<th><b>\u00a0<\/b><\/th>\n<td rowspan=\"1\"><\/td>\n<td rowspan=\"1\"><\/td>\n<td rowspan=\"1\"><\/td>\n<\/tr>\n<tr>\n<th><b>\u00a0<\/b><\/th>\n<td rowspan=\"1\"><\/td>\n<td rowspan=\"1\"><\/td>\n<td rowspan=\"1\"><\/td>\n<\/tr>\n<tr>\n<th><b>\u00a0<\/b><\/th>\n<td rowspan=\"1\"><\/td>\n<td rowspan=\"1\"><\/td>\n<td rowspan=\"1\"><\/td>\n<\/tr>\n<tr>\n<th><b>\u00a0<\/b><\/th>\n<td rowspan=\"1\"><\/td>\n<td rowspan=\"1\"><\/td>\n<td rowspan=\"1\"><\/td>\n<\/tr>\n<tr>\n<th><b>\u00a0<\/b><\/th>\n<td rowspan=\"1\"><\/td>\n<td rowspan=\"1\"><\/td>\n<td rowspan=\"1\"><\/td>\n<\/tr>\n<tr>\n<th><b>\u00a0<\/b><\/th>\n<td rowspan=\"1\"><\/td>\n<td rowspan=\"1\"><\/td>\n<td rowspan=\"1\"><\/td>\n<\/tr>\n<tr>\n<th><b>\u00a0<\/b><\/th>\n<td rowspan=\"1\"><\/td>\n<td><b>\u00a0<\/b><\/td>\n<td rowspan=\"1\"><\/td>\n<\/tr>\n<tr>\n<th><b>12:30\u00a0<\/b><\/th>\n<td><b>\u00a0<\/b><\/td>\n<td><b>\u00a0<\/b><\/td>\n<td><b>\u00a0<\/b><\/td>\n<\/tr>\n<\/tbody>\n<\/table>\n<p>&nbsp;<\/p>\n<h3>Profesorado en F\u00edsica &#8211; 3er a\u00f1o &#8211; 5to Cuatrimestre<\/h3>\n<table class=\"table1\" border=\"0\">\n<thead>\n<tr>\n<th><b>\u00a0<\/b><\/th>\n<th>Lunes<\/th>\n<th>Martes<\/th>\n<th>Mi\u00e9rcoles<\/th>\n<th>Jueves<\/th>\n<th>Viernes<\/th>\n<\/tr>\n<\/thead>\n<tbody>\n<tr>\n<th>8:00<\/th>\n<td class=\"mat_8\" rowspan=\"12\">Curr\u00edculum<br \/>\ny Did\u00e1ctica<br \/>\nEspec\u00edfica<br \/>\n<b>\u00a0<\/b><br \/>\nAula: FELIX Pell.<br \/>\nDra. Fourty Andrea<\/td>\n<td rowspan=\"1\"><\/td>\n<td><b>\u00a0<\/b><\/td>\n<td class=\"mat_10\" colspan=\"1\" rowspan=\"12\">F\u00edsica IV<br \/>\n<b>\u00a0<\/b><br \/>\nAula: 01 ESC. MEC.<br \/>\nCUR<\/td>\n<td class=\"mat_3\" style=\"vertical-align: middle;\" colspan=\"1\" rowspan=\"6\">Mec\u00e1nica<br \/>\nCl\u00e1sica y<br \/>\nRelatividad<br \/>\n<b>\u00a0<\/b><br \/>\nAula: 03 ESC. MEC.<br \/>\nCUR<\/td>\n<\/tr>\n<tr>\n<th><b>\u00a0<\/b><\/th>\n<td><b>\u00a0<\/b><\/td>\n<td><b>\u00a0<\/b><\/td>\n<\/tr>\n<tr>\n<th><b>\u00a0<\/b><\/th>\n<td><b>\u00a0<\/b><\/td>\n<td><b>\u00a0<\/b><\/td>\n<\/tr>\n<tr>\n<th><b>\u00a0<\/b><\/th>\n<td><b>\u00a0<\/b><\/td>\n<td><b>\u00a0<\/b><\/td>\n<\/tr>\n<tr>\n<th><b>\u00a0<\/b><\/th>\n<td><b>\u00a0<\/b><\/td>\n<td><b>\u00a0<\/b><\/td>\n<\/tr>\n<tr>\n<th><b>10:00\u00a0<\/b><\/th>\n<td><b>\u00a0<\/b><\/td>\n<td><b>\u00a0<\/b><\/td>\n<\/tr>\n<tr>\n<th><\/th>\n<td><b>\u00a0<\/b><\/td>\n<td><b>\u00a0<\/b><\/td>\n<td style=\"vertical-align: top;\"><\/td>\n<\/tr>\n<tr>\n<th>10:30<\/th>\n<td class=\"mat_8\" rowspan=\"7\">Curr\u00edculum<br \/>\ny Did\u00e1ctica<br \/>\nGeneral<br \/>\n<b>\u00a0<\/b><br \/>\nAula: 16 Pell.<\/td>\n<td rowspan=\"1\"><\/td>\n<td rowspan=\"1\"><\/td>\n<\/tr>\n<tr>\n<th><b>\u00a0<\/b><\/th>\n<td style=\"vertical-align: top;\" rowspan=\"1\"><\/td>\n<td style=\"vertical-align: top;\" rowspan=\"1\"><\/td>\n<\/tr>\n<tr>\n<th style=\"vertical-align: top;\">11:00<\/th>\n<td class=\"mat_18\" style=\"vertical-align: middle;\" colspan=\"1\" rowspan=\"10\"><b>\u00a0<\/b>Teor\u00eda del<br \/>\nSujeto y<br \/>\nAprendizaje<br \/>\n<b>\u00a0<\/b><br \/>\nAula: 26 Pell.<b>\u00a0<\/b><b><br \/>\n<\/b><\/td>\n<td style=\"vertical-align: top;\" rowspan=\"1\"><\/td>\n<\/tr>\n<tr>\n<th><b>\u00a0<\/b><\/th>\n<td style=\"vertical-align: top;\" rowspan=\"1\"><\/td>\n<\/tr>\n<tr>\n<th><b>\u00a0<\/b>12:00<\/th>\n<td style=\"vertical-align: top;\" rowspan=\"1\"><\/td>\n<\/tr>\n<tr>\n<th><b>\u00a0<\/b><\/th>\n<td><b>\u00a0<\/b><\/td>\n<td><b>\u00a0<\/b><\/td>\n<td style=\"vertical-align: top;\" rowspan=\"1\"><\/td>\n<\/tr>\n<tr>\n<th>12:30<\/th>\n<td><b>\u00a0<\/b><\/td>\n<td><b>\u00a0<\/b><\/td>\n<td style=\"vertical-align: top;\"><\/td>\n<\/tr>\n<tr>\n<th><b>\u00a0<\/b><\/th>\n<td><b>\u00a0<\/b><\/td>\n<td><b>\u00a0<\/b><\/td>\n<td><b>\u00a0<\/b><\/td>\n<td><b>\u00a0<\/b><\/td>\n<\/tr>\n<tr>\n<th><b>\u00a0<\/b><\/th>\n<td><b>\u00a0<\/b><\/td>\n<td><b>\u00a0<\/b><\/td>\n<td><b>\u00a0<\/b><\/td>\n<td><b>\u00a0<\/b><\/td>\n<\/tr>\n<tr>\n<th>14:00<\/th>\n<td class=\"mat_10\" colspan=\"1\" rowspan=\"6\">F\u00edsica IV<br \/>\n<b>\u00a0<\/b><br \/>\nAula: Anf. F\u00edsica Pell.<\/td>\n<td class=\"mat_3\" colspan=\"1\" rowspan=\"8\">Mec\u00e1nica<br \/>\nCl\u00e1sica y<br \/>\nRelatividad<br \/>\n<b>\u00a0<\/b><br \/>\nAula: 35 Pell.<br \/>\nDr. Manuel Luis<\/td>\n<td class=\"mat_4 virtual\" colspan=\"1\" rowspan=\"10\">Taller de<br \/>\nInform\u00e1tica<br \/>\n<b>\u00a0<\/b><br \/>\nVirtual<b><\/b><b><br \/>\n<\/b><\/td>\n<td class=\"\" rowspan=\"1\"><\/td>\n<\/tr>\n<tr>\n<th><b>\u00a0<\/b><\/th>\n<td style=\"vertical-align: top;\" rowspan=\"1\"><\/td>\n<\/tr>\n<tr>\n<th><b>\u00a015:00<\/b><\/th>\n<td style=\"vertical-align: top;\" rowspan=\"1\"><\/td>\n<\/tr>\n<tr>\n<th><b>\u00a0<\/b><\/th>\n<td><b>\u00a0<\/b><\/td>\n<td style=\"vertical-align: top;\" rowspan=\"1\"><\/td>\n<\/tr>\n<tr>\n<th><b>\u00a0<\/b><\/th>\n<td><b>\u00a0<\/b><\/td>\n<td style=\"vertical-align: top;\" rowspan=\"1\"><\/td>\n<\/tr>\n<tr>\n<th><b>16:00<\/b><\/th>\n<td><b>\u00a0<\/b><\/td>\n<td style=\"vertical-align: top;\" rowspan=\"1\"><\/td>\n<\/tr>\n<tr>\n<th><b>\u00a0<\/b><\/th>\n<td><b>\u00a0<\/b><\/td>\n<td><b>\u00a0<\/b><\/td>\n<td style=\"vertical-align: top;\" rowspan=\"1\"><\/td>\n<\/tr>\n<tr>\n<th><b>\u00a017:00<\/b><\/th>\n<td><b>\u00a0<\/b><\/td>\n<td><b>\u00a0<\/b><\/td>\n<td style=\"vertical-align: top;\" rowspan=\"1\"><\/td>\n<\/tr>\n<tr>\n<th><b>\u00a0<\/b><\/th>\n<td><b>\u00a0<\/b><\/td>\n<td><b>\u00a0<\/b><\/td>\n<td><b>\u00a0<\/b><\/td>\n<td style=\"vertical-align: top;\" rowspan=\"1\"><\/td>\n<\/tr>\n<tr>\n<th>18:00<\/th>\n<td><b>\u00a0<\/b><\/td>\n<td><b>\u00a0<\/b><\/td>\n<td><b>\u00a0<\/b><\/td>\n<td style=\"vertical-align: top;\"><\/td>\n<\/tr>\n<\/tbody>\n<\/table>\n<h3>Profesorado en F\u00edsica &#8211; 4to a\u00f1o &#8211; 7mo Cuatrimestre<\/h3>\n<table class=\"table1\" border=\"0\">\n<thead>\n<tr>\n<th><b>\u00a0<\/b><\/th>\n<th>Lunes<\/th>\n<th>Martes<\/th>\n<th>Mi\u00e9rcoles<\/th>\n<th>Jueves<\/th>\n<th>Viernes<\/th>\n<\/tr>\n<\/thead>\n<tbody>\n<tr>\n<th>9:00<\/th>\n<td><b>\u00a0<\/b><\/td>\n<td class=\"mat_20\" colspan=\"1\" rowspan=\"9\">Residencia<br \/>\n<b>\u00a0<\/b><br \/>\nAula: FELIX\u00a0 Pell.<\/td>\n<td><b>\u00a0<\/b><\/td>\n<td><b>\u00a0<\/b><\/td>\n<td><b>\u00a0<\/b><\/td>\n<\/tr>\n<tr>\n<th><b>\u00a0<\/b><\/th>\n<td><b>\u00a0<\/b><\/td>\n<td><b>\u00a0<\/b><\/td>\n<td><b>\u00a0<\/b><\/td>\n<td><b>\u00a0<\/b><\/td>\n<\/tr>\n<tr>\n<th><b>\u00a0<\/b><\/th>\n<td><b>\u00a0<\/b><\/td>\n<td><b>\u00a0<\/b><\/td>\n<td><b>\u00a0<\/b><\/td>\n<td><b>\u00a0<\/b><\/td>\n<\/tr>\n<tr>\n<th><b>\u00a0<\/b><\/th>\n<td><b>\u00a0<\/b><\/td>\n<td><b>\u00a0<\/b><\/td>\n<td><b>\u00a0<\/b><\/td>\n<td rowspan=\"1\"><\/td>\n<\/tr>\n<tr>\n<th><b>\u00a0<\/b><\/th>\n<td><b>\u00a0<\/b><\/td>\n<td colspan=\"1\" rowspan=\"1\"><b>\u00a0<\/b><\/td>\n<td><b>\u00a0<\/b><\/td>\n<td rowspan=\"1\"><\/td>\n<\/tr>\n<tr>\n<th><b>\u00a0<\/b><\/th>\n<td><\/td>\n<td style=\"vertical-align: top;\" rowspan=\"1\"><\/td>\n<td><b>\u00a0<\/b><\/td>\n<td rowspan=\"1\"><\/td>\n<\/tr>\n<tr>\n<th><b>\u00a0<\/b><\/th>\n<td><b>\u00a0<\/b><\/td>\n<td style=\"vertical-align: top;\" rowspan=\"1\"><\/td>\n<td><b>\u00a0<\/b><\/td>\n<td rowspan=\"1\"><\/td>\n<\/tr>\n<tr>\n<th><b>\u00a0<\/b><\/th>\n<td><b>\u00a0<\/b><\/td>\n<td style=\"vertical-align: top;\" rowspan=\"1\"><\/td>\n<td><b>\u00a0<\/b><\/td>\n<td rowspan=\"1\"><\/td>\n<\/tr>\n<tr>\n<th><b>13:00\u00a0<\/b><\/th>\n<td><b>\u00a0<\/b><\/td>\n<td style=\"vertical-align: top;\"><\/td>\n<td><b>\u00a0<\/b><\/td>\n<td rowspan=\"1\"><\/td>\n<\/tr>\n<tr>\n<th><b>\u00a0<\/b><\/th>\n<td><b>\u00a0<\/b><\/td>\n<td><b>\u00a0<\/b><\/td>\n<td><b>\u00a0<\/b><\/td>\n<td><b>\u00a0<\/b><\/td>\n<td rowspan=\"1\"><\/td>\n<\/tr>\n<tr>\n<th><b>\u00a0<\/b><\/th>\n<td><b>\u00a0<\/b><\/td>\n<td><b>\u00a0<\/b><\/td>\n<td><b>\u00a0<\/b><\/td>\n<td><b>\u00a0<\/b><\/td>\n<td rowspan=\"1\"><\/td>\n<\/tr>\n<tr>\n<th><b>\u00a0<\/b><\/th>\n<td><b>\u00a0<\/b><\/td>\n<td><b>\u00a0<\/b><\/td>\n<td><b>\u00a0<\/b><\/td>\n<td><b>\u00a0<\/b><\/td>\n<td><b>\u00a0<\/b><\/td>\n<\/tr>\n<tr>\n<th>14:00<\/th>\n<td class=\"mat_21\" colspan=\"1\" rowspan=\"8\">Taller de<br \/>\nF\u00edsica Ambiental<br \/>\n<b>\u00a0<\/b><br \/>\nAula: FELIX Pell.<br \/>\n<b>\u00a0<\/b><b>\u00a0<\/b><b>\u00a0<\/b><b>\u00a0<\/b><b>\u00a0<\/b><b>\u00a0<\/b><b><br \/>\n<\/b><\/td>\n<td><b>\u00a0<\/b><\/td>\n<td class=\"\" colspan=\"1\" rowspan=\"1\"><b>\u00a0<\/b><\/td>\n<td class=\"\" colspan=\"1\" rowspan=\"1\"><\/td>\n<td class=\"mat_7\" colspan=\"1\" rowspan=\"8\"><b><\/b><b> <\/b>Naturaleza<br \/>\nde la F\u00edsica<br \/>\n<b>\u00a0<\/b><br \/>\nAula: Auxiliares Pell.<br \/>\nDr. Trumper Adolfo<b><br \/>\n<\/b><\/td>\n<\/tr>\n<tr>\n<th><b>\u00a0<\/b><\/th>\n<td><b>\u00a0<\/b><\/td>\n<td style=\"vertical-align: top;\" rowspan=\"1\"><\/td>\n<td style=\"vertical-align: top;\" rowspan=\"1\"><\/td>\n<\/tr>\n<tr>\n<th><b>\u00a0<\/b><\/th>\n<td><b>\u00a0<\/b><\/td>\n<td style=\"vertical-align: top;\" rowspan=\"1\"><\/td>\n<td style=\"vertical-align: top;\" rowspan=\"1\"><\/td>\n<\/tr>\n<tr>\n<th><b>\u00a0<\/b><\/th>\n<td><b>\u00a0<\/b><\/td>\n<td style=\"vertical-align: top;\" rowspan=\"1\"><\/td>\n<td style=\"vertical-align: top;\" rowspan=\"1\"><\/td>\n<\/tr>\n<tr>\n<th><b>\u00a0<\/b><\/th>\n<td><b>\u00a0<\/b><\/td>\n<td style=\"vertical-align: top;\" rowspan=\"1\"><\/td>\n<td style=\"vertical-align: top;\" rowspan=\"1\"><\/td>\n<\/tr>\n<tr>\n<th><b>\u00a0<\/b><\/th>\n<td><b>\u00a0<\/b><\/td>\n<td style=\"vertical-align: top;\" rowspan=\"1\"><\/td>\n<td style=\"vertical-align: top;\" rowspan=\"1\"><\/td>\n<\/tr>\n<tr>\n<th><b>\u00a0<\/b><\/th>\n<td><b>\u00a0<\/b><\/td>\n<td style=\"vertical-align: top;\" rowspan=\"1\"><\/td>\n<td style=\"vertical-align: top;\" rowspan=\"1\"><\/td>\n<\/tr>\n<tr>\n<th>18:30<\/th>\n<td><b>\u00a0<\/b><\/td>\n<td style=\"vertical-align: top;\"><\/td>\n<td style=\"vertical-align: top;\"><\/td>\n<\/tr>\n<\/tbody>\n<\/table>\n","protected":false},"excerpt":{"rendered":"<p>Profesorado en F\u00edsica &#8211; 2do a\u00f1o &#8211; 3er Cuatrimestre \u00a0 Lunes Martes Mi\u00e9rcoles Jueves Viernes 7:30 An\u00e1lisis Matem\u00e1tico III \u00a0 Aula: 11 <\/p>\n","protected":false},"author":123457,"featured_media":0,"parent":0,"menu_order":0,"comment_status":"closed","ping_status":"closed","template":"","meta":[],"_links":{"self":[{"href":"https:\/\/www.fceia.unr.edu.ar\/estudiantil\/index.php?rest_route=\/wp\/v2\/pages\/17486"}],"collection":[{"href":"https:\/\/www.fceia.unr.edu.ar\/estudiantil\/index.php?rest_route=\/wp\/v2\/pages"}],"about":[{"href":"https:\/\/www.fceia.unr.edu.ar\/estudiantil\/index.php?rest_route=\/wp\/v2\/types\/page"}],"author":[{"embeddable":true,"href":"https:\/\/www.fceia.unr.edu.ar\/estudiantil\/index.php?rest_route=\/wp\/v2\/users\/123457"}],"replies":[{"embeddable":true,"href":"https:\/\/www.fceia.unr.edu.ar\/estudiantil\/index.php?rest_route=%2Fwp%2Fv2%2Fcomments&post=17486"}],"version-history":[{"count":12,"href":"https:\/\/www.fceia.unr.edu.ar\/estudiantil\/index.php?rest_route=\/wp\/v2\/pages\/17486\/revisions"}],"predecessor-version":[{"id":17960,"href":"https:\/\/www.fceia.unr.edu.ar\/estudiantil\/index.php?rest_route=\/wp\/v2\/pages\/17486\/revisions\/17960"}],"wp:attachment":[{"href":"https:\/\/www.fceia.unr.edu.ar\/estudiantil\/index.php?rest_route=%2Fwp%2Fv2%2Fmedia&parent=17486"}],"curies":[{"name":"wp","href":"https:\/\/api.w.org\/{rel}","templated":true}]}}