{"id":17484,"date":"2026-02-11T21:40:15","date_gmt":"2026-02-11T21:40:15","guid":{"rendered":"https:\/\/www.fceia.unr.edu.ar\/estudiantil\/?page_id=17484"},"modified":"2026-03-11T00:59:03","modified_gmt":"2026-03-11T00:59:03","slug":"horarios-profesorado-en-matematica-1er-semestre-2026","status":"publish","type":"page","link":"https:\/\/www.fceia.unr.edu.ar\/estudiantil\/?page_id=17484","title":{"rendered":"Horarios Profesorado en Matem\u00e1tica &#8211; 1er semestre 2026"},"content":{"rendered":"<h3>Profesorado en matem\u00e1tica 2do a\u00f1o &#8211; 3er cuatrimestre &#8211; Plan 2018<\/h3>\n<table class=\"table1\" border=\"0\">\n<thead>\n<tr>\n<th><b>\u00a0<\/b><\/th>\n<th>Lunes<\/th>\n<th>Martes<\/th>\n<th>Mi\u00e9rcoles<\/th>\n<th>Jueves<\/th>\n<th>Viernes<\/th>\n<\/tr>\n<\/thead>\n<tbody>\n<tr>\n<th>7:30<\/th>\n<td class=\"mat_1\" rowspan=\"9\">\u00c1nalisis<br \/>\nMatem\u00e1tico III<br \/>\n<b>\u00a0<\/b><br \/>\nAula: 11 Pell.<\/td>\n<td class=\"mat_4\" rowspan=\"9\">Programaci\u00f3n<br \/>\n<b>\u00a0<\/b><br \/>\nAula: 30 Pell.<\/td>\n<td class=\"mat_1\" rowspan=\"6\">\u00c1nalisis<br \/>\nMatem\u00e1tico IIl<br \/>\n<b>\u00a0<\/b><br \/>\nAula: 11 Pell.<br \/>\nReggiani, S.<br \/>\nSubils, M.<\/td>\n<td rowspan=\"1\"><\/td>\n<td><\/td>\n<\/tr>\n<tr>\n<th><b>\u00a0<\/b><\/th>\n<td rowspan=\"1\"><\/td>\n<td><b>\u00a0<\/b><\/td>\n<\/tr>\n<tr>\n<th><b>8:00\u00a0<\/b><\/th>\n<td class=\"mat_4\" style=\"vertical-align: middle;\" colspan=\"1\" rowspan=\"6\">Programaci\u00f3n<br \/>\n<b>\u00a0<\/b><br \/>\nAula: 30 Pell.<\/td>\n<td><b>\u00a0<\/b><\/td>\n<\/tr>\n<tr>\n<th><b>\u00a0<\/b><\/th>\n<td><b>\u00a0<\/b><\/td>\n<\/tr>\n<tr>\n<th><b>\u00a0<\/b><\/th>\n<td><b>\u00a0<\/b><\/td>\n<\/tr>\n<tr>\n<th>9:30<\/th>\n<td><b>\u00a0<\/b><\/td>\n<\/tr>\n<tr>\n<th><b>\u00a0<\/b><\/th>\n<td class=\"mat_14\" colspan=\"1\" rowspan=\"6\">Pedagog\u00eda<br \/>\n<b>\u00a0<\/b><br \/>\nAula: 23 Pell.<br \/>\nNardoni, F.<\/td>\n<td class=\"mat_1\" rowspan=\"6\">\u00c1nalisis<br \/>\nMatem\u00e1tico IIl<br \/>\n<b>\u00a0<\/b><br \/>\nAula: 03 Pell.<\/td>\n<\/tr>\n<tr>\n<th><b>10:00\u00a0<\/b><\/th>\n<\/tr>\n<tr>\n<th><b>\u00a0<\/b><\/th>\n<td><b>\u00a0<\/b><\/td>\n<\/tr>\n<tr>\n<th>10:30<\/th>\n<td class=\"mat_14\" rowspan=\"7\">Pedagog\u00eda<br \/>\n<b>\u00a0<\/b><br \/>\nAula: 22 Pell.<\/td>\n<td class=\"mat_4\" rowspan=\"7\">Programaci\u00f3n<br \/>\n<b>\u00a0<\/b><br \/>\nAula: 30 Pell.<\/td>\n<td class=\"\" rowspan=\"1\"><\/td>\n<\/tr>\n<tr>\n<th><b>\u00a0<\/b><\/th>\n<td rowspan=\"1\"><\/td>\n<\/tr>\n<tr>\n<th>\u00a011:30<\/th>\n<td rowspan=\"1\"><\/td>\n<\/tr>\n<tr>\n<th><b>\u00a0<\/b><\/th>\n<td rowspan=\"1\"><\/td>\n<td rowspan=\"1\"><\/td>\n<td class=\"mat_11\" colspan=\"1\" rowspan=\"7\">Historia SP<br \/>\ndel SE<br \/>\n<b>\u00a0<\/b><br \/>\nAula: 22 Pell.<\/td>\n<\/tr>\n<tr>\n<th><b>\u00a0<\/b><\/th>\n<td rowspan=\"1\"><\/td>\n<td rowspan=\"1\"><\/td>\n<\/tr>\n<tr>\n<th><b>\u00a0<\/b><\/th>\n<td rowspan=\"1\"><\/td>\n<td rowspan=\"1\"><\/td>\n<\/tr>\n<tr>\n<th>12:30<\/th>\n<td><b>\u00a0<\/b><\/td>\n<td><b>\u00a0<\/b><\/td>\n<\/tr>\n<tr>\n<th><b>\u00a0<\/b><\/th>\n<td><\/td>\n<td><\/td>\n<td><\/td>\n<td><\/td>\n<\/tr>\n<tr>\n<th><b>\u00a0<\/b><\/th>\n<td><\/td>\n<td><\/td>\n<td><\/td>\n<td><\/td>\n<\/tr>\n<tr>\n<th>13:30<\/th>\n<td><\/td>\n<td><\/td>\n<td><\/td>\n<td><\/td>\n<\/tr>\n<tr>\n<th><b>\u00a0<\/b><\/th>\n<td><b>\u00a0<\/b><\/td>\n<td colspan=\"1\" rowspan=\"1\"><\/td>\n<td><b>\u00a0<\/b><\/td>\n<td><b>\u00a0<\/b><\/td>\n<td><b>\u00a0<\/b><\/td>\n<\/tr>\n<tr>\n<th><b>\u00a0<\/b><\/th>\n<td><b>\u00a0<\/b><\/td>\n<td style=\"vertical-align: top;\" rowspan=\"1\"><\/td>\n<td><b>\u00a0<\/b><\/td>\n<td><b>\u00a0<\/b><\/td>\n<td><b>\u00a0<\/b><\/td>\n<\/tr>\n<tr>\n<th>\u00a015:00<\/th>\n<td><b>\u00a0<\/b><\/td>\n<td style=\"vertical-align: top;\" rowspan=\"1\"><\/td>\n<td><b>\u00a0<\/b><\/td>\n<td class=\"mat_11\" rowspan=\"6\">Historia SP<br \/>\ndel SE<br \/>\n<b>\u00a0<\/b><br \/>\nAula: 22 Pell.<br \/>\nCaminati, A.<br \/>\nTessio, J.<\/td>\n<td><b>\u00a0<\/b><\/td>\n<\/tr>\n<tr>\n<th><b>\u00a0<\/b><\/th>\n<td><b>\u00a0<\/b><\/td>\n<td style=\"vertical-align: top;\" rowspan=\"1\"><\/td>\n<td><b>\u00a0<\/b><\/td>\n<td><b>\u00a0<\/b><\/td>\n<\/tr>\n<tr>\n<th><\/th>\n<td class=\"\" colspan=\"1\" rowspan=\"1\"><b>\u00a0<\/b><b>\u00a0<\/b><b><br \/>\n<\/b><\/td>\n<td style=\"vertical-align: top;\" rowspan=\"1\"><\/td>\n<td><b>\u00a0<\/b><\/td>\n<td><b>\u00a0<\/b><\/td>\n<\/tr>\n<tr>\n<th><b>\u00a016:00<\/b><\/th>\n<td rowspan=\"1\"><\/td>\n<td style=\"vertical-align: top;\" rowspan=\"1\"><\/td>\n<td class=\"mat_5\" colspan=\"1\" rowspan=\"9\">Pr\u00e1ctica<br \/>\nProfesional<br \/>\nDocente II<br \/>\n<b>\u00a0<\/b><br \/>\nAula: Lab. DE-SIRE<br \/>\nContreras, N.<br \/>\nSchaefer, L.<\/td>\n<td><b>\u00a0<\/b><\/td>\n<\/tr>\n<tr>\n<th><b>\u00a0<\/b><\/th>\n<td rowspan=\"1\"><\/td>\n<td style=\"vertical-align: top;\"><\/td>\n<td><b>\u00a0<\/b><\/td>\n<\/tr>\n<tr>\n<th>17:00<\/th>\n<td rowspan=\"1\"><\/td>\n<td><b>\u00a0<\/b><\/td>\n<td><b>\u00a0<\/b><\/td>\n<\/tr>\n<tr>\n<th style=\"vertical-align: top;\"><b>\u00a0<\/b><\/th>\n<td style=\"vertical-align: top;\"><\/td>\n<td style=\"vertical-align: top;\"><\/td>\n<td style=\"vertical-align: top;\"><\/td>\n<td style=\"vertical-align: top;\"><\/td>\n<\/tr>\n<tr>\n<th style=\"vertical-align: top;\"><b>\u00a0<\/b><\/th>\n<td style=\"vertical-align: top;\"><\/td>\n<td style=\"vertical-align: top;\"><\/td>\n<td style=\"vertical-align: top;\"><\/td>\n<td style=\"vertical-align: top;\"><\/td>\n<\/tr>\n<tr>\n<th style=\"vertical-align: top;\"><b>\u00a0<\/b><\/th>\n<td style=\"vertical-align: top;\"><\/td>\n<td style=\"vertical-align: top;\"><\/td>\n<td style=\"vertical-align: top;\"><\/td>\n<td style=\"vertical-align: top;\"><\/td>\n<\/tr>\n<tr>\n<th style=\"vertical-align: top;\"><b>\u00a0<\/b><\/th>\n<td style=\"vertical-align: top;\"><\/td>\n<td style=\"vertical-align: top;\"><\/td>\n<td style=\"vertical-align: top;\"><\/td>\n<td style=\"vertical-align: top;\"><\/td>\n<\/tr>\n<tr>\n<th style=\"vertical-align: top;\"><b>\u00a0<\/b><\/th>\n<td style=\"vertical-align: top;\"><\/td>\n<td style=\"vertical-align: top;\"><\/td>\n<td style=\"vertical-align: top;\"><\/td>\n<td style=\"vertical-align: top;\"><\/td>\n<\/tr>\n<tr>\n<th style=\"vertical-align: top;\">19:00<\/th>\n<td style=\"vertical-align: top;\"><\/td>\n<td style=\"vertical-align: top;\"><\/td>\n<td style=\"vertical-align: top;\"><\/td>\n<td style=\"vertical-align: top;\"><\/td>\n<\/tr>\n<\/tbody>\n<\/table>\n<h3>Profesorado en matem\u00e1tica 2do a\u00f1o &#8211; 4to cuatrimestre- Plan 2018<\/h3>\n<table class=\"table1\" border=\"0\">\n<thead>\n<tr>\n<th><b>\u00a0<\/b><\/th>\n<th>Lunes<\/th>\n<th>Martes<\/th>\n<th>Mi\u00e9rcoles<\/th>\n<th>Jueves<\/th>\n<th>Viernes<\/th>\n<\/tr>\n<\/thead>\n<tbody>\n<tr>\n<th>13:45<\/th>\n<td class=\"mat_2\" rowspan=\"9\">\u00c1lgebra<br \/>\nLineal<br \/>\n<b>\u00a0<\/b><br \/>\nAula: 11 Pell.<\/td>\n<td class=\"mat_2\" colspan=\"1\" rowspan=\"6\">\u00c1lgebra<br \/>\nLineal<br \/>\n<b>\u00a0<\/b><br \/>\nAula: 04 Pell.\u00a0<b><\/b><\/td>\n<td><b>\u00a0<\/b><\/td>\n<td class=\"mat_2\" rowspan=\"9\">\u00c1lgebra<br \/>\nLineal<br \/>\n<b>\u00a0<\/b><br \/>\nAula: 01 Pell.<br \/>\nVittone, F.<br \/>\nLuporini, B.<br \/>\nVidal, L.<\/td>\n<td><b>\u00a0<\/b><\/td>\n<\/tr>\n<tr>\n<th><b>\u00a0<\/b><\/th>\n<td><b>\u00a0<\/b><\/td>\n<td><b>\u00a0<\/b><\/td>\n<\/tr>\n<tr>\n<th><b>\u00a0<\/b><\/th>\n<td><b>\u00a0<\/b><\/td>\n<td><b>\u00a0<\/b><\/td>\n<\/tr>\n<tr>\n<th><b>\u00a0<\/b><\/th>\n<td><b>\u00a0<\/b><\/td>\n<td><b>\u00a0<\/b><\/td>\n<\/tr>\n<tr>\n<th><b>\u00a0<\/b><\/th>\n<td><b>\u00a0<\/b><\/td>\n<td><b>\u00a0<\/b><\/td>\n<\/tr>\n<tr>\n<th><b>\u00a015:45<\/b><\/th>\n<td><b>\u00a0<\/b><\/td>\n<td><b>\u00a0<\/b><\/td>\n<\/tr>\n<tr>\n<th><b>\u00a016:00<\/b><\/th>\n<td><b>\u00a0<\/b><\/td>\n<td><b>\u00a0<\/b><\/td>\n<td><b>\u00a0<\/b><\/td>\n<\/tr>\n<tr>\n<th><b>\u00a0<\/b><\/th>\n<td><\/td>\n<td><\/td>\n<td><\/td>\n<\/tr>\n<tr>\n<th>\u00a016:45<\/th>\n<td><b>\u00a0<\/b><\/td>\n<td><b>\u00a0<\/b><\/td>\n<td><b>\u00a0<\/b><\/td>\n<\/tr>\n<\/tbody>\n<\/table>\n<h3>Profesorado en matem\u00e1tica 3er a\u00f1o &#8211; 5to cuatrimestre &#8211; Plan 2018<\/h3>\n<table class=\"table1\" border=\"0\">\n<thead>\n<tr>\n<th><b>\u00a0<\/b><\/th>\n<th>Lunes<\/th>\n<th>Martes<\/th>\n<th>Mi\u00e9rcoles<\/th>\n<th>Jueves<\/th>\n<th>Viernes<\/th>\n<\/tr>\n<\/thead>\n<tbody>\n<tr>\n<th>7:30<\/th>\n<td><\/td>\n<td class=\"mat_3\" style=\"vertical-align: middle;\" colspan=\"1\" rowspan=\"9\"><b>\u00a0<\/b>Geometr\u00eda<br \/>\ndel Plano<br \/>\n<b>\u00a0<\/b><br \/>\nAula: 16 Pell.<br \/>\nAlvarez, M.<br \/>\nSubils, M.<\/td>\n<td><\/td>\n<td><\/td>\n<td><\/td>\n<\/tr>\n<tr>\n<th><b>\u00a0<\/b><\/th>\n<td><\/td>\n<td><\/td>\n<td><\/td>\n<td><\/td>\n<\/tr>\n<tr>\n<th><\/th>\n<td><b>\u00a0<\/b><\/td>\n<td><b>\u00a0<\/b><\/td>\n<td><b>\u00a0<\/b><\/td>\n<td class=\"\" rowspan=\"1\"><\/td>\n<\/tr>\n<tr>\n<th><b>\u00a08:30<\/b><\/th>\n<td class=\"mat_3\" colspan=\"1\" rowspan=\"6\">Geometr\u00eda<br \/>\ndel Plano<br \/>\n<b>\u00a0<\/b><br \/>\nAula: 17 Pell.<\/td>\n<td><b>\u00a0<\/b><\/td>\n<td><b>\u00a0<\/b><\/td>\n<td rowspan=\"1\"><\/td>\n<\/tr>\n<tr>\n<th><b>\u00a0<\/b><\/th>\n<td><b>\u00a0<\/b><\/td>\n<td><b>\u00a0<\/b><\/td>\n<td rowspan=\"1\"><\/td>\n<\/tr>\n<tr>\n<th>9:00<\/th>\n<td class=\"mat_5\" colspan=\"1\" rowspan=\"6\">Pr\u00e1ctica<br \/>\nprofesional<br \/>\ndocente III<br \/>\n<b>\u00a0<\/b><br \/>\nAula: Lab. DCC Pell.<br \/>\nDominguez, E.<br \/>\nWallace, M.<\/td>\n<td class=\"\" colspan=\"1\" rowspan=\"1\"><\/td>\n<td rowspan=\"1\"><\/td>\n<\/tr>\n<tr>\n<th><b>\u00a0<\/b><\/th>\n<td rowspan=\"1\"><\/td>\n<td rowspan=\"1\"><\/td>\n<\/tr>\n<tr>\n<th><b>\u00a0<\/b><\/th>\n<td rowspan=\"1\"><\/td>\n<td><\/td>\n<\/tr>\n<tr>\n<th><b>\u00a0<\/b><\/th>\n<td rowspan=\"1\"><\/td>\n<td><b>\u00a0<\/b><\/td>\n<\/tr>\n<tr>\n<th>\u00a010:30<\/th>\n<td class=\"mat_21\" rowspan=\"6\">Matem\u00e1tica<br \/>\nDiscreta<br \/>\n<b>\u00a0<\/b><br \/>\nAula: 13 Pell.<\/td>\n<td class=\"mat_20\" rowspan=\"6\">Curriculum<br \/>\ny Did\u00e1ctica<br \/>\n<b>\u00a0<\/b><br \/>\nAula: 16 Pell.<br \/>\nZamudio, V.<br \/>\nFantas\u00eda, Y.<\/td>\n<td class=\"mat_3\" style=\"vertical-align: middle;\" colspan=\"1\" rowspan=\"6\">Geometr\u00eda<br \/>\ndel Plano<br \/>\n<b>\u00a0<\/b><br \/>\nAula: Lab. B\u00e1sica Pell.<\/td>\n<td><b>\u00a0<\/b><\/td>\n<\/tr>\n<tr>\n<th><b>\u00a011:00<\/b><\/th>\n<td><b>\u00a0<\/b><\/td>\n<\/tr>\n<tr>\n<th><b>\u00a0<\/b><\/th>\n<td class=\"mat_18\" style=\"vertical-align: middle;\" colspan=\"1\" rowspan=\"13\">Sujetos y<br \/>\nAprendizajes<br \/>\n<b>\u00a0<\/b><br \/>\nAula: 26 Pell.<br \/>\nForlini, N.<br \/>\nGatti, M.<\/td>\n<td><b>\u00a0<\/b><\/td>\n<\/tr>\n<tr>\n<th>\u00a011:30<\/th>\n<td class=\"mat_21\" rowspan=\"7\">Matem\u00e1tica<br \/>\nDiscreta<br \/>\n<b>\u00a0<\/b><br \/>\nAula: 16 Pell.<\/td>\n<\/tr>\n<tr>\n<th><b>\u00a0<\/b><\/th>\n<\/tr>\n<tr>\n<th>12:30<\/th>\n<\/tr>\n<tr>\n<th><b>\u00a0<\/b><\/th>\n<td><b>\u00a0<\/b><\/td>\n<td><b>\u00a0<\/b><\/td>\n<td><b>\u00a0<\/b><\/td>\n<\/tr>\n<tr>\n<th>12:45<\/th>\n<td class=\"mat_9\" rowspan=\"7\">Did\u00e1ctica de<br \/>\nla Matem\u00e1tica<br \/>\n<b>\u00a0<\/b><br \/>\nAula: 17 Pell.<br \/>\nVital, M.<br \/>\nGrossi, S.<\/td>\n<td><b>\u00a0<\/b><\/td>\n<td rowspan=\"1\"><\/td>\n<\/tr>\n<tr>\n<th><b>\u00a013:00<\/b><\/th>\n<td><b>\u00a0<\/b><\/td>\n<td class=\"mat_21\" rowspan=\"11\">Matem\u00e1tica<br \/>\nDiscreta<br \/>\n<b>\u00a0<\/b><br \/>\nAula: 25 Pell.<br \/>\nTorres, P.<br \/>\nFekete, P.<\/td>\n<\/tr>\n<tr>\n<th>\u00a013:30<\/th>\n<td><b>\u00a0<\/b><\/td>\n<\/tr>\n<tr>\n<th><b>\u00a0<\/b><\/th>\n<td><b>\u00a0<\/b><\/td>\n<td><b>\u00a0<\/b><\/td>\n<\/tr>\n<tr>\n<th><b>\u00a0<\/b><\/th>\n<td class=\"\" rowspan=\"1\"><\/td>\n<td rowspan=\"1\"><\/td>\n<\/tr>\n<tr>\n<th><b>\u00a0<\/b><\/th>\n<td rowspan=\"1\"><\/td>\n<td rowspan=\"1\"><\/td>\n<\/tr>\n<tr>\n<th>14:45<\/th>\n<td rowspan=\"1\"><\/td>\n<td rowspan=\"1\"><\/td>\n<\/tr>\n<tr>\n<th><b>15:00\u00a0<\/b><\/th>\n<td><b>\u00a0<\/b><\/td>\n<td rowspan=\"1\"><\/td>\n<td rowspan=\"1\"><\/td>\n<\/tr>\n<tr>\n<th><b>\u00a0<\/b><\/th>\n<td><b>\u00a0<\/b><\/td>\n<td rowspan=\"1\"><\/td>\n<td rowspan=\"1\"><\/td>\n<td rowspan=\"1\"><\/td>\n<\/tr>\n<tr>\n<th><\/th>\n<td><b>\u00a0<\/b><\/td>\n<td rowspan=\"1\"><\/td>\n<td><\/td>\n<td><b>\u00a0<\/b><\/td>\n<\/tr>\n<tr>\n<th><b>\u00a0<\/b><\/th>\n<td><b>\u00a0<\/b><\/td>\n<td rowspan=\"1\"><\/td>\n<td><b>\u00a0<\/b><\/td>\n<td><b>\u00a0<\/b><\/td>\n<\/tr>\n<tr>\n<th>16:00<\/th>\n<td><b>\u00a0<\/b><\/td>\n<td><b>\u00a0<\/b><\/td>\n<td><b>\u00a0<\/b><\/td>\n<td><b>\u00a0<\/b><\/td>\n<\/tr>\n<\/tbody>\n<\/table>\n<h3>Profesorado en matem\u00e1tica 4to a\u00f1o &#8211; 7mo cuatrimestre &#8211; Plan 2018<\/h3>\n<table class=\"table1\" border=\"0\">\n<thead>\n<tr>\n<th><b>\u00a0<\/b><\/th>\n<th>Lunes<\/th>\n<th colspan=\"1\" rowspan=\"1\">Martes<\/th>\n<th>Mi\u00e9rcoles<\/th>\n<th>Jueves<\/th>\n<th>Viernes<\/th>\n<\/tr>\n<\/thead>\n<tbody>\n<tr>\n<th>8:30<\/th>\n<td><b>\u00a0<\/b><\/td>\n<td colspan=\"1\" rowspan=\"1\"><b>\u00a0<\/b><\/td>\n<td><b>\u00a0<\/b><\/td>\n<td><\/td>\n<td class=\"mat_16\" rowspan=\"9\">Historia y<br \/>\nFundamentos<br \/>\nTe\u00f3rico &#8211; Epistemol\u00f3gicos<br \/>\nde la Matem\u00e1tica<br \/>\n<b>\u00a0<\/b><br \/>\nAula: 25 Pell.<\/td>\n<\/tr>\n<tr>\n<th><b>\u00a0<\/b><\/th>\n<td class=\"mat_22\" colspan=\"3\" rowspan=\"2\">Proyectos Innovadores en Educaci\u00f3n Matem\u00e1tica<br \/>\n<b>\u00a0<\/b><br \/>\nHorario a determinar con los estudiantes<b><br \/>\n<\/b><\/td>\n<td><\/td>\n<\/tr>\n<tr>\n<th><b>\u00a0<\/b><\/th>\n<td><\/td>\n<\/tr>\n<tr>\n<th><b>\u00a0<\/b><\/th>\n<td><b>\u00a0<\/b><\/td>\n<td colspan=\"1\" rowspan=\"1\"><b>\u00a0<\/b><\/td>\n<td><b>\u00a0<\/b><\/td>\n<td><\/td>\n<\/tr>\n<tr>\n<th><b>\u00a0<\/b><\/th>\n<td><b>\u00a0<\/b><\/td>\n<td colspan=\"1\" rowspan=\"1\"><b>\u00a0<\/b><\/td>\n<td><b>\u00a0<\/b><\/td>\n<td><\/td>\n<\/tr>\n<tr>\n<th>\u00a010:30<\/th>\n<td><b>\u00a0<\/b><\/td>\n<td colspan=\"1\" rowspan=\"1\"><b>\u00a0<\/b><\/td>\n<td><b>\u00a0<\/b><\/td>\n<td><\/td>\n<\/tr>\n<tr>\n<th><b>\u00a0<\/b><\/th>\n<td class=\"mat_16\" rowspan=\"6\">Historia y<br \/>\nFundamentos<br \/>\nTe\u00f3rico &#8211;<br \/>\nEpistemol\u00f3gicos<br \/>\nde la Matem\u00e1tica<br \/>\n<b>\u00a0<\/b><br \/>\nAula: 25 Pell.<\/td>\n<td class=\"mat_5\" colspan=\"1\" rowspan=\"9\">Pr\u00e1ctica<br \/>\nProfesional<br \/>\nDocente IV<br \/>\n<b>\u00a0<\/b><br \/>\nAula:<br \/>\nDominguez, E.<br \/>\nGrossi, S.<\/td>\n<td class=\"mat_16\" rowspan=\"6\">Historia y<br \/>\nFundamentos<br \/>\nTe\u00f3rico &#8211; Epistemol\u00f3gicos<br \/>\nde la Matem\u00e1tica<br \/>\n<b>\u00a0<\/b><br \/>\nAula: 25 Pell.<br \/>\nEmmanuele, D.<\/td>\n<td><b>\u00a0<\/b><\/td>\n<\/tr>\n<tr>\n<th><b>\u00a0<\/b><\/th>\n<td><b>\u00a0<\/b><\/td>\n<\/tr>\n<tr>\n<th>\u00a011:30<\/th>\n<td><b>\u00a0<\/b><\/td>\n<\/tr>\n<tr>\n<th><b>\u00a0<\/b><\/th>\n<td><b>\u00a0<\/b><\/td>\n<td><b>\u00a0<\/b><\/td>\n<\/tr>\n<tr>\n<th><b>\u00a0<\/b><\/th>\n<td><b>\u00a0<\/b><\/td>\n<td><b>\u00a0<\/b><\/td>\n<\/tr>\n<tr>\n<th>\u00a012:30<\/th>\n<td><b>\u00a0<\/b><\/td>\n<td><b>\u00a0<\/b><\/td>\n<\/tr>\n<tr>\n<th><b>\u00a0<\/b><\/th>\n<td><b>\u00a0<\/b><\/td>\n<td><b>\u00a0<\/b><\/td>\n<td><b>\u00a0<\/b><\/td>\n<td><b>\u00a0<\/b><\/td>\n<\/tr>\n<tr>\n<th><b>13:00\u00a0<\/b><\/th>\n<td class=\"mat_10\" rowspan=\"8\">\u00c1lgebra<br \/>\nSuperior<br \/>\n<b><\/b><br \/>\nAula: 25 Pell.<\/td>\n<td><b>\u00a0<\/b><\/td>\n<td><b>\u00a0<\/b><\/td>\n<td><b>\u00a0<\/b><\/td>\n<\/tr>\n<tr>\n<th>13:30<\/th>\n<td><b>\u00a0<\/b><\/td>\n<td><b>\u00a0<\/b><\/td>\n<td><b>\u00a0<\/b><\/td>\n<\/tr>\n<tr>\n<th><b>\u00a0<\/b><\/th>\n<td colspan=\"1\" rowspan=\"1\"><b>\u00a0<\/b><\/td>\n<td><b>\u00a0<\/b><\/td>\n<td><b>\u00a0<\/b><\/td>\n<td><b>\u00a0<\/b><\/td>\n<\/tr>\n<tr>\n<th>13:45<\/th>\n<td class=\"mat_10\" colspan=\"1\" rowspan=\"9\">\u00c1lgebra<br \/>\nSuperior<br \/>\n<b>\u00a0<\/b><br \/>\nAula: 25 Pell.<\/td>\n<td class=\"mat_10\" rowspan=\"9\">\u00c1lgebra<br \/>\nSuperior<br \/>\n<b>\u00a0<\/b><br \/>\nAula: 17 Pell.<br \/>\nCardoso, I.<br \/>\nCampitelli, C.<\/td>\n<td><b>\u00a0<\/b><\/td>\n<td><b>\u00a0<\/b><\/td>\n<\/tr>\n<tr>\n<th><\/th>\n<td><b>\u00a0<\/b><\/td>\n<td><b>\u00a0<\/b><\/td>\n<\/tr>\n<tr>\n<th><b>\u00a0<\/b><\/th>\n<td><b>\u00a0<\/b><\/td>\n<td><b>\u00a0<\/b><\/td>\n<\/tr>\n<tr>\n<th><b>\u00a0<\/b><\/th>\n<td><b>\u00a0<\/b><\/td>\n<td><b>\u00a0<\/b><\/td>\n<\/tr>\n<tr>\n<th><b>\u00a015:00<\/b><\/th>\n<td><\/td>\n<td><\/td>\n<\/tr>\n<tr>\n<th><\/th>\n<td style=\"vertical-align: top;\"><\/td>\n<td><b>\u00a0<\/b><\/td>\n<td><b>\u00a0<\/b><\/td>\n<\/tr>\n<tr>\n<th><b>\u00a0<\/b><\/th>\n<td rowspan=\"1\"><\/td>\n<td><b>\u00a0<\/b><\/td>\n<td><b>\u00a0<\/b><\/td>\n<\/tr>\n<tr>\n<th><b>\u00a0<\/b><\/th>\n<td rowspan=\"1\"><\/td>\n<td><b>\u00a0<\/b><\/td>\n<td><b>\u00a0<\/b><\/td>\n<\/tr>\n<tr>\n<th>16:45<\/th>\n<td><b>\u00a0<\/b><\/td>\n<td><b>\u00a0<\/b><\/td>\n<td><b>\u00a0<\/b><\/td>\n<\/tr>\n<\/tbody>\n<\/table>\n","protected":false},"excerpt":{"rendered":"<p>Profesorado en matem\u00e1tica 2do a\u00f1o &#8211; 3er cuatrimestre &#8211; Plan 2018 \u00a0 Lunes Martes Mi\u00e9rcoles Jueves Viernes 7:30 \u00c1nalisis Matem\u00e1tico III \u00a0 <\/p>\n","protected":false},"author":123457,"featured_media":0,"parent":0,"menu_order":0,"comment_status":"closed","ping_status":"closed","template":"","meta":[],"_links":{"self":[{"href":"https:\/\/www.fceia.unr.edu.ar\/estudiantil\/index.php?rest_route=\/wp\/v2\/pages\/17484"}],"collection":[{"href":"https:\/\/www.fceia.unr.edu.ar\/estudiantil\/index.php?rest_route=\/wp\/v2\/pages"}],"about":[{"href":"https:\/\/www.fceia.unr.edu.ar\/estudiantil\/index.php?rest_route=\/wp\/v2\/types\/page"}],"author":[{"embeddable":true,"href":"https:\/\/www.fceia.unr.edu.ar\/estudiantil\/index.php?rest_route=\/wp\/v2\/users\/123457"}],"replies":[{"embeddable":true,"href":"https:\/\/www.fceia.unr.edu.ar\/estudiantil\/index.php?rest_route=%2Fwp%2Fv2%2Fcomments&post=17484"}],"version-history":[{"count":28,"href":"https:\/\/www.fceia.unr.edu.ar\/estudiantil\/index.php?rest_route=\/wp\/v2\/pages\/17484\/revisions"}],"predecessor-version":[{"id":18033,"href":"https:\/\/www.fceia.unr.edu.ar\/estudiantil\/index.php?rest_route=\/wp\/v2\/pages\/17484\/revisions\/18033"}],"wp:attachment":[{"href":"https:\/\/www.fceia.unr.edu.ar\/estudiantil\/index.php?rest_route=%2Fwp%2Fv2%2Fmedia&parent=17484"}],"curies":[{"name":"wp","href":"https:\/\/api.w.org\/{rel}","templated":true}]}}