{"id":17482,"date":"2026-02-11T21:39:40","date_gmt":"2026-02-11T21:39:40","guid":{"rendered":"https:\/\/www.fceia.unr.edu.ar\/estudiantil\/?page_id=17482"},"modified":"2026-03-05T22:42:10","modified_gmt":"2026-03-05T22:42:10","slug":"horarios-licenciatura-en-matematica-1er-semestre-2026","status":"publish","type":"page","link":"https:\/\/www.fceia.unr.edu.ar\/estudiantil\/?page_id=17482","title":{"rendered":"Horarios Licenciatura en Matem\u00e1tica &#8211; 1er semestre 2026"},"content":{"rendered":"<h3>Licenciatura en Matem\u00e1tica 2do a\u00f1o &#8211; 3er cuatrimestre &#8211; Plan 2018<\/h3>\n<table class=\"table1\" border=\"0\">\n<thead>\n<tr>\n<th><b>\u00a0<\/b><\/th>\n<th>Lunes<\/th>\n<th>Martes<\/th>\n<th>Mi\u00e9rcoles<\/th>\n<th>Jueves<\/th>\n<th>Viernes<\/th>\n<\/tr>\n<\/thead>\n<tbody>\n<tr>\n<th>7:30<\/th>\n<td class=\"mat_1\" rowspan=\"10\">\u00c1nalisis<br \/>\nMatem\u00e1tico III<br \/>\n<b>\u00a0<\/b><br \/>\nAula: 11 Pell.<\/td>\n<td class=\"mat_4\" rowspan=\"16\">Programaci\u00f3n<br \/>\n<b><\/b><br \/>\nAula: 30 Pell.<\/td>\n<td class=\"mat_1\" rowspan=\"6\">\u00c1nalisis<br \/>\nMatem\u00e1tico IIl<br \/>\n<b>\u00a0<\/b><br \/>\nAula: 11 Pell.<br \/>\nReggiani, S.<br \/>\nSubils, M.<\/td>\n<td><b>\u00a0<\/b><\/td>\n<td><b>\u00a0<\/b><\/td>\n<\/tr>\n<tr>\n<th>8:00<\/th>\n<td class=\"mat_4\" rowspan=\"7\">Programaci\u00f3n<br \/>\n<b>\u00a0<\/b><br \/>\nAula: 30 Pell.<\/td>\n<td><b>\u00a0<\/b><\/td>\n<\/tr>\n<tr>\n<th><b>\u00a0<\/b><\/th>\n<td><b>\u00a0<\/b><\/td>\n<\/tr>\n<tr>\n<th><b>\u00a0<\/b><\/th>\n<td><b>\u00a0<\/b><\/td>\n<\/tr>\n<tr>\n<th><b>\u00a0<\/b><\/th>\n<td><b>\u00a0<\/b><\/td>\n<\/tr>\n<tr>\n<th>9:30<\/th>\n<td><b>\u00a0<\/b><\/td>\n<\/tr>\n<tr>\n<th><b>\u00a0<\/b><\/th>\n<td class=\"\" rowspan=\"1\"><\/td>\n<td class=\"mat_1\" colspan=\"1\" rowspan=\"7\">\u00c1nalisis<br \/>\nMatem\u00e1tico IIl<br \/>\n<b>\u00a0<\/b><br \/>\nAula: 03 Pell.<\/td>\n<\/tr>\n<tr>\n<th>10:00<\/th>\n<td rowspan=\"1\"><\/td>\n<\/tr>\n<tr>\n<th><b>\u00a0<\/b><\/th>\n<td rowspan=\"1\"><\/td>\n<td><b>\u00a0<\/b><\/td>\n<\/tr>\n<tr>\n<th><b>\u00a0<\/b><\/th>\n<td rowspan=\"1\"><\/td>\n<td><b>\u00a0<\/b><\/td>\n<\/tr>\n<tr>\n<th>10:30<\/th>\n<td class=\"mat_9\" rowspan=\"6\">Matem\u00e1tica<br \/>\nDiscreta<br \/>\n<b>\u00a0<\/b><br \/>\nAula: 13 Pell.<\/td>\n<td rowspan=\"1\"><\/td>\n<td><\/td>\n<\/tr>\n<tr>\n<th><b>\u00a0<\/b><\/th>\n<td rowspan=\"1\"><\/td>\n<td><b>\u00a0<\/b><\/td>\n<\/tr>\n<tr>\n<th>11:30<\/th>\n<td rowspan=\"1\"><\/td>\n<td><b>\u00a0<\/b><\/td>\n<\/tr>\n<tr>\n<th><b>\u00a0<\/b><\/th>\n<td rowspan=\"1\"><\/td>\n<td><b>\u00a0<\/b><\/td>\n<td class=\"mat_9\" rowspan=\"7\">Matem\u00e1tica<br \/>\nDiscreta<br \/>\n<b>\u00a0<\/b><br \/>\nAula: 16 Pell.<\/td>\n<\/tr>\n<tr>\n<th><b>\u00a0<\/b><\/th>\n<td rowspan=\"1\"><\/td>\n<td><b>\u00a0<\/b><\/td>\n<\/tr>\n<tr>\n<th>12:30<\/th>\n<td><b>\u00a0<\/b><\/td>\n<td><b>\u00a0<\/b><\/td>\n<\/tr>\n<tr>\n<th><b>\u00a0<\/b><\/th>\n<td><b>\u00a0<\/b><\/td>\n<td><b>\u00a0<\/b><\/td>\n<td><b>\u00a0<\/b><\/td>\n<td><b>\u00a0<\/b><\/td>\n<\/tr>\n<tr>\n<th>13:00<\/th>\n<td><b>\u00a0<\/b><\/td>\n<td><b>\u00a0<\/b><\/td>\n<td><b>\u00a0<\/b><\/td>\n<td class=\"mat_9\" rowspan=\"9\">Matem\u00e1tica<br \/>\nDiscreta<br \/>\n<b>\u00a0<\/b><br \/>\nAula: 25 Pell.<br \/>\nTorres, P.<br \/>\nFekete, P.<\/td>\n<\/tr>\n<tr>\n<th><b>\u00a0<\/b><\/th>\n<td><b>\u00a0<\/b><\/td>\n<td><b>\u00a0<\/b><\/td>\n<td><b>\u00a0<\/b><\/td>\n<\/tr>\n<tr>\n<th>13:30<\/th>\n<td class=\"mat_20\" colspan=\"1\" rowspan=\"8\">Taller de<br \/>\nMatem\u00e1tica III<br \/>\n<b>\u00a0<\/b><br \/>\nAula: 22 Pell.<br \/>\nBarrios, M.<br \/>\nBravo, D.<\/td>\n<td><b>\u00a0<\/b><\/td>\n<td><b>\u00a0<\/b><\/td>\n<\/tr>\n<tr>\n<th><b>\u00a0<\/b><\/th>\n<td><b>\u00a0<\/b><\/td>\n<td><b>\u00a0<\/b><\/td>\n<td><b>\u00a0<\/b><\/td>\n<\/tr>\n<tr>\n<th><b>\u00a0<\/b><\/th>\n<td><b>\u00a0<\/b><\/td>\n<td><b>\u00a0<\/b><\/td>\n<td><b>\u00a0<\/b><\/td>\n<\/tr>\n<tr>\n<th><b>\u00a0<\/b><\/th>\n<td><b>\u00a0<\/b><\/td>\n<td><b>\u00a0<\/b><\/td>\n<td><b>\u00a0<\/b><\/td>\n<\/tr>\n<tr>\n<th><b>\u00a0<\/b><\/th>\n<td><b>\u00a0<\/b><\/td>\n<td><b>\u00a0<\/b><\/td>\n<td><b>\u00a0<\/b><\/td>\n<\/tr>\n<tr>\n<th><b>\u00a0<\/b><\/th>\n<td><b>\u00a0<\/b><\/td>\n<td><b>\u00a0<\/b><\/td>\n<td><b>\u00a0<\/b><\/td>\n<\/tr>\n<tr>\n<th>16:00<\/th>\n<td><b>\u00a0<\/b><\/td>\n<td><b>\u00a0<\/b><\/td>\n<td><b>\u00a0<\/b><\/td>\n<\/tr>\n<tr>\n<th>16.30<\/th>\n<td><b>\u00a0<\/b><\/td>\n<td><b>\u00a0<\/b><\/td>\n<td><b>\u00a0<\/b><\/td>\n<td><b>\u00a0<\/b><\/td>\n<\/tr>\n<\/tbody>\n<\/table>\n<h3>Licenciatura en Matem\u00e1tica 2do a\u00f1o &#8211; 4to cuatrimestre &#8211; Plan 2018<\/h3>\n<table class=\"table1\" border=\"0\">\n<thead>\n<tr>\n<th><b>\u00a0<\/b><\/th>\n<th>Lunes<\/th>\n<th>Martes<\/th>\n<th>Mi\u00e9rcoles<\/th>\n<th>Jueves<\/th>\n<th>Viernes<\/th>\n<\/tr>\n<\/thead>\n<tbody>\n<tr>\n<th>13:45<\/th>\n<td class=\"mat_2\" rowspan=\"9\">\u00c1lgebra<br \/>\nLineal<br \/>\n<b>\u00a0<\/b><br \/>\nAula: 11 Pell.<\/td>\n<td class=\"mat_2\" colspan=\"1\" rowspan=\"6\">\u00c1lgebra<br \/>\nLineal<br \/>\n<b>\u00a0<\/b><br \/>\nAula:04 Pell.\u00a0<b><\/b><\/td>\n<td><b>\u00a0<\/b><\/td>\n<td class=\"mat_2\" rowspan=\"9\">\u00c1lgebra<br \/>\nLineal<br \/>\n<b>\u00a0<\/b><br \/>\nAula: 01 Pell.<br \/>\nVittone, F.<br \/>\nLuporini, B.<br \/>\nVidal, L.<\/td>\n<td><b>\u00a0<\/b><\/td>\n<\/tr>\n<tr>\n<th><b>\u00a0<\/b><\/th>\n<td><b>\u00a0<\/b><\/td>\n<td><b>\u00a0<\/b><\/td>\n<\/tr>\n<tr>\n<th><\/th>\n<td><b>\u00a0<\/b><\/td>\n<td><b>\u00a0<\/b><\/td>\n<\/tr>\n<tr>\n<th><b>\u00a0<\/b><\/th>\n<td><b>\u00a0<\/b><\/td>\n<td><b>\u00a0<\/b><\/td>\n<\/tr>\n<tr>\n<th><b>\u00a0<\/b><\/th>\n<td><b>\u00a0<\/b><\/td>\n<td><b>\u00a0<\/b><\/td>\n<\/tr>\n<tr>\n<th><b>\u00a015:45<\/b><\/th>\n<td><b>\u00a0<\/b><\/td>\n<td><b>\u00a0<\/b><\/td>\n<\/tr>\n<tr>\n<th><b>\u00a016:00<\/b><\/th>\n<td><b>\u00a0<\/b><\/td>\n<td><b>\u00a0<\/b><\/td>\n<td><b>\u00a0<\/b><\/td>\n<\/tr>\n<tr>\n<th><b>\u00a0<\/b><\/th>\n<td><\/td>\n<td><\/td>\n<td><\/td>\n<\/tr>\n<tr>\n<th>\u00a016:45<\/th>\n<td><b>\u00a0<\/b><\/td>\n<td><b>\u00a0<\/b><\/td>\n<td><b>\u00a0<\/b><\/td>\n<\/tr>\n<\/tbody>\n<\/table>\n<h3>Licenciatura en Matem\u00e1tica 3er a\u00f1o &#8211; 5to cuatrimestre &#8211; Plan 2018<\/h3>\n<table class=\"table1\" border=\"0\">\n<thead>\n<tr>\n<th><b>\u00a0<\/b><\/th>\n<th>Lunes<\/th>\n<th>Martes<\/th>\n<th>Mi\u00e9rcoles<\/th>\n<th>Jueves<\/th>\n<th>Viernes<\/th>\n<\/tr>\n<\/thead>\n<tbody>\n<tr>\n<th>7:30<\/th>\n<td class=\"mat_17\" rowspan=\"9\">An\u00e1lisis Real<br \/>\n<b>\u00a0<\/b><br \/>\nAula: 16 Pell.<\/td>\n<td><b>\u00a0<\/b><\/td>\n<td><b>\u00a0<\/b><\/td>\n<td class=\"mat_20\" rowspan=\"9\">Topolog\u00eda<br \/>\nGeneral<br \/>\n<b>\u00a0<\/b><br \/>\nAula: 25 Pell.<\/td>\n<td class=\"mat_20\" rowspan=\"5\">Topologia<br \/>\nGeneral<br \/>\n<b><\/b><br \/>\nAula: 16 Pell.<\/td>\n<\/tr>\n<tr>\n<th><b>\u00a0<\/b><\/th>\n<td><b>\u00a0<\/b><\/td>\n<td><b>\u00a0<\/b><\/td>\n<\/tr>\n<tr>\n<th><b>\u00a0<\/b><\/th>\n<td><b>\u00a0<\/b><\/td>\n<td><b>\u00a0<\/b><\/td>\n<\/tr>\n<tr>\n<th>8:30<\/th>\n<td><\/td>\n<td><\/td>\n<\/tr>\n<tr>\n<th><b>\u00a0<\/b><\/th>\n<td><\/td>\n<td><\/td>\n<\/tr>\n<tr>\n<th>9:30<\/th>\n<td><\/td>\n<td><\/td>\n<td class=\"mat_3\" rowspan=\"10\">Geometr\u00eda<br \/>\nDiferencial<br \/>\n<b>\u00a0<\/b><br \/>\nAula: Lab. DCC Pell.<\/td>\n<\/tr>\n<tr>\n<th><b>\u00a0<\/b><\/th>\n<td><\/td>\n<td><\/td>\n<\/tr>\n<tr>\n<th><b>\u00a0<\/b><\/th>\n<td><\/td>\n<td><\/td>\n<\/tr>\n<tr>\n<th><b>\u00a0<\/b><\/th>\n<td><\/td>\n<td><\/td>\n<\/tr>\n<tr>\n<th>10:30<\/th>\n<td><\/td>\n<td class=\"mat_20\" rowspan=\"6\">Topolog\u00eda<br \/>\nGeneral<br \/>\n<b>\u00a0<\/b><br \/>\nAula: 16 Pell.<br \/>\nAlvarez, M.<br \/>\nLombardi, A.<\/td>\n<td class=\"mat_17\" rowspan=\"6\">An\u00e1lisis Real<br \/>\n<b>\u00a0<\/b><br \/>\nAula: 16 Pell.<br \/>\nParente, L.<br \/>\nSb\u00e9rgamo, G.<\/td>\n<td class=\"mat_17\" rowspan=\"6\">An\u00e1lisis Real<br \/>\n<b>\u00a0<\/b><br \/>\nAula: 16 Pell.<\/td>\n<\/tr>\n<tr>\n<th><b>\u00a0<\/b><\/th>\n<td><\/td>\n<\/tr>\n<tr>\n<th><b>\u00a0<\/b><\/th>\n<td><\/td>\n<\/tr>\n<tr>\n<th><b>\u00a0<\/b><\/th>\n<td><\/td>\n<\/tr>\n<tr>\n<th><b>\u00a0<\/b><\/th>\n<td><\/td>\n<\/tr>\n<tr>\n<th>12:30<\/th>\n<td><\/td>\n<\/tr>\n<tr>\n<th><b>\u00a0<\/b><\/th>\n<td><b>\u00a0<\/b><\/td>\n<td><b>\u00a0<\/b><\/td>\n<td><b>\u00a0<\/b><\/td>\n<td><b>\u00a0<\/b><\/td>\n<td><b>\u00a0<\/b><\/td>\n<\/tr>\n<tr>\n<th><b>13:30<\/b><\/th>\n<td class=\"mat_3\" rowspan=\"6\">Geometr\u00eda<br \/>\nDiferencial<br \/>\n<b><\/b><br \/>\nAula: 16 Pell.<\/td>\n<td class=\"mat_3\" rowspan=\"6\">Geometr\u00eda<br \/>\nDiferencial<br \/>\n<b>\u00a0<\/b><br \/>\nAula: 22 Pell.<br \/>\nOvando, G.<br \/>\nDigrazia, J.<\/td>\n<td><\/td>\n<td><\/td>\n<td><\/td>\n<\/tr>\n<tr>\n<th><b>\u00a0<\/b><\/th>\n<td><\/td>\n<td><\/td>\n<td><\/td>\n<\/tr>\n<tr>\n<th><b>\u00a0<\/b><\/th>\n<td><\/td>\n<td><\/td>\n<td><\/td>\n<\/tr>\n<tr>\n<th><b>\u00a0<\/b><\/th>\n<td><\/td>\n<td><\/td>\n<td><\/td>\n<\/tr>\n<tr>\n<th><b>\u00a0<\/b><\/th>\n<td><\/td>\n<td><\/td>\n<td><\/td>\n<\/tr>\n<tr>\n<th>15:30<\/th>\n<td><\/td>\n<td><\/td>\n<td><\/td>\n<\/tr>\n<\/tbody>\n<\/table>\n<h3>Licenciatura en Matem\u00e1tica 4to a\u00f1o &#8211; 7mo cuatrimestre &#8211; Plan 2018<\/h3>\n<table class=\"table1\" border=\"0\">\n<thead>\n<tr>\n<th><b>\u00a0<\/b><\/th>\n<th>Lunes<\/th>\n<th>Martes<\/th>\n<th>Mi\u00e9rcoles<\/th>\n<th>Jueves<\/th>\n<th>Viernes<\/th>\n<\/tr>\n<\/thead>\n<tbody>\n<tr>\n<th>7:30<\/th>\n<td><b>\u00a0<\/b><\/td>\n<td class=\"mat_18\" rowspan=\"9\">An\u00e1lisis<br \/>\nNum\u00e9rico<br \/>\n<b>\u00a0<\/b><br \/>\nAula: 25 Pell.<\/td>\n<td class=\"mat_18\" colspan=\"1\" rowspan=\"6\">An\u00e1lisis<br \/>\nNum\u00e9rico<br \/>\n<b>\u00a0<\/b><br \/>\nAula: 25 Pell.<br \/>\nDella Vecchia, E.<br \/>\nGargantini, A.<\/td>\n<td class=\"mat_18\" colspan=\"1\" rowspan=\"6\">An\u00e1lisis<br \/>\nNum\u00e9rico<br \/>\n<b>\u00a0<\/b><br \/>\nAula: 26 Pell.<\/td>\n<td class=\"\" colspan=\"1\" rowspan=\"1\"><\/td>\n<\/tr>\n<tr>\n<th><b>8:00\u00a0<\/b><\/th>\n<td><b>\u00a0<\/b><\/td>\n<td class=\"mat_5\" style=\"vertical-align: middle;\" colspan=\"1\" rowspan=\"8\">Optimizaci\u00f3n<br \/>\nLineal<br \/>\n<b>\u00a0<\/b><br \/>\nAula: Lab. B\u00e1sica Pell.<br \/>\nFekete, P.<br \/>\nMoroni, L.<\/td>\n<\/tr>\n<tr>\n<th><b>\u00a0<\/b><\/th>\n<td><b>\u00a0<\/b><\/td>\n<\/tr>\n<tr>\n<th><\/th>\n<td><b>\u00a0<\/b><\/td>\n<\/tr>\n<tr>\n<th><b>\u00a0<\/b><\/th>\n<td><b>\u00a0<\/b><\/td>\n<\/tr>\n<tr>\n<th>9:30<\/th>\n<td><b>\u00a0<\/b><\/td>\n<\/tr>\n<tr>\n<th><b>\u00a0<\/b><\/th>\n<td><b>\u00a0<\/b><\/td>\n<td rowspan=\"1\"><\/td>\n<td rowspan=\"1\"><\/td>\n<\/tr>\n<tr>\n<th><b>10:00\u00a0<\/b><\/th>\n<td><b>\u00a0<\/b><\/td>\n<td rowspan=\"1\"><\/td>\n<td class=\"mat_8\" style=\"vertical-align: middle;\" rowspan=\"9\">An\u00e1lisis<br \/>\nFuncional<br \/>\n<b>\u00a0<\/b><br \/>\nAula: 26 Pell.<br \/>\nGianatti, J.<br \/>\nSb\u00e9rgamo, G.<\/td>\n<\/tr>\n<tr>\n<th>10:30<\/th>\n<td><b>\u00a0<\/b><\/td>\n<td><b>\u00a0<\/b><\/td>\n<\/tr>\n<tr>\n<th><b>\u00a0<\/b><\/th>\n<td rowspan=\"1\"><\/td>\n<td><b>\u00a0<\/b><\/td>\n<td rowspan=\"1\"><\/td>\n<td><b>\u00a0<\/b><\/td>\n<\/tr>\n<tr>\n<th>11:00<\/th>\n<td rowspan=\"1\"><\/td>\n<td class=\"mat_8\" rowspan=\"6\">An\u00e1lisis<br \/>\nFuncional<br \/>\n<b>\u00a0<\/b><br \/>\nAula: 25 Pell.<\/td>\n<td rowspan=\"1\"><\/td>\n<td class=\"\" rowspan=\"1\"><\/td>\n<\/tr>\n<tr>\n<th><b>\u00a0<\/b><\/th>\n<td rowspan=\"1\"><\/td>\n<td rowspan=\"1\"><\/td>\n<td rowspan=\"1\"><\/td>\n<\/tr>\n<tr>\n<th><b>\u00a0<\/b><\/th>\n<td rowspan=\"1\"><\/td>\n<td rowspan=\"1\"><\/td>\n<td rowspan=\"1\"><\/td>\n<\/tr>\n<tr>\n<th><b>\u00a0<\/b><\/th>\n<td rowspan=\"1\"><\/td>\n<td rowspan=\"1\"><\/td>\n<td rowspan=\"1\"><\/td>\n<\/tr>\n<tr>\n<th><\/th>\n<td><b>\u00a0<\/b><\/td>\n<td><b>\u00a0<\/b><\/td>\n<td rowspan=\"1\"><\/td>\n<\/tr>\n<tr>\n<th><b>\u00a013:00<\/b><\/th>\n<td><b>\u00a0<\/b><\/td>\n<td><b>\u00a0<\/b><\/td>\n<td rowspan=\"1\"><\/td>\n<\/tr>\n<tr>\n<th><b>\u00a0<\/b><\/th>\n<td><\/td>\n<td><\/td>\n<td><\/td>\n<td><\/td>\n<td><\/td>\n<\/tr>\n<tr>\n<th>13:30<\/th>\n<td class=\"mat_5\" rowspan=\"6\">Optimizaci\u00f3n<br \/>\nLineal<br \/>\n<b>\u00a0<\/b><br \/>\nAula: 26 Pell.<\/td>\n<td class=\"mat_5\" rowspan=\"8\">Optimizaci\u00f3n<br \/>\nLineal<br \/>\n<b>\u00a0<\/b><br \/>\nAula: 26 Pell.<\/td>\n<td class=\"mat_8\" colspan=\"1\" rowspan=\"6\">An\u00e1lisis<br \/>\nFuncional<br \/>\n<b>\u00a0<\/b><br \/>\nAula: 16 Pell.<\/td>\n<td><b>\u00a0<\/b><\/td>\n<td rowspan=\"1\"><\/td>\n<\/tr>\n<tr>\n<th><b>\u00a0<\/b><\/th>\n<td><b>\u00a0<\/b><\/td>\n<td><\/td>\n<\/tr>\n<tr>\n<th><b>\u00a0<\/b><\/th>\n<td><b>\u00a0<\/b><\/td>\n<td><b>\u00a0<\/b><\/td>\n<\/tr>\n<tr>\n<th><b>\u00a0<\/b><\/th>\n<td><b>\u00a0<\/b><\/td>\n<td><b>\u00a0<\/b><\/td>\n<\/tr>\n<tr>\n<th><b>\u00a0<\/b><\/th>\n<td><b>\u00a0<\/b><\/td>\n<td><b>\u00a0<\/b><\/td>\n<\/tr>\n<tr>\n<th>15:30<\/th>\n<td><b>\u00a0<\/b><\/td>\n<td><b>\u00a0<\/b><\/td>\n<\/tr>\n<tr>\n<th><\/th>\n<td><b>\u00a0<\/b><\/td>\n<td><b>\u00a0<\/b><\/td>\n<td><b>\u00a0<\/b><\/td>\n<td><b>\u00a0<\/b><\/td>\n<\/tr>\n<tr>\n<th><b>16:00<\/b><\/th>\n<td><\/td>\n<td><\/td>\n<td><\/td>\n<td><\/td>\n<\/tr>\n<\/tbody>\n<\/table>\n<h3>Licenciatura en Matem\u00e1tica 5to a\u00f1o &#8211; 9no cuatrimestre &#8211; Plan 2018<\/h3>\n<table class=\"table1\" border=\"0\">\n<thead>\n<tr>\n<th><b>\u00a0<\/b><\/th>\n<th>Lunes<\/th>\n<th>Martes<\/th>\n<th>Mi\u00e9rcoles<\/th>\n<th>Jueves<\/th>\n<th>Viernes<\/th>\n<\/tr>\n<\/thead>\n<tbody>\n<tr>\n<th>9:30<\/th>\n<td class=\"\" rowspan=\"1\"><\/td>\n<td><b>\u00a0<\/b><\/td>\n<td class=\"mat_1\" rowspan=\"8\">Variedades<br \/>\nDiferenciales<br \/>\n<b>\u00a0<\/b><br \/>\nAula: 34 Pell.<br \/>\nSubils, M.<br \/>\nGarc\u00eda, V.<\/td>\n<td><\/td>\n<td><b>\u00a0<\/b><\/td>\n<\/tr>\n<tr>\n<th><b>\u00a0<\/b><\/th>\n<td rowspan=\"1\"><\/td>\n<td><b>\u00a0<\/b><\/td>\n<td><\/td>\n<td><b>\u00a0<\/b><\/td>\n<\/tr>\n<tr>\n<th><b>10:30\u00a0<\/b><\/th>\n<td class=\"mat_1\" style=\"vertical-align: middle;\" colspan=\"1\" rowspan=\"8\">Variedades<br \/>\nDiferenciales<br \/>\n<b>\u00a0<\/b><br \/>\nAula: 17 Pell.<\/td>\n<td><b>\u00a0<\/b><\/td>\n<td><\/td>\n<td><b>\u00a0<\/b><\/td>\n<\/tr>\n<tr>\n<th><b>\u00a0<\/b><\/th>\n<td><b>\u00a0<\/b><\/td>\n<td><\/td>\n<td><b>\u00a0<\/b><\/td>\n<\/tr>\n<tr>\n<th><b>\u00a0<\/b><\/th>\n<td><b>\u00a0<\/b><\/td>\n<td><\/td>\n<td><b>\u00a0<\/b><\/td>\n<\/tr>\n<tr>\n<th><b>\u00a0<\/b><\/th>\n<td><b>\u00a0<\/b><\/td>\n<td><\/td>\n<td><b>\u00a0<\/b><\/td>\n<\/tr>\n<tr>\n<th><b>\u00a0<\/b><\/th>\n<td><b>\u00a0<\/b><\/td>\n<td><\/td>\n<td><b>\u00a0<\/b><\/td>\n<\/tr>\n<tr>\n<th><b>12:30\u00a0<\/b><\/th>\n<td><b>\u00a0<\/b><\/td>\n<td><\/td>\n<td><b>\u00a0<\/b><\/td>\n<\/tr>\n<tr>\n<th><b>\u00a0<\/b><\/th>\n<td><b>\u00a0<\/b><\/td>\n<td rowspan=\"1\"><\/td>\n<td><\/td>\n<td><b>\u00a0<\/b><\/td>\n<\/tr>\n<tr>\n<th>13:00<\/th>\n<td><b>\u00a0<\/b><\/td>\n<td><b>\u00a0<\/b><\/td>\n<td><\/td>\n<td><b>\u00a0<\/b><\/td>\n<\/tr>\n<tr>\n<th><b>\u00a0<\/b><\/th>\n<td rowspan=\"1\"><\/td>\n<td><b>\u00a0<\/b><\/td>\n<td><b>\u00a0<\/b><\/td>\n<td><\/td>\n<td><b>\u00a0<\/b><\/td>\n<\/tr>\n<tr>\n<th>13:30<\/th>\n<td><b>\u00a0<\/b><\/td>\n<td><b>\u00a0<\/b><\/td>\n<td><b>\u00a0<\/b><\/td>\n<td class=\"mat_1\" rowspan=\"6\">Variedades<br \/>\nDiferenciales<br \/>\n<b><\/b><br \/>\nAula: 35 Pell.<br \/>\nSubils, M.<br \/>\nGarc\u00eda, V.<\/td>\n<td><b>\u00a0<\/b><\/td>\n<\/tr>\n<tr>\n<th><b>\u00a0<\/b><\/th>\n<td><\/td>\n<td><\/td>\n<td><\/td>\n<td><\/td>\n<\/tr>\n<tr>\n<th><b>\u00a0<\/b><\/th>\n<td><\/td>\n<td><\/td>\n<td><\/td>\n<td><\/td>\n<\/tr>\n<tr>\n<th><b>\u00a0<\/b><\/th>\n<td><\/td>\n<td><\/td>\n<td><\/td>\n<td><\/td>\n<\/tr>\n<tr>\n<th><b>\u00a0<\/b><\/th>\n<td><\/td>\n<td><\/td>\n<td><\/td>\n<td><\/td>\n<\/tr>\n<tr>\n<th>15:30<\/th>\n<td><\/td>\n<td><\/td>\n<td><\/td>\n<td><\/td>\n<\/tr>\n<\/tbody>\n<\/table>\n","protected":false},"excerpt":{"rendered":"<p>Licenciatura en Matem\u00e1tica 2do a\u00f1o &#8211; 3er cuatrimestre &#8211; Plan 2018 \u00a0 Lunes Martes Mi\u00e9rcoles Jueves Viernes 7:30 \u00c1nalisis Matem\u00e1tico III \u00a0 <\/p>\n","protected":false},"author":123457,"featured_media":0,"parent":0,"menu_order":0,"comment_status":"closed","ping_status":"closed","template":"","meta":[],"_links":{"self":[{"href":"https:\/\/www.fceia.unr.edu.ar\/estudiantil\/index.php?rest_route=\/wp\/v2\/pages\/17482"}],"collection":[{"href":"https:\/\/www.fceia.unr.edu.ar\/estudiantil\/index.php?rest_route=\/wp\/v2\/pages"}],"about":[{"href":"https:\/\/www.fceia.unr.edu.ar\/estudiantil\/index.php?rest_route=\/wp\/v2\/types\/page"}],"author":[{"embeddable":true,"href":"https:\/\/www.fceia.unr.edu.ar\/estudiantil\/index.php?rest_route=\/wp\/v2\/users\/123457"}],"replies":[{"embeddable":true,"href":"https:\/\/www.fceia.unr.edu.ar\/estudiantil\/index.php?rest_route=%2Fwp%2Fv2%2Fcomments&post=17482"}],"version-history":[{"count":29,"href":"https:\/\/www.fceia.unr.edu.ar\/estudiantil\/index.php?rest_route=\/wp\/v2\/pages\/17482\/revisions"}],"predecessor-version":[{"id":18014,"href":"https:\/\/www.fceia.unr.edu.ar\/estudiantil\/index.php?rest_route=\/wp\/v2\/pages\/17482\/revisions\/18014"}],"wp:attachment":[{"href":"https:\/\/www.fceia.unr.edu.ar\/estudiantil\/index.php?rest_route=%2Fwp%2Fv2%2Fmedia&parent=17482"}],"curies":[{"name":"wp","href":"https:\/\/api.w.org\/{rel}","templated":true}]}}