{"id":17480,"date":"2026-02-11T21:39:22","date_gmt":"2026-02-11T21:39:22","guid":{"rendered":"https:\/\/www.fceia.unr.edu.ar\/estudiantil\/?page_id=17480"},"modified":"2026-03-03T21:07:04","modified_gmt":"2026-03-03T21:07:04","slug":"horarios-licenciatura-en-fisica-1er-semestre-2026","status":"publish","type":"page","link":"https:\/\/www.fceia.unr.edu.ar\/estudiantil\/?page_id=17480","title":{"rendered":"Horarios Licenciatura en F\u00edsica &#8211; 1er semestre 2026"},"content":{"rendered":"<h3>Licenciatura en F\u00edsica &#8211; 2do a\u00f1o &#8211; 3er Cuatrimestre Plan 2018<\/h3>\n<table class=\"table1\" border=\"0\">\n<thead>\n<tr>\n<th><b>\u00a0<\/b><\/th>\n<th>Lunes<\/th>\n<th>Martes<\/th>\n<th>Mi\u00e9rcoles<\/th>\n<th>Jueves<\/th>\n<th>Viernes<\/th>\n<\/tr>\n<\/thead>\n<tbody>\n<tr>\n<th>7:30<\/th>\n<td class=\"mat_1\" rowspan=\"9\">An\u00e1lisis<br \/>\nMatem\u00e1tico III<br \/>\n<b>\u00a0<\/b><br \/>\nAula: 11 Pell.<\/td>\n<td><b>\u00a0<\/b><\/td>\n<td class=\"mat_1\" rowspan=\"6\">An\u00e1lisis<br \/>\nMatem\u00e1tico III<br \/>\n<b>\u00a0<\/b><br \/>\nAula: 11 Pell.<\/td>\n<td><b>\u00a0<\/b><\/td>\n<td><b>\u00a0<\/b><\/td>\n<\/tr>\n<tr>\n<th><b>\u00a0<\/b><\/th>\n<td><b>\u00a0<\/b><\/td>\n<td><b>\u00a0<\/b><\/td>\n<td><b>\u00a0<\/b><\/td>\n<\/tr>\n<tr>\n<th style=\"vertical-align: top;\"><b>\u00a0<\/b><\/th>\n<td style=\"vertical-align: top;\"><\/td>\n<td style=\"vertical-align: top;\"><\/td>\n<td style=\"vertical-align: top;\"><\/td>\n<\/tr>\n<tr>\n<th><b>\u00a0<\/b><\/th>\n<td><b>\u00a0<\/b><\/td>\n<td><b>\u00a0<\/b><\/td>\n<td><b>\u00a0<\/b><\/td>\n<\/tr>\n<tr>\n<th>\u00a09:00<\/th>\n<td class=\"mat_10\" rowspan=\"12\">F\u00edsica II<br \/>\n<b>\u00a0<\/b><br \/>\nAula: 22 Pell.<\/td>\n<td class=\"mat_10\" rowspan=\"12\">F\u00edsica II<br \/>\n<b>\u00a0<\/b><br \/>\nAula: 22 Pell.<\/td>\n<td><b>\u00a0<\/b><\/td>\n<\/tr>\n<tr>\n<th><b>\u00a0<\/b><\/th>\n<td><b>\u00a0<\/b><\/td>\n<\/tr>\n<tr>\n<th>\u00a09:30<\/th>\n<td><b>\u00a0<\/b><\/td>\n<td class=\"mat_1\" rowspan=\"7\">An\u00e1lisis<br \/>\nMatem\u00e1tico III<br \/>\n<b>\u00a0<\/b><br \/>\nAula: 03 Pell.<\/td>\n<\/tr>\n<tr>\n<th><b>\u00a0<\/b><\/th>\n<td><b>\u00a0<\/b><\/td>\n<\/tr>\n<tr>\n<th>\u00a010:30<\/th>\n<td><b>\u00a0<\/b><\/td>\n<\/tr>\n<tr>\n<th><b>\u00a0<\/b><\/th>\n<td><b>\u00a0<\/b><\/td>\n<td class=\"mat_7\" colspan=\"1\" rowspan=\"10\">Qu\u00edmica y<br \/>\nEstructura<br \/>\nde la Materia<br \/>\n<b>\u00a0<\/b><br \/>\nAula: 35 Pell.<\/td>\n<\/tr>\n<tr>\n<th><b>11:00\u00a0<\/b><\/th>\n<td><\/td>\n<\/tr>\n<tr>\n<th><b>\u00a0<\/b><\/th>\n<td><b>\u00a0<\/b><\/td>\n<\/tr>\n<tr>\n<th>\u00a011:30<\/th>\n<td><b>\u00a0<\/b><\/td>\n<\/tr>\n<tr>\n<th><b>\u00a0<\/b><\/th>\n<td><b>\u00a0<\/b><\/td>\n<td><b>\u00a0<\/b><\/td>\n<\/tr>\n<tr>\n<th><b>\u00a0<\/b><\/th>\n<td><b>\u00a0<\/b><\/td>\n<td><b>\u00a0<\/b><\/td>\n<\/tr>\n<tr>\n<th>12:30<\/th>\n<td><b>\u00a0<\/b><\/td>\n<td><b>\u00a0<\/b><\/td>\n<\/tr>\n<tr>\n<th><b>\u00a0<\/b><\/th>\n<td><b>\u00a0<\/b><\/td>\n<td><b>\u00a0<\/b><\/td>\n<td><b>\u00a0<\/b><\/td>\n<td><b>\u00a0<\/b><\/td>\n<\/tr>\n<tr>\n<th><b>\u00a0<\/b><\/th>\n<td><b>\u00a0<\/b><\/td>\n<td><b>\u00a0<\/b><\/td>\n<td><b>\u00a0<\/b><\/td>\n<td><b>\u00a0<\/b><\/td>\n<\/tr>\n<tr>\n<th><b>\u00a013:30<\/b><\/th>\n<td><b>\u00a0<\/b><\/td>\n<td><b>\u00a0<\/b><\/td>\n<td><b>\u00a0<\/b><\/td>\n<td><b>\u00a0<\/b><\/td>\n<\/tr>\n<tr>\n<th><b>\u00a0<\/b><\/th>\n<td><b>\u00a0<\/b><\/td>\n<td><b>\u00a0<\/b><\/td>\n<td><b>\u00a0<\/b><\/td>\n<td><b>\u00a0<\/b><\/td>\n<td><b>\u00a0<\/b><\/td>\n<\/tr>\n<tr>\n<th>\u00a014:00<\/th>\n<td><b>\u00a0<\/b><\/td>\n<td class=\"mat_7\" rowspan=\"8\">Qu\u00edmica y<br \/>\nEstructura<br \/>\nde la Materia<br \/>\n<b>\u00a0<\/b><br \/>\nAula: 32 Pell.<\/td>\n<td colspan=\"1\" rowspan=\"1\"><\/td>\n<td class=\"mat_4\" colspan=\"1\" rowspan=\"10\">Taller de<br \/>\nF\u00edsica<br \/>\nComputacional<br \/>\n<b>\u00a0<\/b><br \/>\nAula: Lab. B\u00e1sica Pell.<\/td>\n<td><b>\u00a0<\/b><\/td>\n<\/tr>\n<tr>\n<th><b>\u00a0<\/b><\/th>\n<td><b>\u00a0<\/b><\/td>\n<td style=\"vertical-align: top;\" rowspan=\"1\"><\/td>\n<td><b>\u00a0<\/b><\/td>\n<\/tr>\n<tr>\n<th><b>\u00a0<\/b><\/th>\n<td><b>\u00a0<\/b><\/td>\n<td style=\"vertical-align: top;\" rowspan=\"1\"><\/td>\n<td><b>\u00a0<\/b><\/td>\n<\/tr>\n<tr>\n<th><b>\u00a0<\/b><\/th>\n<td><b>\u00a0<\/b><\/td>\n<td style=\"vertical-align: top;\" rowspan=\"1\"><\/td>\n<td><b>\u00a0<\/b><\/td>\n<\/tr>\n<tr>\n<th><b>\u00a0<\/b><\/th>\n<td><b>\u00a0<\/b><\/td>\n<td style=\"vertical-align: top;\"><\/td>\n<td><b>\u00a0<\/b><\/td>\n<\/tr>\n<tr>\n<th><b>\u00a0<\/b><\/th>\n<td><b>\u00a0<\/b><\/td>\n<td><b>\u00a0<\/b><\/td>\n<td><b>\u00a0<\/b><\/td>\n<\/tr>\n<tr>\n<th><b>\u00a0<\/b><\/th>\n<td><b>\u00a0<\/b><\/td>\n<td><b>\u00a0<\/b><\/td>\n<td><b>\u00a0<\/b><\/td>\n<\/tr>\n<tr>\n<th><b>\u00a017:00<\/b><\/th>\n<td><\/td>\n<td><\/td>\n<td><\/td>\n<\/tr>\n<tr>\n<th><b>\u00a0<\/b><\/th>\n<td><b>\u00a0<\/b><\/td>\n<td rowspan=\"1\"><\/td>\n<td><b>\u00a0<\/b><\/td>\n<td><b>\u00a0<\/b><\/td>\n<\/tr>\n<tr>\n<th>18:00<\/th>\n<td><b>\u00a0<\/b><\/td>\n<td><b>\u00a0<\/b><\/td>\n<td><b>\u00a0<\/b><\/td>\n<td><b>\u00a0<\/b><\/td>\n<\/tr>\n<\/tbody>\n<\/table>\n<p>&nbsp;<\/p>\n<h3>Licenciatura en F\u00edsica &#8211; 2do a\u00f1o &#8211; 4to Cuatrimestre Plan 2018<\/h3>\n<table class=\"table1\" border=\"0\">\n<thead>\n<tr>\n<th><b>\u00a0<\/b><\/th>\n<th>Lunes<\/th>\n<th>Martes<\/th>\n<th>Mi\u00e9rcoles<\/th>\n<th>Jueves<\/th>\n<th>Viernes<\/th>\n<\/tr>\n<\/thead>\n<tbody>\n<tr>\n<th><b>8:30\u00a0<\/b><\/th>\n<td rowspan=\"1\"><\/td>\n<td class=\"mat_10\" style=\"vertical-align: middle;\" colspan=\"1\" rowspan=\"9\">F\u00edsica III<br \/>\n<b>\u00a0<\/b><br \/>\nAula: 32 Pell.<\/td>\n<td style=\"vertical-align: middle;\" colspan=\"1\" rowspan=\"1\"><\/td>\n<td class=\"mat_10\" style=\"vertical-align: middle;\" colspan=\"1\" rowspan=\"9\">\u00a0F\u00edsica III<br \/>\n<b>\u00a0<\/b><br \/>\nAula: 32 Pell.<\/td>\n<td style=\"vertical-align: middle;\" colspan=\"1\" rowspan=\"1\"><\/td>\n<\/tr>\n<tr>\n<th><b>\u00a0<\/b><\/th>\n<td rowspan=\"1\"><\/td>\n<td rowspan=\"1\"><\/td>\n<td rowspan=\"1\"><\/td>\n<\/tr>\n<tr>\n<th><b>\u00a0<\/b><\/th>\n<td rowspan=\"1\"><\/td>\n<td rowspan=\"1\"><\/td>\n<td rowspan=\"1\"><\/td>\n<\/tr>\n<tr>\n<th><b>\u00a0<\/b><\/th>\n<td rowspan=\"1\"><\/td>\n<td rowspan=\"1\"><\/td>\n<td rowspan=\"1\"><\/td>\n<\/tr>\n<tr>\n<th><b>\u00a0<\/b><\/th>\n<td rowspan=\"1\"><\/td>\n<td rowspan=\"1\"><\/td>\n<td rowspan=\"1\"><\/td>\n<\/tr>\n<tr>\n<th><b>\u00a0<\/b><\/th>\n<td rowspan=\"1\"><\/td>\n<td rowspan=\"1\"><\/td>\n<td rowspan=\"1\"><\/td>\n<\/tr>\n<tr>\n<th><b>\u00a0<\/b><\/th>\n<td rowspan=\"1\"><\/td>\n<td rowspan=\"1\"><\/td>\n<td rowspan=\"1\"><\/td>\n<\/tr>\n<tr>\n<th><b>\u00a0<\/b><\/th>\n<td rowspan=\"1\"><\/td>\n<td><b>\u00a0<\/b><\/td>\n<td rowspan=\"1\"><\/td>\n<\/tr>\n<tr>\n<th><b>12:30\u00a0<\/b><\/th>\n<td><b>\u00a0<\/b><\/td>\n<td><b>\u00a0<\/b><\/td>\n<td><b>\u00a0<\/b><\/td>\n<\/tr>\n<\/tbody>\n<\/table>\n<h3>Licenciatura en F\u00edsica &#8211; 3er a\u00f1o &#8211; 5to Cuatrimestre Plan 2018<\/h3>\n<table class=\"table1\" border=\"0\">\n<thead>\n<tr>\n<th><b>\u00a0<\/b><\/th>\n<th>Lunes<\/th>\n<th>Martes<\/th>\n<th>Mi\u00e9rcoles<\/th>\n<th>Jueves<\/th>\n<th>Viernes<\/th>\n<\/tr>\n<\/thead>\n<tbody>\n<tr>\n<th>8:00<\/th>\n<td class=\"mat_18\" rowspan=\"14\">M\u00e9todos<br \/>\nMatem\u00e1ticos<br \/>\nde la F\u00edsica II<br \/>\n<b>\u00a0<\/b><br \/>\nAula: 26 Pell.<\/td>\n<td style=\"vertical-align: middle;\" colspan=\"1\" rowspan=\"1\"><\/td>\n<td class=\"mat_18\" rowspan=\"14\">M\u00e9todos<br \/>\nMatem\u00e1ticos<br \/>\nde la F\u00edsica II<br \/>\n<b>\u00a0<\/b><br \/>\nAula: 22 Pell.<\/td>\n<td class=\"mat_12\" rowspan=\"14\">F\u00edsica IV<br \/>\n<b>\u00a0<\/b><br \/>\nAula: 01 ESC. MEC.<br \/>\nCUR<\/td>\n<td class=\"mat_5\" rowspan=\"7\">Mec\u00e1nica<br \/>\nCl\u00e1sica I<br \/>\n<b>\u00a0<\/b><br \/>\nAula: 03\u00a0ESC. MEC.<br \/>\nCUR<\/td>\n<\/tr>\n<tr>\n<th><b>\u00a0<\/b><\/th>\n<td rowspan=\"1\"><\/td>\n<\/tr>\n<tr>\n<th><b>\u00a0<\/b><\/th>\n<td rowspan=\"1\"><\/td>\n<\/tr>\n<tr>\n<th><b>9:00\u00a0<\/b><\/th>\n<td class=\"mat_11\" style=\"vertical-align: middle;\" colspan=\"1\" rowspan=\"11\">Electromagnet\u00edsmo I<br \/>\n<b>\u00a0<\/b><br \/>\nAula: Reactor<br \/>\nCUR<\/td>\n<\/tr>\n<tr>\n<th><b>\u00a0<\/b><\/th>\n<\/tr>\n<tr>\n<th><b>\u00a0<\/b><\/th>\n<\/tr>\n<tr>\n<th>10:00<\/th>\n<\/tr>\n<tr>\n<th><b>\u00a0<\/b><\/th>\n<td><b>\u00a0<\/b><\/td>\n<\/tr>\n<tr>\n<th><b>\u00a010:30<\/b><\/th>\n<td class=\"mat_11\" colspan=\"1\" rowspan=\"7\">Electromagnet\u00edsmo I<br \/>\n<b>\u00a0<\/b><br \/>\nAula: 03\u00a0ESC. MEC.<br \/>\nCUR<\/td>\n<\/tr>\n<tr>\n<th><b>\u00a0<\/b><\/th>\n<\/tr>\n<tr>\n<th><b>\u00a0<\/b><\/th>\n<\/tr>\n<tr>\n<th><b>\u00a0<\/b><\/th>\n<\/tr>\n<tr>\n<th><b>\u00a0<\/b><\/th>\n<\/tr>\n<tr>\n<th>\u00a012:00<\/th>\n<\/tr>\n<tr>\n<th><b>12:30\u00a0<\/b><\/th>\n<td><b>\u00a0<\/b><\/td>\n<td><b>\u00a0<\/b><\/td>\n<td><b>\u00a0<\/b><\/td>\n<td><b>\u00a0<\/b><\/td>\n<\/tr>\n<tr>\n<th><b>\u00a0<\/b><\/th>\n<td><b>\u00a0<\/b><\/td>\n<td><b>\u00a0<\/b><\/td>\n<td><b>\u00a0<\/b><\/td>\n<td><b>\u00a0<\/b><\/td>\n<td><b>\u00a0<\/b><\/td>\n<\/tr>\n<tr>\n<th><b>\u00a0<\/b><\/th>\n<td><b>\u00a0<\/b><\/td>\n<td class=\"\"><\/td>\n<td rowspan=\"1\"><\/td>\n<td><b>\u00a0<\/b><\/td>\n<td><b>\u00a0<\/b><\/td>\n<\/tr>\n<tr>\n<th><b>\u00a014:00<\/b><\/th>\n<td class=\"mat_12\" colspan=\"1\" rowspan=\"6\">F\u00edsica IV<br \/>\n<b>\u00a0<\/b><br \/>\nAula: Anf. F\u00edsica Pell.<\/td>\n<td class=\"mat_5\" rowspan=\"8\">Mec\u00e1nica<br \/>\nCl\u00e1sica I<br \/>\n<b>\u00a0<\/b><br \/>\nAula: 32 Pell.<br \/>\nDr. Manuel Luis<\/td>\n<td rowspan=\"1\"><\/td>\n<td><b>\u00a0<\/b><\/td>\n<td><b>\u00a0<\/b><\/td>\n<\/tr>\n<tr>\n<th><b>\u00a0<\/b><\/th>\n<td rowspan=\"1\"><\/td>\n<td><b>\u00a0<\/b><\/td>\n<td><b>\u00a0<\/b><\/td>\n<\/tr>\n<tr>\n<th><b>\u00a0<\/b><\/th>\n<td rowspan=\"1\"><\/td>\n<td><b>\u00a0<\/b><\/td>\n<td><b>\u00a0<\/b><\/td>\n<\/tr>\n<tr>\n<th><b>\u00a0<\/b><\/th>\n<td rowspan=\"1\"><\/td>\n<td><b>\u00a0<\/b><\/td>\n<td><b>\u00a0<\/b><\/td>\n<\/tr>\n<tr>\n<th><b>\u00a0<\/b><\/th>\n<td rowspan=\"1\"><\/td>\n<td><b>\u00a0<\/b><\/td>\n<td><b>\u00a0<\/b><\/td>\n<\/tr>\n<tr>\n<th><b>16:00\u00a0<\/b><\/th>\n<td rowspan=\"1\"><\/td>\n<td><b>\u00a0<\/b><\/td>\n<td><b>\u00a0<\/b><\/td>\n<\/tr>\n<tr>\n<th><b>\u00a0<\/b><\/th>\n<td><b>\u00a0<\/b><\/td>\n<td><b>\u00a0<\/b><\/td>\n<td><b>\u00a0<\/b><\/td>\n<td><b>\u00a0<\/b><\/td>\n<\/tr>\n<tr>\n<th>17:00<\/th>\n<td><b>\u00a0<\/b><\/td>\n<td><b>\u00a0<\/b><\/td>\n<td><b>\u00a0<\/b><\/td>\n<td><b>\u00a0<\/b><\/td>\n<\/tr>\n<\/tbody>\n<\/table>\n<h3>Licenciatura en F\u00edsica &#8211; 4to a\u00f1o &#8211; 7mo Cuatrimestre Plan 2018<\/h3>\n<table class=\"table1\" border=\"0\">\n<thead>\n<tr>\n<th><b>\u00a0<\/b><\/th>\n<th>Lunes<\/th>\n<th>Martes<\/th>\n<th>Mi\u00e9rcoles<\/th>\n<th>Jueves<\/th>\n<th>Viernes<\/th>\n<\/tr>\n<\/thead>\n<tbody>\n<tr>\n<th>8:30<\/th>\n<td><b>\u00a0<\/b><\/td>\n<td><b>\u00a0<\/b><\/td>\n<td><b>\u00a0<\/b><\/td>\n<td class=\"mat_9\" style=\"vertical-align: middle;\" colspan=\"1\" rowspan=\"9\">F\u00edsica<br \/>\nExperimental III<br \/>\n<b>\u00a0<\/b><br \/>\nAula: Reactor<br \/>\nCUR<\/td>\n<td><b>\u00a0<\/b><\/td>\n<\/tr>\n<tr>\n<th>9:00<\/th>\n<td class=\"mat_14\" colspan=\"1\" rowspan=\"8\"><b>\u00a0<\/b><b>\u00a0<\/b><b>\u00a0<\/b><b><br \/>\n<\/b>Termodin\u00e1mica<br \/>\ny<br \/>\nFisicoqu\u00edmica<br \/>\n<b>\u00a0<\/b><br \/>\nAula: Auxiliares Pell.<br \/>\nDr. Koval Sergio<b> <\/b><b>\u00a0<\/b><b>\u00a0<\/b><b><br \/>\n<\/b><\/td>\n<td><b>\u00a0<\/b><\/td>\n<td class=\"\" colspan=\"1\" rowspan=\"1\"><\/td>\n<td class=\"mat_14\" colspan=\"1\" rowspan=\"8\">Termodin\u00e1mica<br \/>\ny<br \/>\nFisicoqu\u00edmica<br \/>\n<b>\u00a0<\/b><br \/>\nAula: Auxiliares Pell.<\/td>\n<\/tr>\n<tr>\n<th><b>\u00a0<\/b><\/th>\n<td><b>\u00a0<\/b><\/td>\n<td style=\"vertical-align: top;\" rowspan=\"1\"><\/td>\n<\/tr>\n<tr>\n<th><b>\u00a0<\/b><\/th>\n<td><b>\u00a0<\/b><\/td>\n<td style=\"vertical-align: top;\" rowspan=\"1\"><\/td>\n<\/tr>\n<tr>\n<th><b>\u00a0<\/b><\/th>\n<td><b>\u00a0<\/b><\/td>\n<td style=\"vertical-align: top;\" rowspan=\"1\"><\/td>\n<\/tr>\n<tr>\n<th><b>\u00a0<\/b><\/th>\n<td><b>\u00a0<\/b><\/td>\n<td style=\"vertical-align: top;\" rowspan=\"1\"><\/td>\n<\/tr>\n<tr>\n<th><b>\u00a0<\/b><\/th>\n<td><b>\u00a0<\/b><\/td>\n<td style=\"vertical-align: top;\" rowspan=\"1\"><\/td>\n<\/tr>\n<tr>\n<th><b>\u00a0<\/b><\/th>\n<td><b>\u00a0<\/b><\/td>\n<td style=\"vertical-align: top;\" rowspan=\"1\"><\/td>\n<\/tr>\n<tr>\n<th>13:00<\/th>\n<td><b>\u00a0<\/b><\/td>\n<td style=\"vertical-align: top;\"><\/td>\n<\/tr>\n<tr>\n<th><b>\u00a0<\/b><\/th>\n<td><b>\u00a0<\/b><\/td>\n<td><b>\u00a0<\/b><\/td>\n<td><b>\u00a0<\/b><\/td>\n<td><b>\u00a0<\/b><\/td>\n<td><b>\u00a0<\/b><\/td>\n<\/tr>\n<tr>\n<th><b>\u00a0<\/b><\/th>\n<td><b>\u00a0<\/b><\/td>\n<td><b>\u00a0<\/b><\/td>\n<td><b>\u00a0<\/b><\/td>\n<td><b>\u00a0<\/b><\/td>\n<td><b>\u00a0<\/b><\/td>\n<\/tr>\n<tr>\n<th>14:00<\/th>\n<td><b>\u00a0<\/b><\/td>\n<td class=\"mat_13\" rowspan=\"7\">Mec\u00e1nica<br \/>\nCu\u00e1ntica I<br \/>\n<b>\u00a0<\/b><br \/>\nAula: Auxiliares Pell.<br \/>\nDr. Foj\u00f3n Omar<\/td>\n<td class=\"mat_9\" colspan=\"1\" rowspan=\"8\">F\u00edsica<br \/>\nExperimental III<br \/>\n<b>\u00a0<\/b><br \/>\nAula: Reactor<br \/>\nCUR<\/td>\n<td class=\"mat_13\" rowspan=\"7\">Mec\u00e1nica<br \/>\nCu\u00e1ntica I<br \/>\n<b>\u00a0<\/b><br \/>\nAula: Auxiliares Pell.<\/td>\n<td><b>\u00a0<\/b><\/td>\n<\/tr>\n<tr>\n<th><b>\u00a0<\/b><\/th>\n<td><b>\u00a0<\/b><\/td>\n<td><b>\u00a0<\/b><\/td>\n<\/tr>\n<tr>\n<th><b>\u00a0<\/b><\/th>\n<td><b>\u00a0<\/b><\/td>\n<td><b>\u00a0<\/b><\/td>\n<\/tr>\n<tr>\n<th><b>\u00a0<\/b><\/th>\n<td><b>\u00a0<\/b><\/td>\n<td><b>\u00a0<\/b><\/td>\n<\/tr>\n<tr>\n<th><b>\u00a0<\/b><\/th>\n<td><b>\u00a0<\/b><\/td>\n<td><b>\u00a0<\/b><\/td>\n<\/tr>\n<tr>\n<th><b>\u00a0<\/b><\/th>\n<td><b>\u00a0<\/b><\/td>\n<td><b>\u00a0<\/b><\/td>\n<\/tr>\n<tr>\n<th>18:00<\/th>\n<td><b>\u00a0<\/b><\/td>\n<td><b>\u00a0<\/b><\/td>\n<\/tr>\n<tr>\n<th>18:30<\/th>\n<td><\/td>\n<td><\/td>\n<td><\/td>\n<td><\/td>\n<\/tr>\n<\/tbody>\n<\/table>\n<h3>Licenciatura en F\u00edsica &#8211; 5to a\u00f1o &#8211; 9no Cuatrimestre Plan 2018<\/h3>\n<table class=\"table1\" border=\"0\">\n<thead>\n<tr>\n<th><b>\u00a0<\/b><\/th>\n<th>Lunes<\/th>\n<th>Martes<\/th>\n<th>Mi\u00e9rcoles<\/th>\n<th>Jueves<\/th>\n<th>Viernes<\/th>\n<\/tr>\n<\/thead>\n<tbody>\n<tr>\n<th>9:00<\/th>\n<td><b>\u00a0<\/b><\/td>\n<td><b>\u00a0<\/b><\/td>\n<td class=\"mat_16\" colspan=\"1\" rowspan=\"6\">Materia<br \/>\nCondensada<br \/>\nPr\u00e1ctica<br \/>\nDr. Stachiotti M.<br \/>\n<b>\u00a0<\/b><br \/>\nAula: Auxiliares Pell.<b><br \/>\n<\/b><\/td>\n<td class=\"\" rowspan=\"1\"><\/td>\n<td class=\"mat_10\" rowspan=\"6\">F\u00edsica de<br \/>\nlos Medios<br \/>\nContinuos<br \/>\n<b>\u00a0<\/b><br \/>\nAula: Reactor<br \/>\nCUR<\/td>\n<\/tr>\n<tr>\n<th><b>\u00a0<\/b><\/th>\n<td><b>\u00a0<\/b><\/td>\n<td><b>\u00a0<\/b><\/td>\n<td rowspan=\"1\"><\/td>\n<\/tr>\n<tr>\n<th><b>\u00a0<\/b><\/th>\n<td><b>\u00a0<\/b><\/td>\n<td><b>\u00a0<\/b><\/td>\n<td rowspan=\"1\"><\/td>\n<\/tr>\n<tr>\n<th><b>\u00a0<\/b><\/th>\n<td><b>\u00a0<\/b><\/td>\n<td><b>\u00a0<\/b><\/td>\n<td rowspan=\"1\"><\/td>\n<\/tr>\n<tr>\n<th><b>\u00a0<\/b><\/th>\n<td><b>\u00a0<\/b><\/td>\n<td><b>\u00a0<\/b><\/td>\n<td rowspan=\"1\"><\/td>\n<\/tr>\n<tr>\n<th>13:00<\/th>\n<td><b>\u00a0<\/b><\/td>\n<td><b>\u00a0<\/b><\/td>\n<td><\/td>\n<\/tr>\n<tr>\n<th><b>\u00a0<\/b><\/th>\n<td><b>\u00a0<\/b><\/td>\n<td><b>\u00a0<\/b><\/td>\n<td><b>\u00a0<\/b><\/td>\n<td><b>\u00a0<\/b><\/td>\n<td><b>\u00a0<\/b><\/td>\n<\/tr>\n<tr>\n<th>14:00<\/th>\n<td class=\"mat_16\" rowspan=\"6\">Materia<br \/>\nCondensada<br \/>\nTeor\u00eda<br \/>\n<b>\u00a0<\/b><br \/>\nAula: Auxiliares Pell.<\/td>\n<td class=\"mat_10\" rowspan=\"6\">F\u00edsica de<br \/>\nlos Medios<br \/>\nContinuos<br \/>\n<b>\u00a0<\/b><br \/>\nAula: Reactor<br \/>\nCUR<\/td>\n<td><b>\u00a0<\/b><\/td>\n<td><b>\u00a0<\/b><\/td>\n<td><b>\u00a0<\/b><\/td>\n<\/tr>\n<tr>\n<th><b>\u00a0<\/b><\/th>\n<td><b>\u00a0<\/b><\/td>\n<td><b>\u00a0<\/b><\/td>\n<td><b>\u00a0<\/b><\/td>\n<\/tr>\n<tr>\n<th><b>\u00a0<\/b><\/th>\n<td><b>\u00a0<\/b><\/td>\n<td><b>\u00a0<\/b><\/td>\n<td><b>\u00a0<\/b><\/td>\n<\/tr>\n<tr>\n<th><b>\u00a0<\/b><\/th>\n<td><b>\u00a0<\/b><\/td>\n<td><b>\u00a0<\/b><\/td>\n<td><b>\u00a0<\/b><\/td>\n<\/tr>\n<tr>\n<th><b>\u00a0<\/b><\/th>\n<td><b>\u00a0<\/b><\/td>\n<td><b>\u00a0<\/b><\/td>\n<td><b>\u00a0<\/b><\/td>\n<\/tr>\n<tr>\n<th>18:00<\/th>\n<td><b>\u00a0<\/b><\/td>\n<td><b>\u00a0<\/b><\/td>\n<td><b>\u00a0<\/b><\/td>\n<\/tr>\n<\/tbody>\n<\/table>\n","protected":false},"excerpt":{"rendered":"<p>Licenciatura en F\u00edsica &#8211; 2do a\u00f1o &#8211; 3er Cuatrimestre Plan 2018 \u00a0 Lunes Martes Mi\u00e9rcoles Jueves Viernes 7:30 An\u00e1lisis Matem\u00e1tico III \u00a0 <\/p>\n","protected":false},"author":123457,"featured_media":0,"parent":0,"menu_order":0,"comment_status":"closed","ping_status":"closed","template":"","meta":[],"_links":{"self":[{"href":"https:\/\/www.fceia.unr.edu.ar\/estudiantil\/index.php?rest_route=\/wp\/v2\/pages\/17480"}],"collection":[{"href":"https:\/\/www.fceia.unr.edu.ar\/estudiantil\/index.php?rest_route=\/wp\/v2\/pages"}],"about":[{"href":"https:\/\/www.fceia.unr.edu.ar\/estudiantil\/index.php?rest_route=\/wp\/v2\/types\/page"}],"author":[{"embeddable":true,"href":"https:\/\/www.fceia.unr.edu.ar\/estudiantil\/index.php?rest_route=\/wp\/v2\/users\/123457"}],"replies":[{"embeddable":true,"href":"https:\/\/www.fceia.unr.edu.ar\/estudiantil\/index.php?rest_route=%2Fwp%2Fv2%2Fcomments&post=17480"}],"version-history":[{"count":17,"href":"https:\/\/www.fceia.unr.edu.ar\/estudiantil\/index.php?rest_route=\/wp\/v2\/pages\/17480\/revisions"}],"predecessor-version":[{"id":17959,"href":"https:\/\/www.fceia.unr.edu.ar\/estudiantil\/index.php?rest_route=\/wp\/v2\/pages\/17480\/revisions\/17959"}],"wp:attachment":[{"href":"https:\/\/www.fceia.unr.edu.ar\/estudiantil\/index.php?rest_route=%2Fwp%2Fv2%2Fmedia&parent=17480"}],"curies":[{"name":"wp","href":"https:\/\/api.w.org\/{rel}","templated":true}]}}