{"id":17423,"date":"2026-02-11T20:27:48","date_gmt":"2026-02-11T20:27:48","guid":{"rendered":"https:\/\/www.fceia.unr.edu.ar\/estudiantil\/?page_id=17423"},"modified":"2026-02-26T02:34:47","modified_gmt":"2026-02-26T02:34:47","slug":"horarios-fisica-ii-1er-cuatrimestre-2026","status":"publish","type":"page","link":"https:\/\/www.fceia.unr.edu.ar\/estudiantil\/?page_id=17423","title":{"rendered":"Horarios F\u00edsica II &#8211; 1er cuatrimestre 2026"},"content":{"rendered":"<h3>Comisi\u00f3n 110 (Todas las ingenier\u00edas)<\/h3>\n<table class=\"table1\" border=\"0\">\n<thead>\n<tr>\n<th><b>\u00a0<\/b><\/th>\n<th>Lunes<\/th>\n<th>Martes<\/th>\n<th>Mi\u00e9rcoles<\/th>\n<th>Jueves<\/th>\n<th>Viernes<\/th>\n<\/tr>\n<\/thead>\n<tbody>\n<tr>\n<th class=\"ini\">7:30<\/th>\n<td><b>\u00a0<\/b><\/td>\n<td><b>\u00a0<\/b><\/td>\n<td class=\"\" rowspan=\"1\"><\/td>\n<td class=\"mat_10\" rowspan=\"6\">F\u00edsica II<br \/>\n<b>\u00a0<\/b><br \/>\nAula: Anf. F\u00edsica Pell.<br \/>\nGallegos, J. L.<br \/>\nNovara, I.<br \/>\nBravo, B.<\/td>\n<td><b>\u00a0<\/b><\/td>\n<\/tr>\n<tr>\n<th><b>\u00a0<\/b><\/th>\n<td><b>\u00a0<\/b><\/td>\n<td><b>\u00a0<\/b><\/td>\n<td style=\"vertical-align: top;\" rowspan=\"1\"><\/td>\n<td><b>\u00a0<\/b><\/td>\n<\/tr>\n<tr>\n<th><b>\u00a0<\/b><\/th>\n<td><b>\u00a0<\/b><\/td>\n<td><b>\u00a0<\/b><\/td>\n<td style=\"vertical-align: top;\" rowspan=\"1\"><\/td>\n<td><b>\u00a0<\/b><\/td>\n<\/tr>\n<tr>\n<th><b>\u00a0<\/b><\/th>\n<td><b>\u00a0<\/b><\/td>\n<td><b>\u00a0<\/b><\/td>\n<td style=\"vertical-align: top;\" rowspan=\"1\"><\/td>\n<td><b>\u00a0<\/b><\/td>\n<\/tr>\n<tr>\n<th><b>\u00a0<\/b><\/th>\n<td><\/td>\n<td><b>\u00a0<\/b><\/td>\n<td style=\"vertical-align: top;\" rowspan=\"1\"><\/td>\n<td><b>\u00a0<\/b><\/td>\n<\/tr>\n<tr>\n<th>9:30<\/th>\n<td><b>\u00a0<\/b><\/td>\n<td><b>\u00a0<\/b><\/td>\n<td style=\"vertical-align: top;\"><\/td>\n<td><b>\u00a0<\/b><\/td>\n<\/tr>\n<tr>\n<th><b>\u00a0<\/b><\/th>\n<td><b>\u00a0<\/b><\/td>\n<td rowspan=\"1\"><\/td>\n<td><b>\u00a0<\/b><\/td>\n<td><b>\u00a0<\/b><\/td>\n<td class=\"mat_10\" colspan=\"1\" rowspan=\"9\">F\u00edsica II<br \/>\n<b>\u00a0<\/b><br \/>\nAula: 26 Pell.<b><br \/>\n<\/b><\/td>\n<\/tr>\n<tr>\n<th style=\"vertical-align: top;\"><b>\u00a0<\/b><\/th>\n<td style=\"vertical-align: top;\"><\/td>\n<td style=\"vertical-align: top;\"><\/td>\n<td style=\"vertical-align: top;\"><\/td>\n<td style=\"vertical-align: top;\"><\/td>\n<\/tr>\n<tr>\n<th style=\"vertical-align: top;\"><b>\u00a0<\/b><\/th>\n<td style=\"vertical-align: top;\"><\/td>\n<td style=\"vertical-align: top;\"><\/td>\n<td style=\"vertical-align: top;\"><\/td>\n<td style=\"vertical-align: top;\"><\/td>\n<\/tr>\n<tr>\n<th style=\"vertical-align: top;\"><b>\u00a0<\/b><\/th>\n<td style=\"vertical-align: top;\"><\/td>\n<td style=\"vertical-align: top;\"><\/td>\n<td style=\"vertical-align: top;\"><\/td>\n<td style=\"vertical-align: top;\"><\/td>\n<\/tr>\n<tr>\n<th style=\"vertical-align: top;\"><b>\u00a0<\/b><\/th>\n<td style=\"vertical-align: top;\"><\/td>\n<td style=\"vertical-align: top;\"><\/td>\n<td style=\"vertical-align: top;\"><\/td>\n<td style=\"vertical-align: top;\"><\/td>\n<\/tr>\n<tr>\n<th><b>\u00a0<\/b><\/th>\n<td><b>\u00a0<\/b><\/td>\n<td rowspan=\"1\"><\/td>\n<td><b>\u00a0<\/b><\/td>\n<td><b>\u00a0<\/b><\/td>\n<\/tr>\n<tr>\n<th class=\"fin\">11:30<\/th>\n<td><b>\u00a0<\/b><\/td>\n<td class=\"mat_10\" style=\"vertical-align: middle;\" colspan=\"1\" rowspan=\"6\">F\u00edsica II<br \/>\n<b>\u00a0<\/b><br \/>\nAula: 02Pell.<\/td>\n<td><b>\u00a0<\/b><\/td>\n<td><b>\u00a0<\/b><\/td>\n<\/tr>\n<tr>\n<th><b>\u00a0<\/b><\/th>\n<td><b>\u00a0<\/b><\/td>\n<td><b>\u00a0<\/b><\/td>\n<td><b>\u00a0<\/b><\/td>\n<\/tr>\n<tr>\n<th><b>12:30\u00a0<\/b><\/th>\n<td><b>\u00a0<\/b><\/td>\n<td><b>\u00a0<\/b><\/td>\n<td><b>\u00a0<\/b><\/td>\n<\/tr>\n<tr>\n<th><b>\u00a0<\/b><\/th>\n<td><b>\u00a0<\/b><\/td>\n<td><b>\u00a0<\/b><\/td>\n<td><b>\u00a0<\/b><\/td>\n<td style=\"vertical-align: top;\" rowspan=\"1\"><\/td>\n<\/tr>\n<tr>\n<th><b>\u00a0<\/b><\/th>\n<td><b>\u00a0<\/b><\/td>\n<td><b>\u00a0<\/b><\/td>\n<td><b>\u00a0<\/b><\/td>\n<td style=\"vertical-align: top;\" rowspan=\"1\"><\/td>\n<\/tr>\n<tr>\n<th>13:45<\/th>\n<td><b>\u00a0<\/b><\/td>\n<td><b>\u00a0<\/b><\/td>\n<td><b>\u00a0<\/b><\/td>\n<td style=\"vertical-align: top;\"><\/td>\n<\/tr>\n<\/tbody>\n<\/table>\n<h3>Comisi\u00f3n 120 (Todas las ingenier\u00edas)<\/h3>\n<table class=\"table1\" border=\"0\">\n<thead>\n<tr>\n<th><b>\u00a0<\/b><\/th>\n<th>Lunes<\/th>\n<th>Martes<\/th>\n<th>Mi\u00e9rcoles<\/th>\n<th>Jueves<\/th>\n<th>Viernes<\/th>\n<\/tr>\n<\/thead>\n<tbody>\n<tr>\n<th>9:30<\/th>\n<td style=\"vertical-align: top;\" rowspan=\"1\"><\/td>\n<td class=\"mat_10\" colspan=\"1\" rowspan=\"6\">F\u00edsica II<b>\u00a0<\/b><br \/>\nCom. 120<br \/>\n<b>\u00a0<\/b><br \/>\nAula: 13 Pell.<br \/>\nMonti, J. M.<br \/>\nBortolotto, M.<\/td>\n<td class=\"\" rowspan=\"1\"><\/td>\n<td class=\"mat_10\" style=\"vertical-align: middle;\" colspan=\"1\" rowspan=\"9\">F\u00edsica II<b>\u00a0<\/b><br \/>\nCom. 120<br \/>\n<b>\u00a0<\/b><br \/>\nAula: Anf. F\u00edsica Pell.<\/td>\n<td><b>\u00a0<\/b><\/td>\n<\/tr>\n<tr>\n<th><b>\u00a0<\/b><\/th>\n<td style=\"vertical-align: top;\" rowspan=\"1\"><\/td>\n<td rowspan=\"1\"><\/td>\n<td><b>\u00a0<\/b><\/td>\n<\/tr>\n<tr>\n<th class=\"fin\"><b>\u00a0 <\/b><\/th>\n<td style=\"vertical-align: top;\"><\/td>\n<td rowspan=\"1\"><\/td>\n<td><b>\u00a0<\/b><\/td>\n<\/tr>\n<tr>\n<th><b>\u00a0<\/b><\/th>\n<td><b>\u00a0<\/b><\/td>\n<td class=\"\" style=\"vertical-align: middle;\" colspan=\"1\" rowspan=\"1\"><\/td>\n<td><b>\u00a0<\/b><\/td>\n<\/tr>\n<tr>\n<th><b>\u00a0<\/b><\/th>\n<td><b>\u00a0<\/b><\/td>\n<td style=\"vertical-align: top;\" rowspan=\"1\"><\/td>\n<td><b>\u00a0<\/b><\/td>\n<\/tr>\n<tr>\n<th>11:30<\/th>\n<td><b>\u00a0<\/b><\/td>\n<td style=\"vertical-align: top;\" rowspan=\"1\"><\/td>\n<td><b>\u00a0<\/b><\/td>\n<\/tr>\n<tr>\n<th><b>\u00a0<\/b><\/th>\n<td><b>\u00a0<\/b><\/td>\n<td><b>\u00a0<\/b><\/td>\n<td style=\"vertical-align: top;\" rowspan=\"1\"><\/td>\n<td class=\"mat_10\" colspan=\"1\" rowspan=\"6\">F\u00edsica II<b>\u00a0<\/b><br \/>\nCom. 120<br \/>\n<b>\u00a0<\/b><br \/>\nAula:\u00a0 11 Pell. <b>\u00a0<\/b><b><br \/>\n<\/b><\/td>\n<\/tr>\n<tr>\n<th><b>\u00a0<\/b><\/th>\n<td><b>\u00a0<\/b><\/td>\n<td><b>\u00a0<\/b><\/td>\n<td style=\"vertical-align: top;\" rowspan=\"1\"><\/td>\n<\/tr>\n<tr>\n<th><b>12:30\u00a0<\/b><\/th>\n<td><b>\u00a0<\/b><\/td>\n<td><b>\u00a0<\/b><\/td>\n<td style=\"vertical-align: top;\" rowspan=\"1\"><\/td>\n<\/tr>\n<tr>\n<th><b>\u00a0<\/b><\/th>\n<td><b>\u00a0<\/b><\/td>\n<td><b>\u00a0<\/b><\/td>\n<td style=\"vertical-align: top;\" rowspan=\"1\"><\/td>\n<td rowspan=\"1\"><\/td>\n<\/tr>\n<tr>\n<th><b>\u00a0<\/b><\/th>\n<td><b>\u00a0<\/b><\/td>\n<td><b>\u00a0<\/b><\/td>\n<td style=\"vertical-align: top;\" rowspan=\"1\"><\/td>\n<td rowspan=\"1\"><\/td>\n<\/tr>\n<tr>\n<th>13:45<\/th>\n<td><b>\u00a0<\/b><\/td>\n<td><b>\u00a0<\/b><\/td>\n<td style=\"vertical-align: top;\"><\/td>\n<td><b>\u00a0<\/b><\/td>\n<\/tr>\n<\/tbody>\n<\/table>\n<h3>Comisi\u00f3n 121 (Todas las ingenier\u00edas)<\/h3>\n<table class=\"table1\" border=\"0\">\n<thead>\n<tr>\n<th><b>\u00a0<\/b><\/th>\n<th>Lunes<\/th>\n<th>Martes<\/th>\n<th>Mi\u00e9rcoles<\/th>\n<th>Jueves<\/th>\n<th>Viernes<\/th>\n<\/tr>\n<\/thead>\n<tbody>\n<tr>\n<th>7:30<\/th>\n<td><b>\u00a0<\/b><\/td>\n<td class=\"\" rowspan=\"1\"><\/td>\n<td><b>\u00a0<\/b><\/td>\n<td><\/td>\n<td class=\"mat_10\" rowspan=\"6\">F\u00edsica II<b>\u00a0<\/b><br \/>\nCom. 121<br \/>\n<b>\u00a0<\/b><br \/>\nAula: 24 Pell.<\/td>\n<\/tr>\n<tr>\n<th><b>\u00a0<\/b><\/th>\n<td><b>\u00a0<\/b><\/td>\n<td style=\"vertical-align: top;\" rowspan=\"1\"><\/td>\n<td><b>\u00a0<\/b><\/td>\n<td><b>\u00a0<\/b><\/td>\n<\/tr>\n<tr>\n<th><b>\u00a0<\/b><\/th>\n<td><b>\u00a0<\/b><\/td>\n<td style=\"vertical-align: top;\" rowspan=\"1\"><\/td>\n<td><b>\u00a0<\/b><\/td>\n<td><b>\u00a0<\/b><\/td>\n<\/tr>\n<tr>\n<th><b>\u00a08:30<\/b><\/th>\n<td><b>\u00a0<\/b><\/td>\n<td style=\"vertical-align: top;\" rowspan=\"1\"><\/td>\n<td class=\"mat_10\" colspan=\"1\" rowspan=\"6\">F\u00edsica II<b>\u00a0<\/b><br \/>\nCom. 121<br \/>\n<b>\u00a0<\/b><br \/>\nAula: Anf. F\u00edsica Pell.<br \/>\nRepetto, C.<br \/>\nBatista, N.<br \/>\n\u00c1vila, M.<b><br \/>\n<\/b><\/td>\n<td><b>\u00a0<\/b><\/td>\n<\/tr>\n<tr>\n<th><b>\u00a0<\/b><\/th>\n<td><b>\u00a0<\/b><\/td>\n<td style=\"vertical-align: top;\" rowspan=\"1\"><\/td>\n<td><b>\u00a0<\/b><\/td>\n<\/tr>\n<tr>\n<th class=\"fin\"><b>\u00a0 <\/b>9:30<\/th>\n<td><b>\u00a0<\/b><\/td>\n<td style=\"vertical-align: top;\"><\/td>\n<td><b>\u00a0<\/b><\/td>\n<\/tr>\n<tr>\n<th><b>\u00a0<\/b><\/th>\n<td class=\"mat_10\" colspan=\"1\" rowspan=\"8\">F\u00edsica II<br \/>\nCom. 121<br \/>\n<b>\u00a0<\/b><br \/>\nAula: Anf. F\u00edsica Pell.<b><br \/>\n<\/b><\/td>\n<td><b>\u00a0<\/b><\/td>\n<td rowspan=\"1\"><\/td>\n<td><b>\u00a0<\/b><\/td>\n<\/tr>\n<tr>\n<th><b>\u00a0<\/b><\/th>\n<td><b>\u00a0<\/b><\/td>\n<td style=\"vertical-align: top;\" rowspan=\"1\"><\/td>\n<td><b>\u00a0<\/b><\/td>\n<\/tr>\n<tr>\n<th><b>10:30\u00a0<\/b><\/th>\n<td><b>\u00a0<\/b><\/td>\n<td style=\"vertical-align: top;\" rowspan=\"1\"><\/td>\n<td><b>\u00a0<\/b><\/td>\n<\/tr>\n<tr>\n<th><b>\u00a0<\/b><\/th>\n<td><b>\u00a0<\/b><\/td>\n<td><b>\u00a0<\/b><\/td>\n<td style=\"vertical-align: top;\" rowspan=\"1\"><\/td>\n<td><b>\u00a0<\/b><\/td>\n<\/tr>\n<tr>\n<th><b>\u00a0<\/b><\/th>\n<td><b>\u00a0<\/b><\/td>\n<td><b>\u00a0<\/b><\/td>\n<td style=\"vertical-align: top;\" rowspan=\"1\"><\/td>\n<td><b>\u00a0<\/b><\/td>\n<\/tr>\n<tr>\n<th><b>\u00a0<\/b><\/th>\n<td><b>\u00a0<\/b><\/td>\n<td><b>\u00a0<\/b><\/td>\n<td style=\"vertical-align: top;\" rowspan=\"1\"><\/td>\n<td><b>\u00a0<\/b><\/td>\n<\/tr>\n<tr>\n<th><b>\u00a0<\/b><\/th>\n<td><b>\u00a0<\/b><\/td>\n<td><b>\u00a0<\/b><\/td>\n<td style=\"vertical-align: top;\" rowspan=\"1\"><\/td>\n<td><b>\u00a0<\/b><\/td>\n<\/tr>\n<tr>\n<th>12:30<\/th>\n<td><b>\u00a0<\/b><\/td>\n<td><b>\u00a0<\/b><\/td>\n<td style=\"vertical-align: top;\"><\/td>\n<td><b>\u00a0<\/b><\/td>\n<\/tr>\n<\/tbody>\n<\/table>\n<h3>Comisi\u00f3n 130 (Todas las ingenier\u00edas)<\/h3>\n<table class=\"table1\" border=\"0\">\n<thead>\n<tr>\n<th><b>\u00a0<\/b><\/th>\n<th>Lunes<\/th>\n<th>Martes<\/th>\n<th>Mi\u00e9rcoles<\/th>\n<th>Jueves<\/th>\n<th>Viernes<\/th>\n<\/tr>\n<\/thead>\n<tbody>\n<tr>\n<th>12:45<\/th>\n<td><b>\u00a0<\/b><\/td>\n<td><b>\u00a0<\/b><\/td>\n<td><b>\u00a0<\/b><\/td>\n<td class=\"mat_10\" rowspan=\"6\">F\u00edsica II<br \/>\n<b>\u00a0<\/b><br \/>\nAula: Anf. F\u00edsica Pell.<br \/>\nLucci, F.<br \/>\nZanetti, L.<br \/>\n\u00c1vila, M.<\/td>\n<td><b>\u00a0<\/b><\/td>\n<\/tr>\n<tr>\n<th><b>\u00a0<\/b><\/th>\n<td><b>\u00a0<\/b><\/td>\n<td><b>\u00a0<\/b><\/td>\n<td><b>\u00a0<\/b><\/td>\n<td><b>\u00a0<\/b><\/td>\n<\/tr>\n<tr>\n<th><b>\u00a0<\/b><\/th>\n<td><b>\u00a0<\/b><\/td>\n<td><b>\u00a0<\/b><\/td>\n<td><b>\u00a0<\/b><\/td>\n<td><b>\u00a0<\/b><\/td>\n<\/tr>\n<tr>\n<th><b>\u00a0<\/b><\/th>\n<td><b>\u00a0<\/b><\/td>\n<td><b>\u00a0<\/b><\/td>\n<td><b>\u00a0<\/b><\/td>\n<td><b>\u00a0<\/b><\/td>\n<\/tr>\n<tr>\n<th><b>\u00a0<\/b><\/th>\n<td><b>\u00a0<\/b><\/td>\n<td><b>\u00a0<\/b><\/td>\n<td><b>\u00a0<\/b><\/td>\n<td><b>\u00a0<\/b><\/td>\n<\/tr>\n<tr>\n<th>14:45<\/th>\n<td><b>\u00a0<\/b><\/td>\n<td><b>\u00a0<\/b><\/td>\n<td><b>\u00a0<\/b><\/td>\n<td><b>\u00a0<\/b><\/td>\n<\/tr>\n<tr>\n<th><b>\u00a0<\/b><\/th>\n<td><b>\u00a0<\/b><\/td>\n<td class=\"mat_10\" rowspan=\"6\">F\u00edsica II<br \/>\n<b>\u00a0<\/b><br \/>\nAula: 11 Pell.<\/td>\n<td><b>\u00a0<\/b><\/td>\n<td><b>\u00a0<\/b><\/td>\n<td class=\"mat_10\" rowspan=\"9\">F\u00edsica II<br \/>\n<b>\u00a0<\/b><br \/>\nAula: 27 Pell.<\/td>\n<\/tr>\n<tr>\n<th><b>\u00a0<\/b><\/th>\n<td><b>\u00a0<\/b><\/td>\n<td><b>\u00a0<\/b><\/td>\n<td><b>\u00a0<\/b><\/td>\n<\/tr>\n<tr>\n<th><b>\u00a0<\/b><\/th>\n<td><b>\u00a0<\/b><\/td>\n<td><b>\u00a0<\/b><\/td>\n<td><b>\u00a0<\/b><\/td>\n<\/tr>\n<tr>\n<th><b>\u00a0<\/b><\/th>\n<td><b>\u00a0<\/b><\/td>\n<td><b>\u00a0<\/b><\/td>\n<td><b>\u00a0<\/b><\/td>\n<\/tr>\n<tr>\n<th><b>\u00a0<\/b><\/th>\n<td><b>\u00a0<\/b><\/td>\n<td><b>\u00a0<\/b><\/td>\n<td><b>\u00a0<\/b><\/td>\n<\/tr>\n<tr>\n<th>16:45<\/th>\n<td><b>\u00a0<\/b><\/td>\n<td><b>\u00a0<\/b><\/td>\n<td><b>\u00a0<\/b><\/td>\n<\/tr>\n<tr>\n<th><b>\u00a0<\/b><\/th>\n<td><b>\u00a0<\/b><\/td>\n<td><b>\u00a0<\/b><\/td>\n<td><b>\u00a0<\/b><\/td>\n<td><b>\u00a0<\/b><\/td>\n<\/tr>\n<tr>\n<th><b>\u00a0<\/b><\/th>\n<td><b>\u00a0<\/b><\/td>\n<td><b>\u00a0<\/b><\/td>\n<td><b>\u00a0<\/b><\/td>\n<td><b>\u00a0<\/b><\/td>\n<\/tr>\n<tr>\n<th>17:45<\/th>\n<td><b>\u00a0<\/b><\/td>\n<td><b>\u00a0<\/b><\/td>\n<td><b>\u00a0<\/b><\/td>\n<td><b>\u00a0<\/b><\/td>\n<\/tr>\n<\/tbody>\n<\/table>\n<h3>Comisi\u00f3n 140\u00a0(Todas las ingenier\u00edas)<\/h3>\n<table class=\"table1\" border=\"0\">\n<thead>\n<tr>\n<th><b>\u00a0<\/b><\/th>\n<th>Lunes<\/th>\n<th>Martes<\/th>\n<th>Mi\u00e9rcoles<\/th>\n<th>Jueves<\/th>\n<th>Viernes<\/th>\n<\/tr>\n<\/thead>\n<tbody>\n<tr>\n<th style=\"vertical-align: top;\">10:30<\/th>\n<td style=\"vertical-align: top;\"><\/td>\n<td class=\"mat_10\" style=\"vertical-align: middle;\" colspan=\"1\" rowspan=\"9\">F\u00edsica II<br \/>\n<b>\u00a0<\/b><br \/>\nAula: 27 Pell.<br \/>\nGallegos, J.<br \/>\nde Sanctis, M. L.<br \/>\nRaviola, L.<\/td>\n<td style=\"vertical-align: top;\"><\/td>\n<td style=\"vertical-align: top;\"><\/td>\n<td style=\"vertical-align: top;\"><\/td>\n<\/tr>\n<tr>\n<th style=\"vertical-align: top;\"><b>\u00a0<\/b><\/th>\n<td style=\"vertical-align: top;\"><\/td>\n<td style=\"vertical-align: top;\"><\/td>\n<td style=\"vertical-align: top;\"><\/td>\n<td style=\"vertical-align: top;\"><\/td>\n<\/tr>\n<tr>\n<th style=\"vertical-align: top;\"><b>\u00a0<\/b><\/th>\n<td style=\"vertical-align: top;\"><\/td>\n<td style=\"vertical-align: top;\"><\/td>\n<td style=\"vertical-align: top;\"><\/td>\n<td style=\"vertical-align: top;\"><\/td>\n<\/tr>\n<tr>\n<th>11:30<\/th>\n<td class=\"mat_10\" colspan=\"1\" rowspan=\"6\">F\u00edsica II<br \/>\n<b>\u00a0<\/b><br \/>\nAula: 03 Pell.<b><br \/>\n<\/b><\/td>\n<td><b>\u00a0<\/b><\/td>\n<td><b>\u00a0<\/b><\/td>\n<td><b>\u00a0<\/b><\/td>\n<\/tr>\n<tr>\n<th><b>\u00a0<\/b><\/th>\n<td><b>\u00a0<\/b><\/td>\n<td><b>\u00a0<\/b><\/td>\n<td><b>\u00a0<\/b><\/td>\n<\/tr>\n<tr>\n<th><b>\u00a0<\/b><\/th>\n<td><b>\u00a0<\/b><\/td>\n<td><b>\u00a0<\/b><\/td>\n<td><b>\u00a0<\/b><\/td>\n<\/tr>\n<tr>\n<th>12:45<\/th>\n<td><b>\u00a0<\/b><\/td>\n<td class=\"mat_10\" colspan=\"1\" rowspan=\"6\">F\u00edsica II<br \/>\n<b>\u00a0<\/b><br \/>\nAula: 17 Pell.<b><\/b><b><br \/>\n<\/b><\/td>\n<td class=\"\" rowspan=\"1\"><\/td>\n<\/tr>\n<tr>\n<th><b>\u00a0<\/b><\/th>\n<td><b>\u00a0<\/b><\/td>\n<td style=\"vertical-align: top;\" rowspan=\"1\"><\/td>\n<\/tr>\n<tr>\n<th class=\"fin\">13:45<\/th>\n<td><b>\u00a0<\/b><\/td>\n<td style=\"vertical-align: top;\" rowspan=\"1\"><\/td>\n<\/tr>\n<tr>\n<th><b>\u00a0<\/b><\/th>\n<td><b>\u00a0<\/b><\/td>\n<td><b>\u00a0<\/b><\/td>\n<td><b>\u00a0<\/b><\/td>\n<td style=\"vertical-align: top;\" rowspan=\"1\"><\/td>\n<\/tr>\n<tr>\n<th><b>\u00a0<\/b><\/th>\n<td><b>\u00a0<\/b><\/td>\n<td><b>\u00a0<\/b><\/td>\n<td><b>\u00a0<\/b><\/td>\n<td style=\"vertical-align: top;\" rowspan=\"1\"><\/td>\n<\/tr>\n<tr>\n<th>14:45<\/th>\n<td><b>\u00a0<\/b><\/td>\n<td><b>\u00a0<\/b><\/td>\n<td><b>\u00a0<\/b><\/td>\n<td style=\"vertical-align: top;\"><\/td>\n<\/tr>\n<\/tbody>\n<\/table>\n<h3>Comisi\u00f3n 150 (Todas las ingenier\u00edas)<\/h3>\n<table class=\"table1\" border=\"0\">\n<thead>\n<tr>\n<th><b>\u00a0<\/b><\/th>\n<th>Lunes<\/th>\n<th>Martes<\/th>\n<th>Mi\u00e9rcoles<\/th>\n<th>Jueves<\/th>\n<th>Viernes<\/th>\n<\/tr>\n<\/thead>\n<tbody>\n<tr>\n<th>15:45<\/th>\n<td><b>\u00a0<\/b><\/td>\n<td><b>\u00a0<\/b><\/td>\n<td class=\"\" rowspan=\"1\"><\/td>\n<td><b>\u00a0<\/b><\/td>\n<td><b>\u00a0<\/b><\/td>\n<\/tr>\n<tr>\n<th><b>\u00a0<\/b><\/th>\n<td><b>\u00a0<\/b><\/td>\n<td><b>\u00a0<\/b><\/td>\n<td style=\"vertical-align: top;\" rowspan=\"1\"><\/td>\n<td><b>\u00a0<\/b><\/td>\n<td><b>\u00a0<\/b><\/td>\n<\/tr>\n<tr>\n<th><b>\u00a0<\/b><\/th>\n<td><b>\u00a0<\/b><\/td>\n<td><b>\u00a0<\/b><\/td>\n<td style=\"vertical-align: top;\" rowspan=\"1\"><\/td>\n<td><b>\u00a0<\/b><\/td>\n<td><b>\u00a0<\/b><\/td>\n<\/tr>\n<tr>\n<th>16:45<\/th>\n<td><b>\u00a0<\/b><\/td>\n<td class=\"mat_10\" rowspan=\"9\">F\u00edsica II<br \/>\n<b>\u00a0<\/b><br \/>\nAula: 27 Pell.<br \/>\nMachado, R.<br \/>\nRaviola, L.<br \/>\nIbaceta, D.<\/td>\n<td style=\"vertical-align: top;\" rowspan=\"1\"><\/td>\n<td class=\"\" rowspan=\"1\"><\/td>\n<td class=\"mat_10\" colspan=\"1\" rowspan=\"6\">F\u00edsica II<br \/>\n<b>\u00a0<\/b><br \/>\nAula:24 Pell.\u00a0<b><br \/>\n<\/b><\/td>\n<\/tr>\n<tr>\n<th><b>\u00a0<\/b><\/th>\n<td><b>\u00a0<\/b><\/td>\n<td style=\"vertical-align: top;\" rowspan=\"1\"><\/td>\n<td style=\"vertical-align: top;\" rowspan=\"1\"><\/td>\n<\/tr>\n<tr>\n<th><b>\u00a0<\/b><\/th>\n<td><b>\u00a0<\/b><\/td>\n<td style=\"vertical-align: top;\"><\/td>\n<td style=\"vertical-align: top;\" rowspan=\"1\"><\/td>\n<\/tr>\n<tr>\n<th><b>\u00a0<\/b><\/th>\n<td><b>\u00a0<\/b><\/td>\n<td><b>\u00a0<\/b><\/td>\n<td style=\"vertical-align: top;\" rowspan=\"1\"><\/td>\n<\/tr>\n<tr>\n<th><b>\u00a0<\/b><\/th>\n<td><b>\u00a0<\/b><\/td>\n<td><b>\u00a0<\/b><\/td>\n<td style=\"vertical-align: top;\" rowspan=\"1\"><\/td>\n<\/tr>\n<tr>\n<th class=\"fin\">19:00<\/th>\n<td><b>\u00a0<\/b><\/td>\n<td><b>\u00a0<\/b><\/td>\n<td style=\"vertical-align: top;\"><\/td>\n<\/tr>\n<tr>\n<th><b>\u00a0<\/b><\/th>\n<td><b>\u00a0<\/b><\/td>\n<td><b>\u00a0<\/b><\/td>\n<td class=\"mat_10\" colspan=\"1\" rowspan=\"6\">F\u00edsica II<br \/>\n<b>\u00a0<\/b><br \/>\nAula: 31 Pell.<\/td>\n<td><b>\u00a0<\/b><\/td>\n<\/tr>\n<tr>\n<th><b>\u00a0<\/b><\/th>\n<td><b>\u00a0<\/b><\/td>\n<td><b>\u00a0<\/b><\/td>\n<td><b>\u00a0<\/b><\/td>\n<\/tr>\n<tr>\n<th>20:00<\/th>\n<td><b>\u00a0<\/b><\/td>\n<td><b>\u00a0<\/b><\/td>\n<td><b>\u00a0<\/b><\/td>\n<\/tr>\n<tr>\n<th style=\"vertical-align: top;\"><b>\u00a0<\/b><\/th>\n<td style=\"vertical-align: top;\"><\/td>\n<td style=\"vertical-align: top;\"><\/td>\n<td style=\"vertical-align: top;\"><\/td>\n<td style=\"vertical-align: top;\"><\/td>\n<\/tr>\n<tr>\n<th style=\"vertical-align: top;\"><b>\u00a0<\/b><\/th>\n<td style=\"vertical-align: top;\"><\/td>\n<td style=\"vertical-align: top;\"><\/td>\n<td style=\"vertical-align: top;\"><\/td>\n<td style=\"vertical-align: top;\"><\/td>\n<\/tr>\n<tr>\n<th style=\"vertical-align: top;\">21:00<\/th>\n<td style=\"vertical-align: top;\"><\/td>\n<td style=\"vertical-align: top;\"><\/td>\n<td style=\"vertical-align: top;\"><\/td>\n<td style=\"vertical-align: top;\"><\/td>\n<\/tr>\n<\/tbody>\n<\/table>\n<p>&nbsp;<\/p>\n","protected":false},"excerpt":{"rendered":"<p>Comisi\u00f3n 110 (Todas las ingenier\u00edas) \u00a0 Lunes Martes Mi\u00e9rcoles Jueves Viernes 7:30 \u00a0 \u00a0 F\u00edsica II \u00a0 Aula: Anf. F\u00edsica Pell. Gallegos, <\/p>\n","protected":false},"author":123457,"featured_media":0,"parent":0,"menu_order":0,"comment_status":"closed","ping_status":"closed","template":"","meta":[],"_links":{"self":[{"href":"https:\/\/www.fceia.unr.edu.ar\/estudiantil\/index.php?rest_route=\/wp\/v2\/pages\/17423"}],"collection":[{"href":"https:\/\/www.fceia.unr.edu.ar\/estudiantil\/index.php?rest_route=\/wp\/v2\/pages"}],"about":[{"href":"https:\/\/www.fceia.unr.edu.ar\/estudiantil\/index.php?rest_route=\/wp\/v2\/types\/page"}],"author":[{"embeddable":true,"href":"https:\/\/www.fceia.unr.edu.ar\/estudiantil\/index.php?rest_route=\/wp\/v2\/users\/123457"}],"replies":[{"embeddable":true,"href":"https:\/\/www.fceia.unr.edu.ar\/estudiantil\/index.php?rest_route=%2Fwp%2Fv2%2Fcomments&post=17423"}],"version-history":[{"count":10,"href":"https:\/\/www.fceia.unr.edu.ar\/estudiantil\/index.php?rest_route=\/wp\/v2\/pages\/17423\/revisions"}],"predecessor-version":[{"id":17795,"href":"https:\/\/www.fceia.unr.edu.ar\/estudiantil\/index.php?rest_route=\/wp\/v2\/pages\/17423\/revisions\/17795"}],"wp:attachment":[{"href":"https:\/\/www.fceia.unr.edu.ar\/estudiantil\/index.php?rest_route=%2Fwp%2Fv2%2Fmedia&parent=17423"}],"curies":[{"name":"wp","href":"https:\/\/api.w.org\/{rel}","templated":true}]}}