{"id":17389,"date":"2026-02-11T14:29:43","date_gmt":"2026-02-11T14:29:43","guid":{"rendered":"https:\/\/www.fceia.unr.edu.ar\/estudiantil\/?page_id=17389"},"modified":"2026-03-12T14:07:00","modified_gmt":"2026-03-12T14:07:00","slug":"horarios-1er-semestre-2026","status":"publish","type":"page","link":"https:\/\/www.fceia.unr.edu.ar\/estudiantil\/?page_id=17389","title":{"rendered":"Horarios 1er semestre 2026"},"content":{"rendered":"<h3>Ingenier\u00edas ciclo B\u00e1sico<\/h3>\n<ul>\n<li><a href=\"https:\/\/www.fceia.unr.edu.ar\/estudiantil\/?page_id=17396\" target=\"_blank\" rel=\"noopener\">1er a\u00f1o &#8211; 1er cuatrimestre \u00a6 \u00c1lgebra y Geometr\u00eda &#8211; C\u00e1lculo I<\/a><\/li>\n<li><a href=\"https:\/\/www.fceia.unr.edu.ar\/estudiantil\/?page_id=17404\" target=\"_blank\" rel=\"noopener\">1er a\u00f1o &#8211; 1er cuatrimestre \u00a6 Introducci\u00f3n a la Matem\u00e1tica<\/a><\/li>\n<li><a href=\"https:\/\/www.fceia.unr.edu.ar\/estudiantil\/?page_id=17408\" target=\"_blank\" rel=\"noopener\">1er a\u00f1o &#8211; 2do cuatrimestre<\/a><\/li>\n<li><a href=\"https:\/\/www.fceia.unr.edu.ar\/estudiantil\/?page_id=17411\" target=\"_blank\" rel=\"noopener\">2do a\u00f1o &#8211; 3er cuatrimestre<\/a><\/li>\n<li><a href=\"https:\/\/www.fceia.unr.edu.ar\/estudiantil\/?page_id=17416\" target=\"_blank\" rel=\"noopener\">2do a\u00f1o &#8211; 4to cuatrimestre<\/a><\/li>\n<\/ul>\n<h3>Ingenier\u00edas Ciclo Superior<\/h3>\n<ul>\n<li><a href=\"https:\/\/www.fceia.unr.edu.ar\/estudiantil\/?page_id=17450\" target=\"_blank\" rel=\"noopener\">AGRIMENSURA<\/a><\/li>\n<li><a href=\"https:\/\/www.fceia.unr.edu.ar\/estudiantil\/?page_id=17452\" target=\"_blank\" rel=\"noopener\">INGENIER\u00cdA CIVIL<\/a><\/li>\n<li><a href=\"https:\/\/www.fceia.unr.edu.ar\/estudiantil\/?page_id=17454\" target=\"_blank\" rel=\"noopener\">INGENIER\u00cdA EL\u00c9CTRICA<\/a><\/li>\n<li><a href=\"https:\/\/www.fceia.unr.edu.ar\/estudiantil\/?page_id=17456\" target=\"_blank\" rel=\"noopener\">INGENIER\u00cdA ELECTR\u00d3NICA<\/a><\/li>\n<li><a href=\"https:\/\/www.fceia.unr.edu.ar\/estudiantil\/?page_id=17458\" target=\"_blank\" rel=\"noopener\">INGENIER\u00cdA INDUSTRIAL<\/a><\/li>\n<li><a href=\"https:\/\/www.fceia.unr.edu.ar\/estudiantil\/?page_id=17460\" target=\"_blank\" rel=\"noopener\">INGENIER\u00cdA MEC\u00c1NICA<\/a><\/li>\n<li><a href=\"https:\/\/www.fceia.unr.edu.ar\/estudiantil\/?page_id=17462\" target=\"_blank\" rel=\"noopener\">INGLES<\/a><\/li>\n<\/ul>\n<h3>Licenciaturas y profesorados<\/h3>\n<ul>\n<li><a href=\"https:\/\/www.fceia.unr.edu.ar\/estudiantil\/?page_id=17497\" target=\"_blank\" rel=\"noopener\">Licenciaturas y profesorados 1er a\u00f1o &#8211; 1er cuatrimestre 2026<\/a><\/li>\n<li><a href=\"https:\/\/www.fceia.unr.edu.ar\/estudiantil\/?page_id=17499\" target=\"_blank\" rel=\"noopener\">Licenciaturas y profesorados 1er a\u00f1o &#8211; 2do cuatrimestre 2026<\/a><\/li>\n<li><a href=\"https:\/\/www.fceia.unr.edu.ar\/estudiantil\/?page_id=17478\" target=\"_blank\" rel=\"noopener\">LICENCIATURA EN CIENCIAS DE LA COMPUTACI\u00d3N<\/a><\/li>\n<li><a href=\"https:\/\/www.fceia.unr.edu.ar\/estudiantil\/?page_id=17480\" target=\"_blank\" rel=\"noopener\">LICENCIATURA EN F\u00cdSICA<\/a><\/li>\n<li><a href=\"https:\/\/www.fceia.unr.edu.ar\/estudiantil\/?page_id=17482\" target=\"_blank\" rel=\"noopener\">LICENCIATURA EN MATEM\u00c1TICA<\/a><\/li>\n<li><a href=\"https:\/\/www.fceia.unr.edu.ar\/estudiantil\/?page_id=17486\" target=\"_blank\" rel=\"noopener\">PROFESORADO EN F\u00cdSICA<\/a><\/li>\n<li><a href=\"https:\/\/www.fceia.unr.edu.ar\/estudiantil\/?page_id=17484\" target=\"_blank\" rel=\"noopener\">PROFESORADO EN MATEM\u00c1TICA<\/a><\/li>\n<\/ul>\n<h3>Tecnicaturas<\/h3>\n<ul>\n<li><a href=\"https:\/\/www.fceia.unr.edu.ar\/estudiantil\/?page_id=17475\" target=\"_blank\" rel=\"noopener\">TECNICATURA UNIVERSITARIA EN INTELIGENCIA ARTIFICIAL<\/a><\/li>\n<\/ul>\n","protected":false},"excerpt":{"rendered":"<p>Ingenier\u00edas ciclo B\u00e1sico 1er a\u00f1o &#8211; 1er cuatrimestre \u00a6 \u00c1lgebra y Geometr\u00eda &#8211; C\u00e1lculo I 1er a\u00f1o &#8211; 1er cuatrimestre \u00a6 Introducci\u00f3n <\/p>\n","protected":false},"author":123457,"featured_media":0,"parent":17369,"menu_order":0,"comment_status":"closed","ping_status":"closed","template":"","meta":[],"_links":{"self":[{"href":"https:\/\/www.fceia.unr.edu.ar\/estudiantil\/index.php?rest_route=\/wp\/v2\/pages\/17389"}],"collection":[{"href":"https:\/\/www.fceia.unr.edu.ar\/estudiantil\/index.php?rest_route=\/wp\/v2\/pages"}],"about":[{"href":"https:\/\/www.fceia.unr.edu.ar\/estudiantil\/index.php?rest_route=\/wp\/v2\/types\/page"}],"author":[{"embeddable":true,"href":"https:\/\/www.fceia.unr.edu.ar\/estudiantil\/index.php?rest_route=\/wp\/v2\/users\/123457"}],"replies":[{"embeddable":true,"href":"https:\/\/www.fceia.unr.edu.ar\/estudiantil\/index.php?rest_route=%2Fwp%2Fv2%2Fcomments&post=17389"}],"version-history":[{"count":25,"href":"https:\/\/www.fceia.unr.edu.ar\/estudiantil\/index.php?rest_route=\/wp\/v2\/pages\/17389\/revisions"}],"predecessor-version":[{"id":17513,"href":"https:\/\/www.fceia.unr.edu.ar\/estudiantil\/index.php?rest_route=\/wp\/v2\/pages\/17389\/revisions\/17513"}],"up":[{"embeddable":true,"href":"https:\/\/www.fceia.unr.edu.ar\/estudiantil\/index.php?rest_route=\/wp\/v2\/pages\/17369"}],"wp:attachment":[{"href":"https:\/\/www.fceia.unr.edu.ar\/estudiantil\/index.php?rest_route=%2Fwp%2Fv2%2Fmedia&parent=17389"}],"curies":[{"name":"wp","href":"https:\/\/api.w.org\/{rel}","templated":true}]}}