{"id":17369,"date":"2026-02-11T13:34:51","date_gmt":"2026-02-11T13:34:51","guid":{"rendered":"https:\/\/www.fceia.unr.edu.ar\/estudiantil\/?page_id=17369"},"modified":"2026-02-11T13:35:40","modified_gmt":"2026-02-11T13:35:40","slug":"info-academica","status":"publish","type":"page","link":"https:\/\/www.fceia.unr.edu.ar\/estudiantil\/?page_id=17369","title":{"rendered":"Info Acad\u00e9mica"},"content":{"rendered":"<p>Informaci\u00f3n acad\u00e9mica<\/p>\n","protected":false},"excerpt":{"rendered":"<p>Informaci\u00f3n acad\u00e9mica<\/p>\n","protected":false},"author":123457,"featured_media":0,"parent":39,"menu_order":0,"comment_status":"closed","ping_status":"closed","template":"","meta":[],"_links":{"self":[{"href":"https:\/\/www.fceia.unr.edu.ar\/estudiantil\/index.php?rest_route=\/wp\/v2\/pages\/17369"}],"collection":[{"href":"https:\/\/www.fceia.unr.edu.ar\/estudiantil\/index.php?rest_route=\/wp\/v2\/pages"}],"about":[{"href":"https:\/\/www.fceia.unr.edu.ar\/estudiantil\/index.php?rest_route=\/wp\/v2\/types\/page"}],"author":[{"embeddable":true,"href":"https:\/\/www.fceia.unr.edu.ar\/estudiantil\/index.php?rest_route=\/wp\/v2\/users\/123457"}],"replies":[{"embeddable":true,"href":"https:\/\/www.fceia.unr.edu.ar\/estudiantil\/index.php?rest_route=%2Fwp%2Fv2%2Fcomments&post=17369"}],"version-history":[{"count":1,"href":"https:\/\/www.fceia.unr.edu.ar\/estudiantil\/index.php?rest_route=\/wp\/v2\/pages\/17369\/revisions"}],"predecessor-version":[{"id":17370,"href":"https:\/\/www.fceia.unr.edu.ar\/estudiantil\/index.php?rest_route=\/wp\/v2\/pages\/17369\/revisions\/17370"}],"up":[{"embeddable":true,"href":"https:\/\/www.fceia.unr.edu.ar\/estudiantil\/index.php?rest_route=\/wp\/v2\/pages\/39"}],"wp:attachment":[{"href":"https:\/\/www.fceia.unr.edu.ar\/estudiantil\/index.php?rest_route=%2Fwp%2Fv2%2Fmedia&parent=17369"}],"curies":[{"name":"wp","href":"https:\/\/api.w.org\/{rel}","templated":true}]}}